{"id":282,"date":"2025-06-26T08:27:24","date_gmt":"2025-06-26T06:27:24","guid":{"rendered":"https:\/\/pi.host9.slyde.dk\/comida-para-mascotas\/"},"modified":"2025-10-27T10:40:50","modified_gmt":"2025-10-27T09:40:50","slug":"comida-para-mascotas","status":"publish","type":"page","link":"https:\/\/processintegration.dk\/es\/sectores\/comida-para-mascotas\/","title":{"rendered":"Alimentos para Mascotas"},"content":{"rendered":"\t\t<div data-elementor-type=\"wp-post\" data-elementor-id=\"282\" class=\"elementor elementor-282 elementor-173\" data-elementor-post-type=\"page\">\n\t\t\t\t<div data-dce-background-image-url=\"https:\/\/processintegration.dk\/wp-content\/uploads\/2025\/06\/Pet-Food.jpg\" class=\"elementor-element elementor-element-0302405 e-con-full e-flex e-con e-parent\" data-id=\"0302405\" data-element_type=\"container\" data-e-type=\"container\" data-settings=\"{&quot;background_background&quot;:&quot;classic&quot;}\">\n\t\t\t\t<\/div>\n\t\t<div class=\"elementor-element elementor-element-a063d11 e-flex e-con-boxed e-con e-parent\" data-id=\"a063d11\" data-element_type=\"container\" data-e-type=\"container\">\n\t\t\t\t\t<div class=\"e-con-inner\">\n\t\t\t\t<div class=\"elementor-element elementor-element-edb51df elementor-widget elementor-widget-breadcrumbs\" data-id=\"edb51df\" data-element_type=\"widget\" data-e-type=\"widget\" data-widget_type=\"breadcrumbs.default\">\n\t\t\t\t<div class=\"elementor-widget-container\">\n\t\t\t\t\t<nav aria-label=\"breadcrumbs\" class=\"rank-math-breadcrumb\"><p><span class=\"last\">Home<\/span><\/p><\/nav>\t\t\t\t<\/div>\n\t\t\t\t<\/div>\n\t\t\t\t<div class=\"elementor-element elementor-element-af5f340 elementor-widget elementor-widget-heading\" data-id=\"af5f340\" data-element_type=\"widget\" data-e-type=\"widget\" data-widget_type=\"heading.default\">\n\t\t\t\t<div class=\"elementor-widget-container\">\n\t\t\t\t\t<h2 class=\"elementor-heading-title elementor-size-default\">Alimentos para Mascotas<\/h2>\t\t\t\t<\/div>\n\t\t\t\t<\/div>\n\t\t\t\t<div class=\"elementor-element elementor-element-33eee3d elementor-widget elementor-widget-text-editor\" data-id=\"33eee3d\" data-element_type=\"widget\" data-e-type=\"widget\" data-widget_type=\"text-editor.default\">\n\t\t\t\t<div class=\"elementor-widget-container\">\n\t\t\t\t\t\t\t\t\t<p>La industria de alimentos para animales de compa\u00f1\u00eda se enfrenta a exigencias muy elevadas en cuanto a seguridad del producto, calidad y rendimiento animal.<\/p><p>Las normas de higiene y los par\u00e1metros de elaboraci\u00f3n de los alimentos son muy estrictos y cambian constantemente debido a las exigencias del usuario final. Las normas medioambientales tambi\u00e9n est\u00e1n cambiando a gran velocidad.<br><br>Ser capaz de gestionar las nuevas normas manteniendo al mismo tiempo unos niveles de higiene y seguridad elevados en toda la cadena de valor se est\u00e1 convirtiendo en un reto cada vez mayor. Las necesidades de trazabilidad completa y de informaci\u00f3n espec\u00edfica hasta la bolsa ejercen presi\u00f3n sobre el lugar de fabricaci\u00f3n.<br><br><strong>El rendimiento de la producci\u00f3n y el control de costes son fundamentales para cualquier empresa; tanto si quieres optimizar una sola l\u00ednea de procesamiento como construir una f\u00e1brica nueva, trabajaremos contigo para identificar la mejor soluci\u00f3n para tu producci\u00f3n y minimizar el coste del ciclo de vida de la instalaci\u00f3n.<\/strong><br><br>Al mismo tiempo, cada vez hay m\u00e1s harinas proteicas, amino\u00e1cidos y micro y macrominerales para mejorar la calidad del producto.<br><br>Esto significa que hay que construir instalaciones de producci\u00f3n y mejorarlas para adaptarlas a las necesidades futuras. Las actualizaciones deben adaptarse para satisfacer las demandas futuras y adaptarse al crecimiento, y seguir garantizando la seguridad y la calidad del producto.<br><br>Partiendo de los retos espec\u00edficos a los que se enfrenta tu empresa, ya se trate de la optimizaci\u00f3n de una sola m\u00e1quina, de la l\u00ednea de procesamiento completa o de la construcci\u00f3n de toda una f\u00e1brica nueva, Process Integration trabaja contigo para identificar la mejor soluci\u00f3n para tu producci\u00f3n, y asegurarse de que se realizar\u00e1 seg\u00fan lo previsto.<\/p>\t\t\t\t\t\t\t\t<\/div>\n\t\t\t\t<\/div>\n\t\t\t\t\t<\/div>\n\t\t\t\t<\/div>\n\t\t<div class=\"elementor-element elementor-element-a6cfbd9 e-flex e-con-boxed e-con e-parent\" data-id=\"a6cfbd9\" data-element_type=\"container\" data-e-type=\"container\" data-settings=\"{&quot;background_background&quot;:&quot;classic&quot;}\">\n\t\t\t\t\t<div class=\"e-con-inner\">\n\t\t\t\t<div class=\"elementor-element elementor-element-ae182be elementor-widget elementor-widget-heading\" data-id=\"ae182be\" data-element_type=\"widget\" data-e-type=\"widget\" data-widget_type=\"heading.default\">\n\t\t\t\t<div class=\"elementor-widget-container\">\n\t\t\t\t\t<h2 class=\"elementor-heading-title elementor-size-default\">Otras industrias con las que trabajamos<\/h2>\t\t\t\t<\/div>\n\t\t\t\t<\/div>\n\t\t<div class=\"elementor-element elementor-element-6756c40 e-con-full e-flex e-con e-child\" data-id=\"6756c40\" data-element_type=\"container\" data-e-type=\"container\">\n\t\t\t\t<div class=\"elementor-element elementor-element-6233181 elementor-widget elementor-widget-button\" data-id=\"6233181\" data-element_type=\"widget\" data-e-type=\"widget\" data-widget_type=\"button.default\">\n\t\t\t\t<div class=\"elementor-widget-container\">\n\t\t\t\t\t\t\t\t\t<div class=\"elementor-button-wrapper\">\n\t\t\t\t\t<a class=\"elementor-button elementor-button-link elementor-size-sm\" href=\"https:\/\/processintegration.dk\/es\/sectores\/aqua-feed\/\">\n\t\t\t\t\t\t<span class=\"elementor-button-content-wrapper\">\n\t\t\t\t\t\t\t\t\t<span class=\"elementor-button-text\">Aqua Feed<\/span>\n\t\t\t\t\t<\/span>\n\t\t\t\t\t<\/a>\n\t\t\t\t<\/div>\n\t\t\t\t\t\t\t\t<\/div>\n\t\t\t\t<\/div>\n\t\t\t\t<div class=\"elementor-element elementor-element-22a0946 elementor-widget elementor-widget-button\" data-id=\"22a0946\" data-element_type=\"widget\" data-e-type=\"widget\" data-widget_type=\"button.default\">\n\t\t\t\t<div class=\"elementor-widget-container\">\n\t\t\t\t\t\t\t\t\t<div class=\"elementor-button-wrapper\">\n\t\t\t\t\t<a class=\"elementor-button elementor-button-link elementor-size-sm\" href=\"https:\/\/processintegration.dk\/es\/sectores\/proteinas-sostenibles\/\">\n\t\t\t\t\t\t<span class=\"elementor-button-content-wrapper\">\n\t\t\t\t\t\t\t\t\t<span class=\"elementor-button-text\">Prote\u00ednas Sostenibles<\/span>\n\t\t\t\t\t<\/span>\n\t\t\t\t\t<\/a>\n\t\t\t\t<\/div>\n\t\t\t\t\t\t\t\t<\/div>\n\t\t\t\t<\/div>\n\t\t\t\t<div class=\"elementor-element elementor-element-7aab324 elementor-widget elementor-widget-button\" data-id=\"7aab324\" data-element_type=\"widget\" data-e-type=\"widget\" data-widget_type=\"button.default\">\n\t\t\t\t<div class=\"elementor-widget-container\">\n\t\t\t\t\t\t\t\t\t<div class=\"elementor-button-wrapper\">\n\t\t\t\t\t<a class=\"elementor-button elementor-button-link elementor-size-sm\" href=\"https:\/\/processintegration.dk\/es\/sectores\/alimentos-y-bebidas-liquidos\/\">\n\t\t\t\t\t\t<span class=\"elementor-button-content-wrapper\">\n\t\t\t\t\t\t\t\t\t<span class=\"elementor-button-text\">Alimentos y bebidas l\u00edquidos<\/span>\n\t\t\t\t\t<\/span>\n\t\t\t\t\t<\/a>\n\t\t\t\t<\/div>\n\t\t\t\t\t\t\t\t<\/div>\n\t\t\t\t<\/div>\n\t\t\t\t<\/div>\n\t\t\t\t\t<\/div>\n\t\t\t\t<\/div>\n\t\t\t\t<\/div>\n\t\t","protected":false},"excerpt":{"rendered":"<p>Home Alimentos para Mascotas La industria de alimentos para animales de compa\u00f1\u00eda se enfrenta a exigencias muy elevadas en cuanto a seguridad del producto, calidad y rendimiento animal. Las normas de higiene y los par\u00e1metros de elaboraci\u00f3n de los alimentos son muy estrictos y cambian constantemente debido a las exigencias del usuario final. Las normas [&hellip;]<\/p>\n","protected":false},"author":1,"featured_media":0,"parent":2254,"menu_order":0,"comment_status":"closed","ping_status":"closed","template":"","meta":{"_acf_changed":false,"footnotes":""},"class_list":["post-282","page","type-page","status-publish","hentry"],"acf":[],"_links":{"self":[{"href":"https:\/\/processintegration.dk\/es\/wp-json\/wp\/v2\/pages\/282","targetHints":{"allow":["GET"]}}],"collection":[{"href":"https:\/\/processintegration.dk\/es\/wp-json\/wp\/v2\/pages"}],"about":[{"href":"https:\/\/processintegration.dk\/es\/wp-json\/wp\/v2\/types\/page"}],"author":[{"embeddable":true,"href":"https:\/\/processintegration.dk\/es\/wp-json\/wp\/v2\/users\/1"}],"replies":[{"embeddable":true,"href":"https:\/\/processintegration.dk\/es\/wp-json\/wp\/v2\/comments?post=282"}],"version-history":[{"count":8,"href":"https:\/\/processintegration.dk\/es\/wp-json\/wp\/v2\/pages\/282\/revisions"}],"predecessor-version":[{"id":2240,"href":"https:\/\/processintegration.dk\/es\/wp-json\/wp\/v2\/pages\/282\/revisions\/2240"}],"up":[{"embeddable":true,"href":"https:\/\/processintegration.dk\/es\/wp-json\/wp\/v2\/pages\/2254"}],"wp:attachment":[{"href":"https:\/\/processintegration.dk\/es\/wp-json\/wp\/v2\/media?parent=282"}],"curies":[{"name":"wp","href":"https:\/\/api.w.org\/{rel}","templated":true}]}}