{"id":277,"date":"2025-06-26T08:32:49","date_gmt":"2025-06-26T06:32:49","guid":{"rendered":"https:\/\/pi.host9.slyde.dk\/proteinas-sostenibles\/"},"modified":"2025-10-27T10:40:50","modified_gmt":"2025-10-27T09:40:50","slug":"proteinas-sostenibles","status":"publish","type":"page","link":"https:\/\/processintegration.dk\/es\/sectores\/proteinas-sostenibles\/","title":{"rendered":"Prote\u00ednas Sostenibles"},"content":{"rendered":"\t\t<div data-elementor-type=\"wp-post\" data-elementor-id=\"277\" class=\"elementor elementor-277 elementor-180\" data-elementor-post-type=\"page\">\n\t\t\t\t<div data-dce-background-image-url=\"https:\/\/processintegration.dk\/wp-content\/uploads\/2025\/06\/Sustainable-Proteins_72--scaled.jpg\" class=\"elementor-element elementor-element-0302405 e-con-full e-flex e-con e-parent\" data-id=\"0302405\" data-element_type=\"container\" data-e-type=\"container\" data-settings=\"{&quot;background_background&quot;:&quot;classic&quot;}\">\n\t\t\t\t<\/div>\n\t\t<div class=\"elementor-element elementor-element-a063d11 e-flex e-con-boxed e-con e-parent\" data-id=\"a063d11\" data-element_type=\"container\" data-e-type=\"container\">\n\t\t\t\t\t<div class=\"e-con-inner\">\n\t\t\t\t<div class=\"elementor-element elementor-element-e3f0c5f elementor-widget elementor-widget-breadcrumbs\" data-id=\"e3f0c5f\" data-element_type=\"widget\" data-e-type=\"widget\" data-widget_type=\"breadcrumbs.default\">\n\t\t\t\t<div class=\"elementor-widget-container\">\n\t\t\t\t\t<nav aria-label=\"breadcrumbs\" class=\"rank-math-breadcrumb\"><p><span class=\"last\">Home<\/span><\/p><\/nav>\t\t\t\t<\/div>\n\t\t\t\t<\/div>\n\t\t\t\t<div class=\"elementor-element elementor-element-af5f340 elementor-widget elementor-widget-heading\" data-id=\"af5f340\" data-element_type=\"widget\" data-e-type=\"widget\" data-widget_type=\"heading.default\">\n\t\t\t\t<div class=\"elementor-widget-container\">\n\t\t\t\t\t<h1 class=\"elementor-heading-title elementor-size-default\">Prote\u00ednas Sostenibles<\/h1>\t\t\t\t<\/div>\n\t\t\t\t<\/div>\n\t\t\t\t<div class=\"elementor-element elementor-element-ebc15e3 elementor-widget elementor-widget-heading\" data-id=\"ebc15e3\" data-element_type=\"widget\" data-e-type=\"widget\" data-widget_type=\"heading.default\">\n\t\t\t\t<div class=\"elementor-widget-container\">\n\t\t\t\t\t<h2 class=\"elementor-heading-title elementor-size-default\">Los aditivos para piensos y los piensos funcionales en forma de prote\u00ednas y otros compuestos son un factor cada vez m\u00e1s importante para encontrar nuevas formas m\u00e1s sostenibles de aumentar el rendimiento, optimizar la conversi\u00f3n de los piensos y mejorar la salud mediante la nutrici\u00f3n animal.<\/h2>\t\t\t\t<\/div>\n\t\t\t\t<\/div>\n\t\t\t\t<div class=\"elementor-element elementor-element-33eee3d elementor-widget elementor-widget-text-editor\" data-id=\"33eee3d\" data-element_type=\"widget\" data-e-type=\"widget\" data-widget_type=\"text-editor.default\">\n\t\t\t\t<div class=\"elementor-widget-container\">\n\t\t\t\t\t\t\t\t\t<p>La fabricaci\u00f3n eficiente de fuentes alternativas de prote\u00ednas para la alimentaci\u00f3n animal tiene el potencial de aumentar en gran medida la sostenibilidad de la producci\u00f3n mundial de alimentos al disminuir la dependencia de materias primas escasas y aumentar el control de costes de la producci\u00f3n de piensos.<\/p><p><strong>Lars Johansen, director general, dice:<\/strong><\/p><p><strong>\u00abNuestro trabajo consiste en apoyar y permitir a nuestros socios desarrollar productos sostenibles e innovadores y llevarlos al mercado de forma r\u00e1pida y eficaz, mediante soluciones que proporcionen el mejor rendimiento a largo plazo por inversi\u00f3n de capital\u00bb<\/strong><\/p><p>La industria est\u00e1 impulsada por la innovaci\u00f3n y se desarrolla r\u00e1pidamente. Las instalaciones de producci\u00f3n deben ser extremadamente adaptables para acomodarse al ritmo al que se desarrollan nuevos productos. Al mismo tiempo, deben cumplirse normas higi\u00e9nicas, de seguridad y medioambientales muy estrictas. La transparencia y la visibilidad de la producci\u00f3n y la trazabilidad de toda la cadena de valor son cruciales para garantizar la credibilidad.<\/p><p>Partiendo de los retos espec\u00edficos a los que se enfrenta tu empresa, ya se trate de la optimizaci\u00f3n de una sola m\u00e1quina, de la l\u00ednea de procesamiento completa o de la construcci\u00f3n de toda una f\u00e1brica nueva, Process Integration trabaja contigo para identificar la mejor soluci\u00f3n para tu producci\u00f3n, y asegurarse de que se realizar\u00e1 seg\u00fan lo previsto.<\/p>\t\t\t\t\t\t\t\t<\/div>\n\t\t\t\t<\/div>\n\t\t\t\t\t<\/div>\n\t\t\t\t<\/div>\n\t\t<div class=\"elementor-element elementor-element-a6cfbd9 e-flex e-con-boxed e-con e-parent\" data-id=\"a6cfbd9\" data-element_type=\"container\" data-e-type=\"container\" data-settings=\"{&quot;background_background&quot;:&quot;classic&quot;}\">\n\t\t\t\t\t<div class=\"e-con-inner\">\n\t\t\t\t<div class=\"elementor-element elementor-element-ae182be elementor-widget elementor-widget-heading\" data-id=\"ae182be\" data-element_type=\"widget\" data-e-type=\"widget\" data-widget_type=\"heading.default\">\n\t\t\t\t<div class=\"elementor-widget-container\">\n\t\t\t\t\t<h2 class=\"elementor-heading-title elementor-size-default\">Otras industrias con las que trabajamos<\/h2>\t\t\t\t<\/div>\n\t\t\t\t<\/div>\n\t\t<div class=\"elementor-element elementor-element-10bd1191 e-con-full e-flex e-con e-child\" data-id=\"10bd1191\" data-element_type=\"container\" data-e-type=\"container\">\n\t\t\t\t<div class=\"elementor-element elementor-element-75e5406b elementor-widget elementor-widget-button\" data-id=\"75e5406b\" data-element_type=\"widget\" data-e-type=\"widget\" data-widget_type=\"button.default\">\n\t\t\t\t<div class=\"elementor-widget-container\">\n\t\t\t\t\t\t\t\t\t<div class=\"elementor-button-wrapper\">\n\t\t\t\t\t<a class=\"elementor-button elementor-button-link elementor-size-sm\" href=\"https:\/\/processintegration.dk\/es\/sectores\/aqua-feed\/\">\n\t\t\t\t\t\t<span class=\"elementor-button-content-wrapper\">\n\t\t\t\t\t\t\t\t\t<span class=\"elementor-button-text\">Aqua Feed<\/span>\n\t\t\t\t\t<\/span>\n\t\t\t\t\t<\/a>\n\t\t\t\t<\/div>\n\t\t\t\t\t\t\t\t<\/div>\n\t\t\t\t<\/div>\n\t\t\t\t<div class=\"elementor-element elementor-element-1fe6260a elementor-widget elementor-widget-button\" data-id=\"1fe6260a\" data-element_type=\"widget\" data-e-type=\"widget\" data-widget_type=\"button.default\">\n\t\t\t\t<div class=\"elementor-widget-container\">\n\t\t\t\t\t\t\t\t\t<div class=\"elementor-button-wrapper\">\n\t\t\t\t\t<a class=\"elementor-button elementor-button-link elementor-size-sm\" href=\"https:\/\/processintegration.dk\/es\/sectores\/comida-para-mascotas\/\">\n\t\t\t\t\t\t<span class=\"elementor-button-content-wrapper\">\n\t\t\t\t\t\t\t\t\t<span class=\"elementor-button-text\">Alimentos para Mascotas<\/span>\n\t\t\t\t\t<\/span>\n\t\t\t\t\t<\/a>\n\t\t\t\t<\/div>\n\t\t\t\t\t\t\t\t<\/div>\n\t\t\t\t<\/div>\n\t\t\t\t<div class=\"elementor-element elementor-element-3dc1533 elementor-widget elementor-widget-button\" data-id=\"3dc1533\" data-element_type=\"widget\" data-e-type=\"widget\" data-widget_type=\"button.default\">\n\t\t\t\t<div class=\"elementor-widget-container\">\n\t\t\t\t\t\t\t\t\t<div class=\"elementor-button-wrapper\">\n\t\t\t\t\t<a class=\"elementor-button elementor-button-link elementor-size-sm\" href=\"https:\/\/processintegration.dk\/es\/sectores\/alimentos-y-bebidas-liquidos\/\">\n\t\t\t\t\t\t<span class=\"elementor-button-content-wrapper\">\n\t\t\t\t\t\t\t\t\t<span class=\"elementor-button-text\">Alimentos y bebidas l\u00edquidos<\/span>\n\t\t\t\t\t<\/span>\n\t\t\t\t\t<\/a>\n\t\t\t\t<\/div>\n\t\t\t\t\t\t\t\t<\/div>\n\t\t\t\t<\/div>\n\t\t\t\t<\/div>\n\t\t\t\t\t<\/div>\n\t\t\t\t<\/div>\n\t\t\t\t<\/div>\n\t\t","protected":false},"excerpt":{"rendered":"<p>Home Prote\u00ednas Sostenibles Los aditivos para piensos y los piensos funcionales en forma de prote\u00ednas y otros compuestos son un factor cada vez m\u00e1s importante para encontrar nuevas formas m\u00e1s sostenibles de aumentar el rendimiento, optimizar la conversi\u00f3n de los piensos y mejorar la salud mediante la nutrici\u00f3n animal. La fabricaci\u00f3n eficiente de fuentes alternativas [&hellip;]<\/p>\n","protected":false},"author":1,"featured_media":0,"parent":2254,"menu_order":0,"comment_status":"closed","ping_status":"closed","template":"","meta":{"_acf_changed":false,"footnotes":""},"class_list":["post-277","page","type-page","status-publish","hentry"],"acf":[],"_links":{"self":[{"href":"https:\/\/processintegration.dk\/es\/wp-json\/wp\/v2\/pages\/277","targetHints":{"allow":["GET"]}}],"collection":[{"href":"https:\/\/processintegration.dk\/es\/wp-json\/wp\/v2\/pages"}],"about":[{"href":"https:\/\/processintegration.dk\/es\/wp-json\/wp\/v2\/types\/page"}],"author":[{"embeddable":true,"href":"https:\/\/processintegration.dk\/es\/wp-json\/wp\/v2\/users\/1"}],"replies":[{"embeddable":true,"href":"https:\/\/processintegration.dk\/es\/wp-json\/wp\/v2\/comments?post=277"}],"version-history":[{"count":7,"href":"https:\/\/processintegration.dk\/es\/wp-json\/wp\/v2\/pages\/277\/revisions"}],"predecessor-version":[{"id":2241,"href":"https:\/\/processintegration.dk\/es\/wp-json\/wp\/v2\/pages\/277\/revisions\/2241"}],"up":[{"embeddable":true,"href":"https:\/\/processintegration.dk\/es\/wp-json\/wp\/v2\/pages\/2254"}],"wp:attachment":[{"href":"https:\/\/processintegration.dk\/es\/wp-json\/wp\/v2\/media?parent=277"}],"curies":[{"name":"wp","href":"https:\/\/api.w.org\/{rel}","templated":true}]}}