{"id":2450,"date":"2025-11-28T07:27:47","date_gmt":"2025-11-28T06:27:47","guid":{"rendered":"https:\/\/processintegration.dk\/acerca-de-pi\/adquirida-por-j-tec\/"},"modified":"2026-02-05T15:09:52","modified_gmt":"2026-02-05T14:09:52","slug":"adquirida-por-j-tec","status":"publish","type":"page","link":"https:\/\/processintegration.dk\/es\/acerca-de-pi\/adquirida-por-j-tec\/","title":{"rendered":"Adquirida por J-Tec"},"content":{"rendered":"\t\t<div data-elementor-type=\"wp-post\" data-elementor-id=\"2450\" class=\"elementor elementor-2450 elementor-2425\" data-elementor-post-type=\"page\">\n\t\t\t\t<div data-dce-background-image-url=\"https:\/\/processintegration.dk\/wp-content\/uploads\/2025\/11\/Aquire_v2_top.jpg\" class=\"elementor-element elementor-element-0302405 e-con-full e-flex e-con e-parent\" data-id=\"0302405\" data-element_type=\"container\" data-e-type=\"container\" data-settings=\"{&quot;background_background&quot;:&quot;classic&quot;}\">\n\t\t<div class=\"elementor-element elementor-element-c0a7da9 e-flex e-con-boxed e-con e-child\" data-id=\"c0a7da9\" data-element_type=\"container\" data-e-type=\"container\">\n\t\t\t\t\t<div class=\"e-con-inner\">\n\t\t\t\t<div class=\"elementor-element elementor-element-4c7fd40 elementor-widget__width-initial elementor-widget elementor-widget-heading\" data-id=\"4c7fd40\" data-element_type=\"widget\" data-e-type=\"widget\" data-widget_type=\"heading.default\">\n\t\t\t\t<div class=\"elementor-widget-container\">\n\t\t\t\t\t<h1 class=\"elementor-heading-title elementor-size-default\">Integraci\u00f3n de Procesos se une a J-Tec Material Handling<\/h1>\t\t\t\t<\/div>\n\t\t\t\t<\/div>\n\t\t\t\t\t<\/div>\n\t\t\t\t<\/div>\n\t\t\t\t<\/div>\n\t\t<div class=\"elementor-element elementor-element-a063d11 e-flex e-con-boxed e-con e-parent\" data-id=\"a063d11\" data-element_type=\"container\" data-e-type=\"container\">\n\t\t\t\t\t<div class=\"e-con-inner\">\n\t\t\t\t<div class=\"elementor-element elementor-element-dfc2f07 elementor-widget elementor-widget-breadcrumbs\" data-id=\"dfc2f07\" data-element_type=\"widget\" data-e-type=\"widget\" data-widget_type=\"breadcrumbs.default\">\n\t\t\t\t<div class=\"elementor-widget-container\">\n\t\t\t\t\t<nav aria-label=\"breadcrumbs\" class=\"rank-math-breadcrumb\"><p><span class=\"last\">Home<\/span><\/p><\/nav>\t\t\t\t<\/div>\n\t\t\t\t<\/div>\n\t\t\t\t<div class=\"elementor-element elementor-element-af5f340 elementor-widget elementor-widget-heading\" data-id=\"af5f340\" data-element_type=\"widget\" data-e-type=\"widget\" data-widget_type=\"heading.default\">\n\t\t\t\t<div class=\"elementor-widget-container\">\n\t\t\t\t\t<h1 class=\"elementor-heading-title elementor-size-default\">Un nuevo cap\u00edtulo que refuerza <br>nuestras capacidades y el valor que aportamos<\/h1>\t\t\t\t<\/div>\n\t\t\t\t<\/div>\n\t\t\t\t<div class=\"elementor-element elementor-element-33eee3d elementor-widget elementor-widget-text-editor\" data-id=\"33eee3d\" data-element_type=\"widget\" data-e-type=\"widget\" data-widget_type=\"text-editor.default\">\n\t\t\t\t<div class=\"elementor-widget-container\">\n\t\t\t\t\t\t\t\t\t<p data-start=\"130\" data-end=\"546\">Process Integration ha entrado en una nueva fase de su desarrollo. Tras m\u00e1s de diez a\u00f1os de crecimiento continuo, la empresa forma parte ahora de J-Tec Material Handling, especialista internacional en ingenier\u00eda con una larga trayectoria en soluciones t\u00e9cnicas de procesos. La nueva propiedad refuerza nuestra profundidad t\u00e9cnica, nuestros recursos y nuestra capacidad de apoyar a los clientes con una experiencia a\u00fan mayor en las industrias alimentaria y de piensos.  <\/p><p data-start=\"548\" data-end=\"769\">Este a\u00f1o se celebra el 10\u00ba aniversario de Process Integration. Formar parte de J-Tec es una forma significativa de mirar hacia el futuro: ampl\u00eda nuestros conocimientos colectivos y refuerza las soluciones que ofrecemos hoy y en el futuro. <\/p><p data-start=\"771\" data-end=\"1133\">Seg\u00fan el director general Lars Johansen, la asociaci\u00f3n es una extensi\u00f3n natural de lo que Process Integration ha construido hasta ahora.<br data-start=\"887\" data-end=\"890\"><strong data-start=\"890\" data-end=\"1133\">\u00abProcess Integration y J-Tec comparten la misma pasi\u00f3n por la calidad, las asociaciones a largo plazo y la excelencia t\u00e9cnica. Unir nuestras fuerzas nos permite ampliar nuestras competencias y nuestras soluciones t\u00e9cnico-procesales en beneficio de nuestros clientes.\u00bb<\/strong><\/p><p data-start=\"1135\" data-end=\"1354\">Process Integration contin\u00faa sin cambios en sus operaciones diarias. Nuestro equipo, estructura y valores siguen siendo los mismos, y seguimos plenamente comprometidos con la entrega de proyectos de alta calidad que creen valor real para nuestros clientes. <\/p><p data-start=\"1356\" data-end=\"1456\"><strong data-start=\"1356\" data-end=\"1369\">Propiedad<\/strong><br data-start=\"1369\" data-end=\"1372\">J-Tec Material Handling se convirti\u00f3 en propietaria de Process Integration el 25 de noviembre de 2025.<\/p><p data-start=\"1458\" data-end=\"1721\"><strong data-start=\"1458\" data-end=\"1491\">Acerca de J-Tec Material Handling<\/strong><br data-start=\"1491\" data-end=\"1494\">&#8211; Proveedor de soluciones t\u00e9cnicas de proceso para las industrias alimentaria y qu\u00edmica<br data-start=\"1572\" data-end=\"1575\">&#8211; Fundada en 1970; forma parte del Grupo Katoen Natie desde 1999<br data-start=\"1635\" data-end=\"1638\">&#8211; Con sede en B\u00e9lgica y oficinas en Espa\u00f1a, Tailandia y Estados Unidos.<\/p><p data-start=\"1723\" data-end=\"1959\"><strong data-start=\"1723\" data-end=\"1752\">Acerca de Process Integration<\/strong><br data-start=\"1752\" data-end=\"1755\">&#8211; Desarrollador de soluciones de proceso especializadas para las industrias alimentaria y de piensos<br data-start=\"1832\" data-end=\"1835\">&#8211; Fundada en 2015 por Lars Johansen y Sti L\u00f8vgreen<br data-start=\"1886\" data-end=\"1889\">&#8211; 100 empleados en Dinamarca, Chile, Noruega y Estados Unidos.<\/p><p data-start=\"1961\" data-end=\"2077\" data-is-last-node=\"\" data-is-only-node=\"\">Si tienes alguna pregunta, puedes ponerte en contacto con:<br data-start=\"2003\" data-end=\"2006\"> Lars<strong data-start=\"2006\" data-end=\"2049\">Johansen, Director General de Integraci\u00f3n de Procesos<\/strong><br data-start=\"2049\" data-end=\"2052\"><a class=\"decorated-link cursor-pointer\" rel=\"noopener\" data-start=\"2052\" data-end=\"2077\" data-is-last-node=\"\">LJO@processintegration.dk<\/a><\/p>\t\t\t\t\t\t\t\t<\/div>\n\t\t\t\t<\/div>\n\t\t\t\t\t<\/div>\n\t\t\t\t<\/div>\n\t\t<div data-dce-background-color=\"#9AB9D3\" class=\"elementor-element elementor-element-6bf87e48 e-flex e-con-boxed e-con e-parent\" data-id=\"6bf87e48\" data-element_type=\"container\" data-e-type=\"container\" data-settings=\"{&quot;background_background&quot;:&quot;gradient&quot;}\">\n\t\t\t\t\t<div class=\"e-con-inner\">\n\t\t<div class=\"elementor-element elementor-element-66e4d369 e-con-full e-flex e-con e-child\" data-id=\"66e4d369\" data-element_type=\"container\" data-e-type=\"container\">\n\t\t<div class=\"elementor-element elementor-element-2354bc03 e-con-full e-flex e-con e-child\" data-id=\"2354bc03\" data-element_type=\"container\" data-e-type=\"container\">\n\t\t\t\t<div class=\"elementor-element elementor-element-5aad6bbe elementor-widget elementor-widget-heading\" data-id=\"5aad6bbe\" data-element_type=\"widget\" data-e-type=\"widget\" data-widget_type=\"heading.default\">\n\t\t\t\t<div class=\"elementor-widget-container\">\n\t\t\t\t\t<h2 class=\"elementor-heading-title elementor-size-default\">GRUPO DE INTEGRACI\u00d3N DE PROCESOS<\/h2>\t\t\t\t<\/div>\n\t\t\t\t<\/div>\n\t\t\t\t<div class=\"elementor-element elementor-element-5b4f92d elementor-widget elementor-widget-text-editor\" data-id=\"5b4f92d\" data-element_type=\"widget\" data-e-type=\"widget\" data-widget_type=\"text-editor.default\">\n\t\t\t\t<div class=\"elementor-widget-container\">\n\t\t\t\t\t\t\t\t\t<p>Desde 2015, cuando fundamos nuestro negocio en Dinamarca, hemos crecido y ahora tenemos representaci\u00f3n en cuatro pa\u00edses.<\/p>\t\t\t\t\t\t\t\t<\/div>\n\t\t\t\t<\/div>\n\t\t\t\t<\/div>\n\t\t<div class=\"elementor-element elementor-element-289c8ef4 e-con-full e-flex e-con e-child\" data-id=\"289c8ef4\" data-element_type=\"container\" data-e-type=\"container\">\n\t\t\t\t<div class=\"elementor-element elementor-element-1b37a0cf dce_masking-none elementor-widget elementor-widget-image\" data-id=\"1b37a0cf\" data-element_type=\"widget\" data-e-type=\"widget\" data-widget_type=\"image.default\">\n\t\t\t\t<div class=\"elementor-widget-container\">\n\t\t\t\t\t\t\t\t\t\t\t\t\t\t\t<img fetchpriority=\"high\" decoding=\"async\" width=\"800\" height=\"222\" src=\"https:\/\/processintegration.dk\/wp-content\/uploads\/2025\/07\/PI_map-1024x284.png\" class=\"attachment-large size-large wp-image-503\" alt=\"\" srcset=\"https:\/\/processintegration.dk\/wp-content\/uploads\/2025\/07\/PI_map-1024x284.png 1024w, https:\/\/processintegration.dk\/wp-content\/uploads\/2025\/07\/PI_map-300x83.png 300w, https:\/\/processintegration.dk\/wp-content\/uploads\/2025\/07\/PI_map-768x213.png 768w, https:\/\/processintegration.dk\/wp-content\/uploads\/2025\/07\/PI_map.png 1200w\" sizes=\"(max-width: 800px) 100vw, 800px\" \/>\t\t\t\t\t\t\t\t\t\t\t\t\t\t\t<\/div>\n\t\t\t\t<\/div>\n\t\t\t\t<\/div>\n\t\t\t\t<\/div>\n\t\t\t\t\t<\/div>\n\t\t\t\t<\/div>\n\t\t\t\t<\/div>\n\t\t","protected":false},"excerpt":{"rendered":"<p>Integraci\u00f3n de Procesos se une a J-Tec Material Handling Home Un nuevo cap\u00edtulo que refuerza nuestras capacidades y el valor que aportamos Process Integration ha entrado en una nueva fase de su desarrollo. Tras m\u00e1s de diez a\u00f1os de crecimiento continuo, la empresa forma parte ahora de J-Tec Material Handling, especialista internacional en ingenier\u00eda con [&hellip;]<\/p>\n","protected":false},"author":3,"featured_media":0,"parent":1151,"menu_order":0,"comment_status":"closed","ping_status":"closed","template":"","meta":{"_acf_changed":false,"footnotes":""},"class_list":["post-2450","page","type-page","status-publish","hentry"],"acf":[],"_links":{"self":[{"href":"https:\/\/processintegration.dk\/es\/wp-json\/wp\/v2\/pages\/2450","targetHints":{"allow":["GET"]}}],"collection":[{"href":"https:\/\/processintegration.dk\/es\/wp-json\/wp\/v2\/pages"}],"about":[{"href":"https:\/\/processintegration.dk\/es\/wp-json\/wp\/v2\/types\/page"}],"author":[{"embeddable":true,"href":"https:\/\/processintegration.dk\/es\/wp-json\/wp\/v2\/users\/3"}],"replies":[{"embeddable":true,"href":"https:\/\/processintegration.dk\/es\/wp-json\/wp\/v2\/comments?post=2450"}],"version-history":[{"count":6,"href":"https:\/\/processintegration.dk\/es\/wp-json\/wp\/v2\/pages\/2450\/revisions"}],"predecessor-version":[{"id":2566,"href":"https:\/\/processintegration.dk\/es\/wp-json\/wp\/v2\/pages\/2450\/revisions\/2566"}],"up":[{"embeddable":true,"href":"https:\/\/processintegration.dk\/es\/wp-json\/wp\/v2\/pages\/1151"}],"wp:attachment":[{"href":"https:\/\/processintegration.dk\/es\/wp-json\/wp\/v2\/media?parent=2450"}],"curies":[{"name":"wp","href":"https:\/\/api.w.org\/{rel}","templated":true}]}}