{"id":2243,"date":"2025-09-10T09:00:58","date_gmt":"2025-09-10T07:00:58","guid":{"rendered":"https:\/\/processintegration.dk\/servicios-2\/"},"modified":"2025-10-27T10:27:47","modified_gmt":"2025-10-27T09:27:47","slug":"servicios-2","status":"publish","type":"page","link":"https:\/\/processintegration.dk\/es\/servicios-2\/","title":{"rendered":"Servicios"},"content":{"rendered":"\t\t<div data-elementor-type=\"wp-post\" data-elementor-id=\"2243\" class=\"elementor elementor-2243 elementor-1949\" data-elementor-post-type=\"page\">\n\t\t\t\t<div data-dce-background-image-url=\"https:\/\/processintegration.dk\/wp-content\/uploads\/2025\/07\/How-we-work_1.jpg\" class=\"elementor-element elementor-element-0302405 e-con-full e-flex e-con e-parent\" data-id=\"0302405\" data-element_type=\"container\" data-e-type=\"container\" data-settings=\"{&quot;background_background&quot;:&quot;classic&quot;}\">\n\t\t\t\t<\/div>\n\t\t<div class=\"elementor-element elementor-element-a063d11 e-flex e-con-boxed e-con e-parent\" data-id=\"a063d11\" data-element_type=\"container\" data-e-type=\"container\" data-settings=\"{&quot;background_background&quot;:&quot;classic&quot;}\">\n\t\t\t\t\t<div class=\"e-con-inner\">\n\t\t<div class=\"elementor-element elementor-element-051e99d e-con-full e-flex e-con e-child\" data-id=\"051e99d\" data-element_type=\"container\" data-e-type=\"container\">\n\t\t<div class=\"elementor-element elementor-element-ae6579f e-con-full e-flex e-con e-child\" data-id=\"ae6579f\" data-element_type=\"container\" data-e-type=\"container\">\n\t\t\t\t<div class=\"elementor-element elementor-element-00562c9 elementor-widget elementor-widget-breadcrumbs\" data-id=\"00562c9\" data-element_type=\"widget\" data-e-type=\"widget\" data-widget_type=\"breadcrumbs.default\">\n\t\t\t\t<div class=\"elementor-widget-container\">\n\t\t\t\t\t<nav aria-label=\"breadcrumbs\" class=\"rank-math-breadcrumb\"><p><span class=\"last\">Home<\/span><\/p><\/nav>\t\t\t\t<\/div>\n\t\t\t\t<\/div>\n\t\t\t\t<div class=\"elementor-element elementor-element-af5f340 elementor-widget elementor-widget-heading\" data-id=\"af5f340\" data-element_type=\"widget\" data-e-type=\"widget\" data-widget_type=\"heading.default\">\n\t\t\t\t<div class=\"elementor-widget-container\">\n\t\t\t\t\t<h1 class=\"elementor-heading-title elementor-size-default\">Nuestros servicios<\/h1>\t\t\t\t<\/div>\n\t\t\t\t<\/div>\n\t\t\t\t<div class=\"elementor-element elementor-element-c27c3e3 elementor-widget elementor-widget-text-editor\" data-id=\"c27c3e3\" data-element_type=\"widget\" data-e-type=\"widget\" data-widget_type=\"text-editor.default\">\n\t\t\t\t<div class=\"elementor-widget-container\">\n\t\t\t\t\t\t\t\t\t<p>Trabajamos para optimizar los procesos de producci\u00f3n a fin de lograr la mayor eficacia posible, minimizando al mismo tiempo el impacto medioambiental y garantizando la viabilidad econ\u00f3mica.<\/p>\t\t\t\t\t\t\t\t<\/div>\n\t\t\t\t<\/div>\n\t\t\t\t<\/div>\n\t\t\t\t<\/div>\n\t\t\t\t\t<\/div>\n\t\t\t\t<\/div>\n\t\t<div class=\"elementor-element elementor-element-4975914 e-flex e-con-boxed e-con e-parent\" data-id=\"4975914\" data-element_type=\"container\" data-e-type=\"container\">\n\t\t\t\t\t<div class=\"e-con-inner\">\n\t\t<div class=\"elementor-element elementor-element-9f80437 e-con-full e-flex e-con e-child\" data-id=\"9f80437\" data-element_type=\"container\" data-e-type=\"container\">\n\t\t<a class=\"elementor-element elementor-element-2cfa01b e-con-full e-flex e-con e-child\" data-id=\"2cfa01b\" data-element_type=\"container\" data-e-type=\"container\" href=\"https:\/\/processintegration.dk\/services\/plant-and-process-design\/\">\n\t\t\t\t<div class=\"elementor-element elementor-element-6a16ffb dce_masking-none elementor-widget elementor-widget-image\" data-id=\"6a16ffb\" data-element_type=\"widget\" data-e-type=\"widget\" data-widget_type=\"image.default\">\n\t\t\t\t<div class=\"elementor-widget-container\">\n\t\t\t\t\t\t\t\t\t\t\t\t\t\t\t<img fetchpriority=\"high\" decoding=\"async\" width=\"800\" height=\"800\" src=\"https:\/\/processintegration.dk\/wp-content\/uploads\/2025\/06\/kyritz-billede-med-3d-scan-3.png\" class=\"attachment-large size-large wp-image-256\" alt=\"Dise\u00f1o 3D de plantas y procesos\" srcset=\"https:\/\/processintegration.dk\/wp-content\/uploads\/2025\/06\/kyritz-billede-med-3d-scan-3.png 800w, https:\/\/processintegration.dk\/wp-content\/uploads\/2025\/06\/kyritz-billede-med-3d-scan-3-300x300.png 300w, https:\/\/processintegration.dk\/wp-content\/uploads\/2025\/06\/kyritz-billede-med-3d-scan-3-150x150.png 150w, https:\/\/processintegration.dk\/wp-content\/uploads\/2025\/06\/kyritz-billede-med-3d-scan-3-768x768.png 768w\" sizes=\"(max-width: 800px) 100vw, 800px\" \/>\t\t\t\t\t\t\t\t\t\t\t\t\t\t\t<\/div>\n\t\t\t\t<\/div>\n\t\t<div class=\"elementor-element elementor-element-3f70ccf e-con-full e-flex e-con e-child\" data-id=\"3f70ccf\" data-element_type=\"container\" data-e-type=\"container\">\n\t\t\t\t<div class=\"elementor-element elementor-element-6d35ca7 elementor-widget elementor-widget-heading\" data-id=\"6d35ca7\" data-element_type=\"widget\" data-e-type=\"widget\" data-widget_type=\"heading.default\">\n\t\t\t\t<div class=\"elementor-widget-container\">\n\t\t\t\t\t<h2 class=\"elementor-heading-title elementor-size-default\">Dise\u00f1o de plantas y procesos<\/h2>\t\t\t\t<\/div>\n\t\t\t\t<\/div>\n\t\t\t\t<div class=\"elementor-element elementor-element-6e257a7 elementor-view-default elementor-widget elementor-widget-icon\" data-id=\"6e257a7\" data-element_type=\"widget\" data-e-type=\"widget\" data-widget_type=\"icon.default\">\n\t\t\t\t<div class=\"elementor-widget-container\">\n\t\t\t\t\t\t\t<div class=\"elementor-icon-wrapper\">\n\t\t\t<div class=\"elementor-icon\">\n\t\t\t<svg aria-hidden=\"true\" class=\"e-font-icon-svg e-fas-chevron-circle-right\" viewBox=\"0 0 512 512\" xmlns=\"http:\/\/www.w3.org\/2000\/svg\"><path d=\"M256 8c137 0 248 111 248 248S393 504 256 504 8 393 8 256 119 8 256 8zm113.9 231L234.4 103.5c-9.4-9.4-24.6-9.4-33.9 0l-17 17c-9.4 9.4-9.4 24.6 0 33.9L285.1 256 183.5 357.6c-9.4 9.4-9.4 24.6 0 33.9l17 17c9.4 9.4 24.6 9.4 33.9 0L369.9 273c9.4-9.4 9.4-24.6 0-34z\"><\/path><\/svg>\t\t\t<\/div>\n\t\t<\/div>\n\t\t\t\t\t\t<\/div>\n\t\t\t\t<\/div>\n\t\t\t\t<\/div>\n\t\t\t\t<\/a>\n\t\t<a class=\"elementor-element elementor-element-381dbe7 e-con-full e-flex e-con e-child\" data-id=\"381dbe7\" data-element_type=\"container\" data-e-type=\"container\" href=\"https:\/\/processintegration.dk\/project-management\/\">\n\t\t\t\t<div class=\"elementor-element elementor-element-bdd245d dce_masking-none elementor-widget elementor-widget-image\" data-id=\"bdd245d\" data-element_type=\"widget\" data-e-type=\"widget\" data-widget_type=\"image.default\">\n\t\t\t\t<div class=\"elementor-widget-container\">\n\t\t\t\t\t\t\t\t\t\t\t\t\t\t\t<img decoding=\"async\" width=\"800\" height=\"800\" src=\"https:\/\/processintegration.dk\/wp-content\/uploads\/2025\/06\/project-planning.jpg\" class=\"attachment-large size-large wp-image-254\" alt=\"Planificaci\u00f3n de proyectos en Integraci\u00f3n de Procesos\" srcset=\"https:\/\/processintegration.dk\/wp-content\/uploads\/2025\/06\/project-planning.jpg 800w, https:\/\/processintegration.dk\/wp-content\/uploads\/2025\/06\/project-planning-300x300.jpg 300w, https:\/\/processintegration.dk\/wp-content\/uploads\/2025\/06\/project-planning-150x150.jpg 150w, https:\/\/processintegration.dk\/wp-content\/uploads\/2025\/06\/project-planning-768x768.jpg 768w\" sizes=\"(max-width: 800px) 100vw, 800px\" \/>\t\t\t\t\t\t\t\t\t\t\t\t\t\t\t<\/div>\n\t\t\t\t<\/div>\n\t\t<div class=\"elementor-element elementor-element-d3854ea e-con-full e-flex e-con e-child\" data-id=\"d3854ea\" data-element_type=\"container\" data-e-type=\"container\">\n\t\t\t\t<div class=\"elementor-element elementor-element-b63c11b elementor-widget elementor-widget-heading\" data-id=\"b63c11b\" data-element_type=\"widget\" data-e-type=\"widget\" data-widget_type=\"heading.default\">\n\t\t\t\t<div class=\"elementor-widget-container\">\n\t\t\t\t\t<h2 class=\"elementor-heading-title elementor-size-default\">Gesti\u00f3n de proyectos<\/h2>\t\t\t\t<\/div>\n\t\t\t\t<\/div>\n\t\t\t\t<div class=\"elementor-element elementor-element-2fcc4e9 elementor-view-default elementor-widget elementor-widget-icon\" data-id=\"2fcc4e9\" data-element_type=\"widget\" data-e-type=\"widget\" data-widget_type=\"icon.default\">\n\t\t\t\t<div class=\"elementor-widget-container\">\n\t\t\t\t\t\t\t<div class=\"elementor-icon-wrapper\">\n\t\t\t<div class=\"elementor-icon\">\n\t\t\t<svg aria-hidden=\"true\" class=\"e-font-icon-svg e-fas-chevron-circle-right\" viewBox=\"0 0 512 512\" xmlns=\"http:\/\/www.w3.org\/2000\/svg\"><path d=\"M256 8c137 0 248 111 248 248S393 504 256 504 8 393 8 256 119 8 256 8zm113.9 231L234.4 103.5c-9.4-9.4-24.6-9.4-33.9 0l-17 17c-9.4 9.4-9.4 24.6 0 33.9L285.1 256 183.5 357.6c-9.4 9.4-9.4 24.6 0 33.9l17 17c9.4 9.4 24.6 9.4 33.9 0L369.9 273c9.4-9.4 9.4-24.6 0-34z\"><\/path><\/svg>\t\t\t<\/div>\n\t\t<\/div>\n\t\t\t\t\t\t<\/div>\n\t\t\t\t<\/div>\n\t\t\t\t<\/div>\n\t\t\t\t<\/a>\n\t\t<a class=\"elementor-element elementor-element-353da15 e-con-full e-flex e-con e-child\" data-id=\"353da15\" data-element_type=\"container\" data-e-type=\"container\" href=\"https:\/\/processintegration.dk\/services\/process-engineering\/\">\n\t\t\t\t<div class=\"elementor-element elementor-element-b10be95 e-transform dce_masking-none elementor-widget elementor-widget-image\" data-id=\"b10be95\" data-element_type=\"widget\" data-e-type=\"widget\" data-settings=\"{&quot;motion_fx_motion_fx_mouse&quot;:&quot;yes&quot;,&quot;_transform_translateX_effect&quot;:{&quot;unit&quot;:&quot;px&quot;,&quot;size&quot;:&quot;&quot;,&quot;sizes&quot;:[]},&quot;_transform_translateX_effect_tablet&quot;:{&quot;unit&quot;:&quot;px&quot;,&quot;size&quot;:&quot;&quot;,&quot;sizes&quot;:[]},&quot;_transform_translateX_effect_mobile&quot;:{&quot;unit&quot;:&quot;px&quot;,&quot;size&quot;:&quot;&quot;,&quot;sizes&quot;:[]},&quot;_transform_translateY_effect&quot;:{&quot;unit&quot;:&quot;px&quot;,&quot;size&quot;:&quot;&quot;,&quot;sizes&quot;:[]},&quot;_transform_translateY_effect_tablet&quot;:{&quot;unit&quot;:&quot;px&quot;,&quot;size&quot;:&quot;&quot;,&quot;sizes&quot;:[]},&quot;_transform_translateY_effect_mobile&quot;:{&quot;unit&quot;:&quot;px&quot;,&quot;size&quot;:&quot;&quot;,&quot;sizes&quot;:[]}}\" data-widget_type=\"image.default\">\n\t\t\t\t<div class=\"elementor-widget-container\">\n\t\t\t\t\t\t\t\t\t\t\t\t\t\t\t<img decoding=\"async\" width=\"800\" height=\"800\" src=\"https:\/\/processintegration.dk\/wp-content\/uploads\/2025\/06\/dscf0072.jpg\" class=\"attachment-large size-large wp-image-251\" alt=\"Dise\u00f1o de plantas y procesos en Integraci\u00f3n de Procesos\" srcset=\"https:\/\/processintegration.dk\/wp-content\/uploads\/2025\/06\/dscf0072.jpg 800w, https:\/\/processintegration.dk\/wp-content\/uploads\/2025\/06\/dscf0072-300x300.jpg 300w, https:\/\/processintegration.dk\/wp-content\/uploads\/2025\/06\/dscf0072-150x150.jpg 150w, https:\/\/processintegration.dk\/wp-content\/uploads\/2025\/06\/dscf0072-768x768.jpg 768w\" sizes=\"(max-width: 800px) 100vw, 800px\" \/>\t\t\t\t\t\t\t\t\t\t\t\t\t\t\t<\/div>\n\t\t\t\t<\/div>\n\t\t<div class=\"elementor-element elementor-element-987cc03 e-flex e-con-boxed e-con e-child\" data-id=\"987cc03\" data-element_type=\"container\" data-e-type=\"container\">\n\t\t\t\t\t<div class=\"e-con-inner\">\n\t\t\t\t<div class=\"elementor-element elementor-element-78c418a elementor-widget elementor-widget-heading\" data-id=\"78c418a\" data-element_type=\"widget\" data-e-type=\"widget\" data-widget_type=\"heading.default\">\n\t\t\t\t<div class=\"elementor-widget-container\">\n\t\t\t\t\t<h2 class=\"elementor-heading-title elementor-size-default\">Ingenier\u00eda de procesos<\/h2>\t\t\t\t<\/div>\n\t\t\t\t<\/div>\n\t\t\t\t<div class=\"elementor-element elementor-element-9c8eb2f elementor-view-default elementor-widget elementor-widget-icon\" data-id=\"9c8eb2f\" data-element_type=\"widget\" data-e-type=\"widget\" data-widget_type=\"icon.default\">\n\t\t\t\t<div class=\"elementor-widget-container\">\n\t\t\t\t\t\t\t<div class=\"elementor-icon-wrapper\">\n\t\t\t<div class=\"elementor-icon\">\n\t\t\t<svg aria-hidden=\"true\" class=\"e-font-icon-svg e-fas-chevron-circle-right\" viewBox=\"0 0 512 512\" xmlns=\"http:\/\/www.w3.org\/2000\/svg\"><path d=\"M256 8c137 0 248 111 248 248S393 504 256 504 8 393 8 256 119 8 256 8zm113.9 231L234.4 103.5c-9.4-9.4-24.6-9.4-33.9 0l-17 17c-9.4 9.4-9.4 24.6 0 33.9L285.1 256 183.5 357.6c-9.4 9.4-9.4 24.6 0 33.9l17 17c9.4 9.4 24.6 9.4 33.9 0L369.9 273c9.4-9.4 9.4-24.6 0-34z\"><\/path><\/svg>\t\t\t<\/div>\n\t\t<\/div>\n\t\t\t\t\t\t<\/div>\n\t\t\t\t<\/div>\n\t\t\t\t\t<\/div>\n\t\t\t\t<\/div>\n\t\t\t\t<\/a>\n\t\t<a class=\"elementor-element elementor-element-77ef672 e-con-full e-flex e-con e-child\" data-id=\"77ef672\" data-element_type=\"container\" data-e-type=\"container\" href=\"https:\/\/processintegration.dk\/services\/supervision-and-installation\/\">\n\t\t\t\t<div class=\"elementor-element elementor-element-4e7c354 dce_masking-none elementor-widget elementor-widget-image\" data-id=\"4e7c354\" data-element_type=\"widget\" data-e-type=\"widget\" data-widget_type=\"image.default\">\n\t\t\t\t<div class=\"elementor-widget-container\">\n\t\t\t\t\t\t\t\t\t\t\t\t\t\t\t<img loading=\"lazy\" decoding=\"async\" width=\"800\" height=\"800\" src=\"https:\/\/processintegration.dk\/wp-content\/uploads\/2025\/06\/img_8395.jpg\" class=\"attachment-large size-large wp-image-253\" alt=\"Dise\u00f1o de plantas y procesos\" srcset=\"https:\/\/processintegration.dk\/wp-content\/uploads\/2025\/06\/img_8395.jpg 800w, https:\/\/processintegration.dk\/wp-content\/uploads\/2025\/06\/img_8395-300x300.jpg 300w, https:\/\/processintegration.dk\/wp-content\/uploads\/2025\/06\/img_8395-150x150.jpg 150w, https:\/\/processintegration.dk\/wp-content\/uploads\/2025\/06\/img_8395-768x768.jpg 768w\" sizes=\"(max-width: 800px) 100vw, 800px\" \/>\t\t\t\t\t\t\t\t\t\t\t\t\t\t\t<\/div>\n\t\t\t\t<\/div>\n\t\t<div class=\"elementor-element elementor-element-fc880f8 e-con-full e-flex e-con e-child\" data-id=\"fc880f8\" data-element_type=\"container\" data-e-type=\"container\">\n\t\t\t\t<div class=\"elementor-element elementor-element-29b1973 elementor-widget elementor-widget-heading\" data-id=\"29b1973\" data-element_type=\"widget\" data-e-type=\"widget\" data-widget_type=\"heading.default\">\n\t\t\t\t<div class=\"elementor-widget-container\">\n\t\t\t\t\t<h2 class=\"elementor-heading-title elementor-size-default\">Supervisi\u00f3n e instalaci\u00f3n<\/h2>\t\t\t\t<\/div>\n\t\t\t\t<\/div>\n\t\t\t\t<div class=\"elementor-element elementor-element-3133bfc elementor-view-default elementor-widget elementor-widget-icon\" data-id=\"3133bfc\" data-element_type=\"widget\" data-e-type=\"widget\" data-widget_type=\"icon.default\">\n\t\t\t\t<div class=\"elementor-widget-container\">\n\t\t\t\t\t\t\t<div class=\"elementor-icon-wrapper\">\n\t\t\t<div class=\"elementor-icon\">\n\t\t\t<svg aria-hidden=\"true\" class=\"e-font-icon-svg e-fas-chevron-circle-right\" viewBox=\"0 0 512 512\" xmlns=\"http:\/\/www.w3.org\/2000\/svg\"><path d=\"M256 8c137 0 248 111 248 248S393 504 256 504 8 393 8 256 119 8 256 8zm113.9 231L234.4 103.5c-9.4-9.4-24.6-9.4-33.9 0l-17 17c-9.4 9.4-9.4 24.6 0 33.9L285.1 256 183.5 357.6c-9.4 9.4-9.4 24.6 0 33.9l17 17c9.4 9.4 24.6 9.4 33.9 0L369.9 273c9.4-9.4 9.4-24.6 0-34z\"><\/path><\/svg>\t\t\t<\/div>\n\t\t<\/div>\n\t\t\t\t\t\t<\/div>\n\t\t\t\t<\/div>\n\t\t\t\t<\/div>\n\t\t\t\t<\/a>\n\t\t<a class=\"elementor-element elementor-element-6d0f86e e-con-full e-flex e-con e-child\" data-id=\"6d0f86e\" data-element_type=\"container\" data-e-type=\"container\" href=\"https:\/\/processintegration.dk\/services\/equipment-supply-and-installation\/\">\n\t\t\t\t<div class=\"elementor-element elementor-element-b428c1d dce_masking-none elementor-widget elementor-widget-image\" data-id=\"b428c1d\" data-element_type=\"widget\" data-e-type=\"widget\" data-widget_type=\"image.default\">\n\t\t\t\t<div class=\"elementor-widget-container\">\n\t\t\t\t\t\t\t\t\t\t\t\t\t\t\t<img loading=\"lazy\" decoding=\"async\" width=\"800\" height=\"800\" src=\"https:\/\/processintegration.dk\/wp-content\/uploads\/2025\/06\/Equipment-Supply-and-Installation.jpg\" class=\"attachment-large size-large wp-image-252\" alt=\"Suministro e instalaci\u00f3n de equipos\" srcset=\"https:\/\/processintegration.dk\/wp-content\/uploads\/2025\/06\/Equipment-Supply-and-Installation.jpg 800w, https:\/\/processintegration.dk\/wp-content\/uploads\/2025\/06\/Equipment-Supply-and-Installation-300x300.jpg 300w, https:\/\/processintegration.dk\/wp-content\/uploads\/2025\/06\/Equipment-Supply-and-Installation-150x150.jpg 150w, https:\/\/processintegration.dk\/wp-content\/uploads\/2025\/06\/Equipment-Supply-and-Installation-768x768.jpg 768w\" sizes=\"(max-width: 800px) 100vw, 800px\" \/>\t\t\t\t\t\t\t\t\t\t\t\t\t\t\t<\/div>\n\t\t\t\t<\/div>\n\t\t<div class=\"elementor-element elementor-element-e40a267 e-con-full e-flex e-con e-child\" data-id=\"e40a267\" data-element_type=\"container\" data-e-type=\"container\">\n\t\t\t\t<div class=\"elementor-element elementor-element-309f70c elementor-widget elementor-widget-heading\" data-id=\"309f70c\" data-element_type=\"widget\" data-e-type=\"widget\" data-widget_type=\"heading.default\">\n\t\t\t\t<div class=\"elementor-widget-container\">\n\t\t\t\t\t<h2 class=\"elementor-heading-title elementor-size-default\">Suministro e instalaci\u00f3n de equipos<\/h2>\t\t\t\t<\/div>\n\t\t\t\t<\/div>\n\t\t\t\t<div class=\"elementor-element elementor-element-4b1b5f3 elementor-view-default elementor-widget elementor-widget-icon\" data-id=\"4b1b5f3\" data-element_type=\"widget\" data-e-type=\"widget\" data-widget_type=\"icon.default\">\n\t\t\t\t<div class=\"elementor-widget-container\">\n\t\t\t\t\t\t\t<div class=\"elementor-icon-wrapper\">\n\t\t\t<div class=\"elementor-icon\">\n\t\t\t<svg aria-hidden=\"true\" class=\"e-font-icon-svg e-fas-chevron-circle-right\" viewBox=\"0 0 512 512\" xmlns=\"http:\/\/www.w3.org\/2000\/svg\"><path d=\"M256 8c137 0 248 111 248 248S393 504 256 504 8 393 8 256 119 8 256 8zm113.9 231L234.4 103.5c-9.4-9.4-24.6-9.4-33.9 0l-17 17c-9.4 9.4-9.4 24.6 0 33.9L285.1 256 183.5 357.6c-9.4 9.4-9.4 24.6 0 33.9l17 17c9.4 9.4 24.6 9.4 33.9 0L369.9 273c9.4-9.4 9.4-24.6 0-34z\"><\/path><\/svg>\t\t\t<\/div>\n\t\t<\/div>\n\t\t\t\t\t\t<\/div>\n\t\t\t\t<\/div>\n\t\t\t\t<\/div>\n\t\t\t\t<\/a>\n\t\t\t\t<\/div>\n\t\t\t\t\t<\/div>\n\t\t\t\t<\/div>\n\t\t<div class=\"elementor-element elementor-element-747abdc e-flex e-con-boxed e-con e-parent\" data-id=\"747abdc\" data-element_type=\"container\" data-e-type=\"container\" data-settings=\"{&quot;background_background&quot;:&quot;classic&quot;}\">\n\t\t\t\t\t<div class=\"e-con-inner\">\n\t\t\t\t<div class=\"elementor-element elementor-element-5075528 elementor-widget elementor-widget-heading\" data-id=\"5075528\" data-element_type=\"widget\" data-e-type=\"widget\" data-widget_type=\"heading.default\">\n\t\t\t\t<div class=\"elementor-widget-container\">\n\t\t\t\t\t<h2 class=\"elementor-heading-title elementor-size-default\">Otras industrias con las que trabajamos<\/h2>\t\t\t\t<\/div>\n\t\t\t\t<\/div>\n\t\t<div class=\"elementor-element elementor-element-282a361 e-con-full e-flex e-con e-child\" data-id=\"282a361\" data-element_type=\"container\" data-e-type=\"container\">\n\t\t\t\t<div class=\"elementor-element elementor-element-69ca6e2 elementor-widget elementor-widget-button\" data-id=\"69ca6e2\" data-element_type=\"widget\" data-e-type=\"widget\" data-widget_type=\"button.default\">\n\t\t\t\t<div class=\"elementor-widget-container\">\n\t\t\t\t\t\t\t\t\t<div class=\"elementor-button-wrapper\">\n\t\t\t\t\t<a class=\"elementor-button elementor-button-link elementor-size-sm\" href=\"https:\/\/processintegration.dk\/es\/sectores\/aqua-feed\/\">\n\t\t\t\t\t\t<span class=\"elementor-button-content-wrapper\">\n\t\t\t\t\t\t\t\t\t<span class=\"elementor-button-text\">Aqua Feed<\/span>\n\t\t\t\t\t<\/span>\n\t\t\t\t\t<\/a>\n\t\t\t\t<\/div>\n\t\t\t\t\t\t\t\t<\/div>\n\t\t\t\t<\/div>\n\t\t\t\t<div class=\"elementor-element elementor-element-01b2fc8 elementor-widget elementor-widget-button\" data-id=\"01b2fc8\" data-element_type=\"widget\" data-e-type=\"widget\" data-widget_type=\"button.default\">\n\t\t\t\t<div class=\"elementor-widget-container\">\n\t\t\t\t\t\t\t\t\t<div class=\"elementor-button-wrapper\">\n\t\t\t\t\t<a class=\"elementor-button elementor-button-link elementor-size-sm\" href=\"https:\/\/processintegration.dk\/es\/sectores\/comida-para-mascotas\/\">\n\t\t\t\t\t\t<span class=\"elementor-button-content-wrapper\">\n\t\t\t\t\t\t\t\t\t<span class=\"elementor-button-text\">Alimentos para Mascotas<\/span>\n\t\t\t\t\t<\/span>\n\t\t\t\t\t<\/a>\n\t\t\t\t<\/div>\n\t\t\t\t\t\t\t\t<\/div>\n\t\t\t\t<\/div>\n\t\t\t\t<div class=\"elementor-element elementor-element-7a796c2 elementor-widget elementor-widget-button\" data-id=\"7a796c2\" data-element_type=\"widget\" data-e-type=\"widget\" data-widget_type=\"button.default\">\n\t\t\t\t<div class=\"elementor-widget-container\">\n\t\t\t\t\t\t\t\t\t<div class=\"elementor-button-wrapper\">\n\t\t\t\t\t<a class=\"elementor-button elementor-button-link elementor-size-sm\" href=\"https:\/\/processintegration.dk\/es\/sectores\/proteinas-sostenibles\/\">\n\t\t\t\t\t\t<span class=\"elementor-button-content-wrapper\">\n\t\t\t\t\t\t\t\t\t<span class=\"elementor-button-text\">Prote\u00ednas Sostenibles<\/span>\n\t\t\t\t\t<\/span>\n\t\t\t\t\t<\/a>\n\t\t\t\t<\/div>\n\t\t\t\t\t\t\t\t<\/div>\n\t\t\t\t<\/div>\n\t\t\t\t<div class=\"elementor-element elementor-element-9ead19c elementor-widget elementor-widget-button\" data-id=\"9ead19c\" data-element_type=\"widget\" data-e-type=\"widget\" data-widget_type=\"button.default\">\n\t\t\t\t<div class=\"elementor-widget-container\">\n\t\t\t\t\t\t\t\t\t<div class=\"elementor-button-wrapper\">\n\t\t\t\t\t<a class=\"elementor-button elementor-button-link elementor-size-sm\" href=\"https:\/\/processintegration.dk\/es\/sectores\/alimentos-y-bebidas-liquidos\/\">\n\t\t\t\t\t\t<span class=\"elementor-button-content-wrapper\">\n\t\t\t\t\t\t\t\t\t<span class=\"elementor-button-text\">Alimentos y bebidas l\u00edquidos<\/span>\n\t\t\t\t\t<\/span>\n\t\t\t\t\t<\/a>\n\t\t\t\t<\/div>\n\t\t\t\t\t\t\t\t<\/div>\n\t\t\t\t<\/div>\n\t\t\t\t<\/div>\n\t\t\t\t\t<\/div>\n\t\t\t\t<\/div>\n\t\t\t\t<\/div>\n\t\t","protected":false},"excerpt":{"rendered":"<p>Home Nuestros servicios Trabajamos para optimizar los procesos de producci\u00f3n a fin de lograr la mayor eficacia posible, minimizando al mismo tiempo el impacto medioambiental y garantizando la viabilidad econ\u00f3mica. Dise\u00f1o de plantas y procesos Gesti\u00f3n de proyectos Ingenier\u00eda de procesos Supervisi\u00f3n e instalaci\u00f3n Suministro e instalaci\u00f3n de equipos Otras industrias con las que trabajamos [&hellip;]<\/p>\n","protected":false},"author":3,"featured_media":0,"parent":0,"menu_order":0,"comment_status":"closed","ping_status":"closed","template":"","meta":{"_acf_changed":false,"footnotes":""},"class_list":["post-2243","page","type-page","status-publish","hentry"],"acf":[],"_links":{"self":[{"href":"https:\/\/processintegration.dk\/es\/wp-json\/wp\/v2\/pages\/2243","targetHints":{"allow":["GET"]}}],"collection":[{"href":"https:\/\/processintegration.dk\/es\/wp-json\/wp\/v2\/pages"}],"about":[{"href":"https:\/\/processintegration.dk\/es\/wp-json\/wp\/v2\/types\/page"}],"author":[{"embeddable":true,"href":"https:\/\/processintegration.dk\/es\/wp-json\/wp\/v2\/users\/3"}],"replies":[{"embeddable":true,"href":"https:\/\/processintegration.dk\/es\/wp-json\/wp\/v2\/comments?post=2243"}],"version-history":[{"count":1,"href":"https:\/\/processintegration.dk\/es\/wp-json\/wp\/v2\/pages\/2243\/revisions"}],"predecessor-version":[{"id":2244,"href":"https:\/\/processintegration.dk\/es\/wp-json\/wp\/v2\/pages\/2243\/revisions\/2244"}],"wp:attachment":[{"href":"https:\/\/processintegration.dk\/es\/wp-json\/wp\/v2\/media?parent=2243"}],"curies":[{"name":"wp","href":"https:\/\/api.w.org\/{rel}","templated":true}]}}