{"id":1290,"date":"2025-08-01T11:40:58","date_gmt":"2025-08-01T09:40:58","guid":{"rendered":"https:\/\/pi.host9.slyde.dk\/acerca-de-pi\/controller-de-proyectos\/"},"modified":"2026-02-05T15:07:33","modified_gmt":"2026-02-05T14:07:33","slug":"controller-de-proyectos","status":"publish","type":"page","link":"https:\/\/processintegration.dk\/es\/acerca-de-pi\/controller-de-proyectos\/","title":{"rendered":"Controller de proyectos"},"content":{"rendered":"\t\t<div data-elementor-type=\"wp-post\" data-elementor-id=\"1290\" class=\"elementor elementor-1290 elementor-1229\" data-elementor-post-type=\"page\">\n\t\t\t\t<div class=\"elementor-element elementor-element-a063d11 e-flex e-con-boxed e-con e-parent\" data-id=\"a063d11\" data-element_type=\"container\" data-e-type=\"container\">\n\t\t\t\t\t<div class=\"e-con-inner\">\n\t\t\t\t<div class=\"elementor-element elementor-element-f4f1cf4 elementor-widget elementor-widget-breadcrumbs\" data-id=\"f4f1cf4\" data-element_type=\"widget\" data-e-type=\"widget\" data-widget_type=\"breadcrumbs.default\">\n\t\t\t\t<div class=\"elementor-widget-container\">\n\t\t\t\t\t<nav aria-label=\"breadcrumbs\" class=\"rank-math-breadcrumb\"><p><span class=\"last\">Home<\/span><\/p><\/nav>\t\t\t\t<\/div>\n\t\t\t\t<\/div>\n\t\t\t\t\t<\/div>\n\t\t\t\t<\/div>\n\t\t<div class=\"elementor-element elementor-element-6ca0980 e-flex e-con-boxed e-con e-parent\" data-id=\"6ca0980\" data-element_type=\"container\" data-e-type=\"container\">\n\t\t\t\t\t<div class=\"e-con-inner\">\n\t\t<div class=\"elementor-element elementor-element-2a54e9b e-con-full e-flex e-con e-child\" data-id=\"2a54e9b\" data-element_type=\"container\" data-e-type=\"container\">\n\t\t<div class=\"elementor-element elementor-element-71e2165 e-con-full e-flex e-con e-child\" data-id=\"71e2165\" data-element_type=\"container\" data-e-type=\"container\">\n\t\t<div class=\"elementor-element elementor-element-7e75ef3 e-con-full e-flex e-con e-child\" data-id=\"7e75ef3\" data-element_type=\"container\" data-e-type=\"container\">\n\t\t<div class=\"elementor-element elementor-element-dd1331d e-con-full e-flex e-con e-child\" data-id=\"dd1331d\" data-element_type=\"container\" data-e-type=\"container\">\n\t\t\t\t<div class=\"elementor-element elementor-element-d80b17f elementor-widget elementor-widget-heading\" data-id=\"d80b17f\" data-element_type=\"widget\" data-e-type=\"widget\" data-widget_type=\"heading.default\">\n\t\t\t\t<div class=\"elementor-widget-container\">\n\t\t\t\t\t<h2 class=\"elementor-heading-title elementor-size-default\">Controller de proyectos para una de las organizaciones de proyectos m\u00e1s interesantes de Dinamarca<\/h2>\t\t\t\t<\/div>\n\t\t\t\t<\/div>\n\t\t<div class=\"elementor-element elementor-element-ed89f09 e-con-full e-flex e-con e-child\" data-id=\"ed89f09\" data-element_type=\"container\" data-e-type=\"container\">\n\t\t\t\t<div class=\"elementor-element elementor-element-747041e elementor-hidden-mobile elementor-widget elementor-widget-text-editor\" data-id=\"747041e\" data-element_type=\"widget\" data-e-type=\"widget\" data-widget_type=\"text-editor.default\">\n\t\t\t\t<div class=\"elementor-widget-container\">\n\t\t\t\t\t\t\t\t\t<p><strong>Arbejdssted:<\/strong> Skanderborg I <strong>Ans\u00e6ttelse:<\/strong> Barselsvikariat &#8211; 12 mdr. I <strong>Ans\u00f8gningsfrist:<\/strong> L\u00f8bende <strong><br>Ans\u00e6ttelsesstart:<\/strong> M\u00e1s r\u00e1pido <\/p>\t\t\t\t\t\t\t\t<\/div>\n\t\t\t\t<\/div>\n\t\t\t\t<div class=\"elementor-element elementor-element-09d6883 elementor-hidden-desktop elementor-hidden-tablet elementor-widget elementor-widget-text-editor\" data-id=\"09d6883\" data-element_type=\"widget\" data-e-type=\"widget\" data-widget_type=\"text-editor.default\">\n\t\t\t\t<div class=\"elementor-widget-container\">\n\t\t\t\t\t\t\t\t\t<p><strong>Arbejdssted:<\/strong> Skanderborg<br><strong>Ans\u00e6ttelse:<\/strong> Barselsvikariat &#8211; 12 mdr.<br><strong>Ans\u00f8gningsfrist:<\/strong> L\u00f8bende<br><strong>Ans\u00e6ttelsesstart:<\/strong> M\u00e1s informaci\u00f3n<\/p>\t\t\t\t\t\t\t\t<\/div>\n\t\t\t\t<\/div>\n\t\t\t\t<div class=\"elementor-element elementor-element-6fa0b93 elementor-widget elementor-widget-text-editor\" data-id=\"6fa0b93\" data-element_type=\"widget\" data-e-type=\"widget\" data-widget_type=\"text-editor.default\">\n\t\t\t\t<div class=\"elementor-widget-container\">\n\t\t\t\t\t\t\t\t\t<p><strong>\u00bfTe interesa el \u00f8konomistyring, los detalles y la estructura, y te motiva para conseguir el m\u00e1ximo rendimiento en proyectos completos? Por qu\u00e9 no te esfuerzas por convertir tu econom\u00eda en un elemento central de tu estrategia empresarial. <\/strong><\/p><p>Process Integration dise\u00f1a e implementa procesos integrales para la industria del desarrollo y la fabricaci\u00f3n. Impulsamos proyectos completos desde la idea hasta la instalaci\u00f3n, y como controlador de proyectos te convertimos en un socio de confianza para el desarrollo de proyectos y la econom\u00eda. <\/p><p><strong>Om rollen<\/strong><\/p><p>Como Controlador de Proyectos, te ayudar\u00e1s a gestionar la econom\u00eda de los proyectos y a garantizar la calidad, el rendimiento y la seguridad de los mismos. Te invitamos a participar en el proceso de selecci\u00f3n y a formar parte de un grupo de trabajo orientado a la b\u00fasqueda de soluciones, en el que el intercambio de ideas y experiencias es un elemento natural del proceso de aprendizaje. <\/p><p><strong>Dine prim\u00e6re opgaver<\/strong><\/p><ul><li>Oprettelse og vedligeholdelse af projekter i <strong>Business Central<\/strong><\/li><li>\u00d8konomistyring, afstemning og opf\u00f8lgning p\u00e5 projekter<\/li><li><strong>Informes pr\u00e6cis y v\u00e6rdiskabende<\/strong> &#8211; gerne i Power BI<\/li><li>Sikre korrekt bogf\u00f8ring og bidrage til konteringsvejledninger<\/li><li>Colaboraci\u00f3n con los responsables de los proyectos en materia de <strong>presupuestos, previsiones, elaboraci\u00f3n de informes y situaci\u00f3n econ\u00f3mica.<\/strong><\/li><li>Apoyo a la organizaci\u00f3n de proyectos en la administraci\u00f3n y gesti\u00f3n de proyectos<\/li><\/ul><p><strong><br>\u00bfA qu\u00e9 se debe el \u00e9xito?<\/strong><\/p><p>Du lykkes i rollen, n\u00e5r du:<\/p><ul><li>Skaber <strong>struktur and overblik<\/strong> i komplekse projekter<\/li><li>Si <strong>quieres<\/strong> un informe m\u00e1s detallado<\/li><li>Se centra en <strong>las peque\u00f1as<\/strong> y medianas <strong>empresas<\/strong> y minimiza los costes econ\u00f3micos.<\/li><li>Samarbejder t\u00e6t med projektlederne og bidrager til, at budgetter overholdes<\/li><li>Es compatible con los nuevos sistemas y procesadores y proporciona una respuesta natural a tus necesidades.<\/li><\/ul><p><strong><br>Vi forestiller os, at du bringer:<\/strong><\/p><ul><li>Gesti\u00f3n econ\u00f3mica, controlling y econom\u00eda de proyectos<\/li><li>Competencias anal\u00edticas y buenas herramientas Excel<\/li><li>Nysgerrighed p\u00e5 IT &#8211; og gerne erfaring med Power BI<\/li><li>Evnen til at arbejde struktureret, samtidig med at du trives i en hverdag med entrepren\u00f8r\u00e5nd<\/li><li>Buenas pr\u00e1cticas de comunicaci\u00f3n y de comunicaci\u00f3n en televisi\u00f3n<\/li><li>Dansk and engelsk p\u00e5 et godt niveau<\/li><\/ul><p><strong><br>C\u00f3mo llegar hasta aqu\u00ed<\/strong><\/p><ul><li>Un <strong>servicio de guarder\u00eda de 12 meses de<\/strong> duraci\u00f3n en un entorno de trabajo seguro<\/li><li>El papel de la econom\u00eda de proyectos en el desarrollo sostenible<\/li><li>Una econom\u00eda comprometida y un proyecto a largo plazo, para trabajar juntos.<\/li><li>En kultur pr\u00e6get af hj\u00e6lpsomhed, korte beslutningsveje og plads til id\u00e9er<\/li><li>Gesti\u00f3n de riesgos, frugalidad y un enfoque personal activo<\/li><li>Arbejdssted p\u00e5 vores hovedkontor i <strong>Skanderborg<\/strong><\/li><li>Atractivo paquete despu\u00e9s de la evaluaci\u00f3n<\/li><\/ul><p><strong><br>Er det dig, vi leder efter?<\/strong><\/p><p>Env\u00eda tu mensaje a <span data-teams=\"true\">la socia de RR.HH., Sophie Koch<\/span> <a href=\"mailto:Shk@processintegration.dk\">shk@processintegration.dk<\/a> &#8211; te esperamos para ayudarte. Si tienes alg\u00fan problema, ponte en contacto con <strong>la CAO Vivi Meidahl H\u00f8jen<\/strong> por correo electr\u00f3nico.  40 32 78 30.<\/p><p>Te ofrecemos un amplio abanico de posibilidades, y todas las opciones est\u00e1n bajo control.<\/p>\t\t\t\t\t\t\t\t<\/div>\n\t\t\t\t<\/div>\n\t\t\t\t<div class=\"elementor-element elementor-element-5586fbd elementor-widget elementor-widget-button\" data-id=\"5586fbd\" data-element_type=\"widget\" data-e-type=\"widget\" data-widget_type=\"button.default\">\n\t\t\t\t<div class=\"elementor-widget-container\">\n\t\t\t\t\t\t\t\t\t<div class=\"elementor-button-wrapper\">\n\t\t\t\t\t<a class=\"elementor-button elementor-button-link elementor-size-sm\" href=\"mailto:shk@processintegration.dk\">\n\t\t\t\t\t\t<span class=\"elementor-button-content-wrapper\">\n\t\t\t\t\t\t<span class=\"elementor-button-icon\">\n\t\t\t\t<svg aria-hidden=\"true\" class=\"e-font-icon-svg e-fas-arrow-circle-right\" viewBox=\"0 0 512 512\" xmlns=\"http:\/\/www.w3.org\/2000\/svg\"><path d=\"M256 8c137 0 248 111 248 248S393 504 256 504 8 393 8 256 119 8 256 8zm-28.9 143.6l75.5 72.4H120c-13.3 0-24 10.7-24 24v16c0 13.3 10.7 24 24 24h182.6l-75.5 72.4c-9.7 9.3-9.9 24.8-.4 34.3l11 10.9c9.4 9.4 24.6 9.4 33.9 0L404.3 273c9.4-9.4 9.4-24.6 0-33.9L271.6 106.3c-9.4-9.4-24.6-9.4-33.9 0l-11 10.9c-9.5 9.6-9.3 25.1.4 34.4z\"><\/path><\/svg>\t\t\t<\/span>\n\t\t\t\t\t\t\t\t\t<span class=\"elementor-button-text\">Puedes solicitar el trabajo aqu\u00ed<\/span>\n\t\t\t\t\t<\/span>\n\t\t\t\t\t<\/a>\n\t\t\t\t<\/div>\n\t\t\t\t\t\t\t\t<\/div>\n\t\t\t\t<\/div>\n\t\t\t\t<\/div>\n\t\t\t\t<\/div>\n\t\t\t\t<\/div>\n\t\t\t\t<\/div>\n\t\t\t\t<\/div>\n\t\t<div class=\"elementor-element elementor-element-0d0292a e-con-full elementor-hidden-mobile e-flex e-con e-child\" data-id=\"0d0292a\" data-element_type=\"container\" data-e-type=\"container\">\n\t\t<div class=\"elementor-element elementor-element-99d7f8f e-con-full e-flex e-con e-child\" data-id=\"99d7f8f\" data-element_type=\"container\" data-e-type=\"container\">\n\t\t<div class=\"elementor-element elementor-element-5fec7ac e-con-full elementor-hidden-desktop elementor-hidden-tablet elementor-hidden-mobile e-flex e-con e-child\" data-id=\"5fec7ac\" data-element_type=\"container\" data-e-type=\"container\">\n\t\t\t\t<div class=\"elementor-element elementor-element-3d5efff elementor-widget elementor-widget-heading\" data-id=\"3d5efff\" data-element_type=\"widget\" data-e-type=\"widget\" data-widget_type=\"heading.default\">\n\t\t\t\t<div class=\"elementor-widget-container\">\n\t\t\t\t\t<h2 class=\"elementor-heading-title elementor-size-default\">M\u00e1s informaci\u00f3n sobre nosotros<\/h2>\t\t\t\t<\/div>\n\t\t\t\t<\/div>\n\t\t<div class=\"elementor-element elementor-element-6bde081 e-con-full e-flex e-con e-child\" data-id=\"6bde081\" data-element_type=\"container\" data-e-type=\"container\">\n\t\t\t\t<div class=\"elementor-element elementor-element-00ca10a elementor-widget elementor-widget-heading\" data-id=\"00ca10a\" data-element_type=\"widget\" data-e-type=\"widget\" data-widget_type=\"heading.default\">\n\t\t\t\t<div class=\"elementor-widget-container\">\n\t\t\t\t\t<h2 class=\"elementor-heading-title elementor-size-default\">Conoce a un compa\u00f1ero<\/h2>\t\t\t\t<\/div>\n\t\t\t\t<\/div>\n\t\t\t\t<div class=\"elementor-element elementor-element-454f125 elementor-view-default elementor-widget elementor-widget-icon\" data-id=\"454f125\" data-element_type=\"widget\" data-e-type=\"widget\" data-widget_type=\"icon.default\">\n\t\t\t\t<div class=\"elementor-widget-container\">\n\t\t\t\t\t\t\t<div class=\"elementor-icon-wrapper\">\n\t\t\t<div class=\"elementor-icon\">\n\t\t\t<svg aria-hidden=\"true\" class=\"e-font-icon-svg e-fas-arrow-circle-right\" viewBox=\"0 0 512 512\" xmlns=\"http:\/\/www.w3.org\/2000\/svg\"><path d=\"M256 8c137 0 248 111 248 248S393 504 256 504 8 393 8 256 119 8 256 8zm-28.9 143.6l75.5 72.4H120c-13.3 0-24 10.7-24 24v16c0 13.3 10.7 24 24 24h182.6l-75.5 72.4c-9.7 9.3-9.9 24.8-.4 34.3l11 10.9c9.4 9.4 24.6 9.4 33.9 0L404.3 273c9.4-9.4 9.4-24.6 0-33.9L271.6 106.3c-9.4-9.4-24.6-9.4-33.9 0l-11 10.9c-9.5 9.6-9.3 25.1.4 34.4z\"><\/path><\/svg>\t\t\t<\/div>\n\t\t<\/div>\n\t\t\t\t\t\t<\/div>\n\t\t\t\t<\/div>\n\t\t\t\t<\/div>\n\t\t<div class=\"elementor-element elementor-element-b0d8f9e e-con-full e-flex e-con e-child\" data-id=\"b0d8f9e\" data-element_type=\"container\" data-e-type=\"container\">\n\t\t\t\t<div class=\"elementor-element elementor-element-ad6c7cb elementor-widget elementor-widget-heading\" data-id=\"ad6c7cb\" data-element_type=\"widget\" data-e-type=\"widget\" data-widget_type=\"heading.default\">\n\t\t\t\t<div class=\"elementor-widget-container\">\n\t\t\t\t\t<h2 class=\"elementor-heading-title elementor-size-default\">Nuestro lugar de trabajo<\/h2>\t\t\t\t<\/div>\n\t\t\t\t<\/div>\n\t\t\t\t<div class=\"elementor-element elementor-element-5d795a8 elementor-view-default elementor-widget elementor-widget-icon\" data-id=\"5d795a8\" data-element_type=\"widget\" data-e-type=\"widget\" data-widget_type=\"icon.default\">\n\t\t\t\t<div class=\"elementor-widget-container\">\n\t\t\t\t\t\t\t<div class=\"elementor-icon-wrapper\">\n\t\t\t<div class=\"elementor-icon\">\n\t\t\t<svg aria-hidden=\"true\" class=\"e-font-icon-svg e-fas-arrow-circle-right\" viewBox=\"0 0 512 512\" xmlns=\"http:\/\/www.w3.org\/2000\/svg\"><path d=\"M256 8c137 0 248 111 248 248S393 504 256 504 8 393 8 256 119 8 256 8zm-28.9 143.6l75.5 72.4H120c-13.3 0-24 10.7-24 24v16c0 13.3 10.7 24 24 24h182.6l-75.5 72.4c-9.7 9.3-9.9 24.8-.4 34.3l11 10.9c9.4 9.4 24.6 9.4 33.9 0L404.3 273c9.4-9.4 9.4-24.6 0-33.9L271.6 106.3c-9.4-9.4-24.6-9.4-33.9 0l-11 10.9c-9.5 9.6-9.3 25.1.4 34.4z\"><\/path><\/svg>\t\t\t<\/div>\n\t\t<\/div>\n\t\t\t\t\t\t<\/div>\n\t\t\t\t<\/div>\n\t\t\t\t<\/div>\n\t\t<div class=\"elementor-element elementor-element-988382d e-con-full e-flex e-con e-child\" data-id=\"988382d\" data-element_type=\"container\" data-e-type=\"container\">\n\t\t\t\t<div class=\"elementor-element elementor-element-3fc6a5f elementor-widget elementor-widget-heading\" data-id=\"3fc6a5f\" data-element_type=\"widget\" data-e-type=\"widget\" data-widget_type=\"heading.default\">\n\t\t\t\t<div class=\"elementor-widget-container\">\n\t\t\t\t\t<h2 class=\"elementor-heading-title elementor-size-default\">Trabajo de estudiante<\/h2>\t\t\t\t<\/div>\n\t\t\t\t<\/div>\n\t\t\t\t<div class=\"elementor-element elementor-element-7e4101b elementor-view-default elementor-widget elementor-widget-icon\" data-id=\"7e4101b\" data-element_type=\"widget\" data-e-type=\"widget\" data-widget_type=\"icon.default\">\n\t\t\t\t<div class=\"elementor-widget-container\">\n\t\t\t\t\t\t\t<div class=\"elementor-icon-wrapper\">\n\t\t\t<div class=\"elementor-icon\">\n\t\t\t<svg aria-hidden=\"true\" class=\"e-font-icon-svg e-fas-arrow-circle-right\" viewBox=\"0 0 512 512\" xmlns=\"http:\/\/www.w3.org\/2000\/svg\"><path d=\"M256 8c137 0 248 111 248 248S393 504 256 504 8 393 8 256 119 8 256 8zm-28.9 143.6l75.5 72.4H120c-13.3 0-24 10.7-24 24v16c0 13.3 10.7 24 24 24h182.6l-75.5 72.4c-9.7 9.3-9.9 24.8-.4 34.3l11 10.9c9.4 9.4 24.6 9.4 33.9 0L404.3 273c9.4-9.4 9.4-24.6 0-33.9L271.6 106.3c-9.4-9.4-24.6-9.4-33.9 0l-11 10.9c-9.5 9.6-9.3 25.1.4 34.4z\"><\/path><\/svg>\t\t\t<\/div>\n\t\t<\/div>\n\t\t\t\t\t\t<\/div>\n\t\t\t\t<\/div>\n\t\t\t\t<\/div>\n\t\t\t\t<\/div>\n\t\t<div data-dce-background-color=\"#E6E7E882\" class=\"elementor-element elementor-element-713fe86 e-con-full e-flex e-con e-child\" data-id=\"713fe86\" data-element_type=\"container\" data-e-type=\"container\" data-settings=\"{&quot;background_background&quot;:&quot;classic&quot;}\">\n\t\t\t\t<div class=\"elementor-element elementor-element-59f5d6a elementor-hidden-desktop elementor-hidden-tablet elementor-hidden-mobile dce_masking-none elementor-widget elementor-widget-image\" data-id=\"59f5d6a\" data-element_type=\"widget\" data-e-type=\"widget\" data-widget_type=\"image.default\">\n\t\t\t\t<div class=\"elementor-widget-container\">\n\t\t\t\t\t\t\t\t\t\t\t\t\t\t\t<img decoding=\"async\" width=\"248\" height=\"152\" src=\"https:\/\/processintegration.dk\/wp-content\/uploads\/2025\/08\/Soren-nedskaleret_350.gif\" class=\"attachment-large size-large wp-image-1225\" alt=\"\" \/>\t\t\t\t\t\t\t\t\t\t\t\t\t\t\t<\/div>\n\t\t\t\t<\/div>\n\t\t<div class=\"elementor-element elementor-element-ef4e2b8 e-con-full e-flex e-con e-child\" data-id=\"ef4e2b8\" data-element_type=\"container\" data-e-type=\"container\">\n\t\t\t\t<div data-dce-text-color=\"#10537F\" class=\"elementor-element elementor-element-59370bd elementor-widget elementor-widget-text-editor\" data-id=\"59370bd\" data-element_type=\"widget\" data-e-type=\"widget\" data-widget_type=\"text-editor.default\">\n\t\t\t\t<div class=\"elementor-widget-container\">\n\t\t\t\t\t\t\t\t\t<p><strong>\u00bfTiene preguntas?<\/strong><\/p>\t\t\t\t\t\t\t\t<\/div>\n\t\t\t\t<\/div>\n\t\t\t\t<div class=\"elementor-element elementor-element-bf5c281 elementor-widget elementor-widget-heading\" data-id=\"bf5c281\" data-element_type=\"widget\" data-e-type=\"widget\" data-widget_type=\"heading.default\">\n\t\t\t\t<div class=\"elementor-widget-container\">\n\t\t\t\t\t<h2 class=\"elementor-heading-title elementor-size-default\">Sophie Koch<\/h2>\t\t\t\t<\/div>\n\t\t\t\t<\/div>\n\t\t\t\t<div class=\"elementor-element elementor-element-909c1ee elementor-widget elementor-widget-text-editor\" data-id=\"909c1ee\" data-element_type=\"widget\" data-e-type=\"widget\" data-widget_type=\"text-editor.default\">\n\t\t\t\t<div class=\"elementor-widget-container\">\n\t\t\t\t\t\t\t\t\t<p>SOCIO DE RR. HH.<\/p>\t\t\t\t\t\t\t\t<\/div>\n\t\t\t\t<\/div>\n\t\t\t\t<div class=\"elementor-element elementor-element-8797f15 elementor-align-justify elementor-widget elementor-widget-button\" data-id=\"8797f15\" data-element_type=\"widget\" data-e-type=\"widget\" data-widget_type=\"button.default\">\n\t\t\t\t<div class=\"elementor-widget-container\">\n\t\t\t\t\t\t\t\t\t<div class=\"elementor-button-wrapper\">\n\t\t\t\t\t<a class=\"elementor-button elementor-button-link elementor-size-sm\" href=\"mailto:shk@processintegration.dk\">\n\t\t\t\t\t\t<span class=\"elementor-button-content-wrapper\">\n\t\t\t\t\t\t<span class=\"elementor-button-icon\">\n\t\t\t\t<svg aria-hidden=\"true\" class=\"e-font-icon-svg e-fas-arrow-circle-right\" viewBox=\"0 0 512 512\" xmlns=\"http:\/\/www.w3.org\/2000\/svg\"><path d=\"M256 8c137 0 248 111 248 248S393 504 256 504 8 393 8 256 119 8 256 8zm-28.9 143.6l75.5 72.4H120c-13.3 0-24 10.7-24 24v16c0 13.3 10.7 24 24 24h182.6l-75.5 72.4c-9.7 9.3-9.9 24.8-.4 34.3l11 10.9c9.4 9.4 24.6 9.4 33.9 0L404.3 273c9.4-9.4 9.4-24.6 0-33.9L271.6 106.3c-9.4-9.4-24.6-9.4-33.9 0l-11 10.9c-9.5 9.6-9.3 25.1.4 34.4z\"><\/path><\/svg>\t\t\t<\/span>\n\t\t\t\t\t\t\t\t\t<span class=\"elementor-button-text\">Enviar una solicitud<\/span>\n\t\t\t\t\t<\/span>\n\t\t\t\t\t<\/a>\n\t\t\t\t<\/div>\n\t\t\t\t\t\t\t\t<\/div>\n\t\t\t\t<\/div>\n\t\t\t\t<\/div>\n\t\t\t\t<\/div>\n\t\t\t\t<\/div>\n\t\t\t\t<\/div>\n\t\t\t\t\t<\/div>\n\t\t\t\t<\/div>\n\t\t\t\t<\/div>\n\t\t","protected":false},"excerpt":{"rendered":"<p>Home Controller de proyectos para una de las organizaciones de proyectos m\u00e1s interesantes de Dinamarca Arbejdssted: Skanderborg I Ans\u00e6ttelse: Barselsvikariat &#8211; 12 mdr. I Ans\u00f8gningsfrist: L\u00f8bende Ans\u00e6ttelsesstart: M\u00e1s r\u00e1pido Arbejdssted: SkanderborgAns\u00e6ttelse: Barselsvikariat &#8211; 12 mdr.Ans\u00f8gningsfrist: L\u00f8bendeAns\u00e6ttelsesstart: M\u00e1s informaci\u00f3n \u00bfTe interesa el \u00f8konomistyring, los detalles y la estructura, y te motiva para conseguir el m\u00e1ximo rendimiento [&hellip;]<\/p>\n","protected":false},"author":1,"featured_media":0,"parent":1151,"menu_order":0,"comment_status":"closed","ping_status":"closed","template":"","meta":{"_acf_changed":false,"footnotes":""},"class_list":["post-1290","page","type-page","status-publish","hentry"],"acf":[],"_links":{"self":[{"href":"https:\/\/processintegration.dk\/es\/wp-json\/wp\/v2\/pages\/1290","targetHints":{"allow":["GET"]}}],"collection":[{"href":"https:\/\/processintegration.dk\/es\/wp-json\/wp\/v2\/pages"}],"about":[{"href":"https:\/\/processintegration.dk\/es\/wp-json\/wp\/v2\/types\/page"}],"author":[{"embeddable":true,"href":"https:\/\/processintegration.dk\/es\/wp-json\/wp\/v2\/users\/1"}],"replies":[{"embeddable":true,"href":"https:\/\/processintegration.dk\/es\/wp-json\/wp\/v2\/comments?post=1290"}],"version-history":[{"count":3,"href":"https:\/\/processintegration.dk\/es\/wp-json\/wp\/v2\/pages\/1290\/revisions"}],"predecessor-version":[{"id":2546,"href":"https:\/\/processintegration.dk\/es\/wp-json\/wp\/v2\/pages\/1290\/revisions\/2546"}],"up":[{"embeddable":true,"href":"https:\/\/processintegration.dk\/es\/wp-json\/wp\/v2\/pages\/1151"}],"wp:attachment":[{"href":"https:\/\/processintegration.dk\/es\/wp-json\/wp\/v2\/media?parent=1290"}],"curies":[{"name":"wp","href":"https:\/\/api.w.org\/{rel}","templated":true}]}}