{"id":1151,"date":"2025-07-18T12:23:47","date_gmt":"2025-07-18T10:23:47","guid":{"rendered":"https:\/\/pi.host9.slyde.dk\/acerca-de-pi\/"},"modified":"2025-10-27T10:27:55","modified_gmt":"2025-10-27T09:27:55","slug":"acerca-de-pi","status":"publish","type":"page","link":"https:\/\/processintegration.dk\/es\/acerca-de-pi\/","title":{"rendered":"Acerca de PI"},"content":{"rendered":"\t\t<div data-elementor-type=\"wp-post\" data-elementor-id=\"1151\" class=\"elementor elementor-1151 elementor-661\" data-elementor-post-type=\"page\">\n\t\t\t\t<div data-dce-background-image-url=\"https:\/\/processintegration.dk\/wp-content\/uploads\/2025\/07\/How-we-work_1.jpg\" class=\"elementor-element elementor-element-0302405 e-con-full e-flex e-con e-parent\" data-id=\"0302405\" data-element_type=\"container\" data-e-type=\"container\" data-settings=\"{&quot;background_background&quot;:&quot;classic&quot;}\">\n\t\t\t\t<\/div>\n\t\t<div class=\"elementor-element elementor-element-a063d11 e-flex e-con-boxed e-con e-parent\" data-id=\"a063d11\" data-element_type=\"container\" data-e-type=\"container\" data-settings=\"{&quot;background_background&quot;:&quot;classic&quot;}\">\n\t\t\t\t\t<div class=\"e-con-inner\">\n\t\t<div class=\"elementor-element elementor-element-051e99d e-con-full e-flex e-con e-child\" data-id=\"051e99d\" data-element_type=\"container\" data-e-type=\"container\">\n\t\t<div class=\"elementor-element elementor-element-ae6579f e-con-full e-flex e-con e-child\" data-id=\"ae6579f\" data-element_type=\"container\" data-e-type=\"container\">\n\t\t\t\t<div class=\"elementor-element elementor-element-00562c9 elementor-widget elementor-widget-breadcrumbs\" data-id=\"00562c9\" data-element_type=\"widget\" data-e-type=\"widget\" data-widget_type=\"breadcrumbs.default\">\n\t\t\t\t<div class=\"elementor-widget-container\">\n\t\t\t\t\t<nav aria-label=\"breadcrumbs\" class=\"rank-math-breadcrumb\"><p><span class=\"last\">Home<\/span><\/p><\/nav>\t\t\t\t<\/div>\n\t\t\t\t<\/div>\n\t\t\t\t<div class=\"elementor-element elementor-element-af5f340 elementor-widget elementor-widget-heading\" data-id=\"af5f340\" data-element_type=\"widget\" data-e-type=\"widget\" data-widget_type=\"heading.default\">\n\t\t\t\t<div class=\"elementor-widget-container\">\n\t\t\t\t\t<h1 class=\"elementor-heading-title elementor-size-default\">Acerca de la integraci\u00f3n de procesos<\/h1>\t\t\t\t<\/div>\n\t\t\t\t<\/div>\n\t\t\t\t<div class=\"elementor-element elementor-element-33eee3d elementor-widget elementor-widget-text-editor\" data-id=\"33eee3d\" data-element_type=\"widget\" data-e-type=\"widget\" data-widget_type=\"text-editor.default\">\n\t\t\t\t<div class=\"elementor-widget-container\">\n\t\t\t\t\t\t\t\t\t<p data-start=\"177\" data-end=\"487\"><strong>En Process Integration, creemos en las colaboraciones a largo plazo basadas en la confianza, la experiencia y los objetivos compartidos. Como asesores de confianza dentro de la industria de la ingenier\u00eda de procesos, apoyamos a nuestros clientes de los sectores de alimentos para la acuicultura, alimentos para mascotas, alimentos l\u00edquidos y bebidas con soluciones personalizadas, eficientes y preparadas para el futuro.<\/strong><\/p><p data-start=\"489\" data-end=\"746\">Trabajando en estrecha colaboraci\u00f3n con nuestros clientes y una s\u00f3lida red internacional de proveedores especializados, garantizamos una ejecuci\u00f3n de proyectos fluida y fiable, ofreciendo resultados que cumplen todas las expectativas en t\u00e9rminos de calidad, capacidad, plazos y presupuesto.<\/p><p data-start=\"748\" data-end=\"1093\">Tanto si est\u00e1 construyendo una nueva planta de producci\u00f3n como si est\u00e1 modernizando una l\u00ednea de proceso existente, somos su socio dedicado en todas las fases del proyecto. Desde la planificaci\u00f3n inicial y la optimizaci\u00f3n del dise\u00f1o hasta la instalaci\u00f3n y la puesta en marcha finales, ofrecemos desde m\u00e1quinas y equipos individuales hasta actualizaciones completas del sistema y soluciones llave en mano.<\/p><p data-start=\"1095\" data-end=\"1338\">Nuestro enfoque hol\u00edstico significa que no solo entregamos maquinaria, sino que resolvemos problemas. Ayudamos a los clientes a cumplir con las nuevas regulaciones, mejorar el rendimiento de la producci\u00f3n, abordar los desaf\u00edos de capacidad y garantizar que sus operaciones sean eficientes y sostenibles.<\/p>\t\t\t\t\t\t\t\t<\/div>\n\t\t\t\t<\/div>\n\t\t\t\t<div class=\"elementor-element elementor-element-09328c1 dce_masking-none elementor-widget elementor-widget-image\" data-id=\"09328c1\" data-element_type=\"widget\" data-e-type=\"widget\" data-widget_type=\"image.default\">\n\t\t\t\t<div class=\"elementor-widget-container\">\n\t\t\t\t\t\t\t\t\t\t\t\t\t\t\t<img fetchpriority=\"high\" decoding=\"async\" width=\"800\" height=\"232\" src=\"https:\/\/processintegration.dk\/wp-content\/uploads\/2025\/07\/Tidslinie_kort.gif\" class=\"attachment-large size-large wp-image-769\" alt=\"Timeline 10 year anniversary\" \/>\t\t\t\t\t\t\t\t\t\t\t\t\t\t\t<\/div>\n\t\t\t\t<\/div>\n\t\t\t\t<\/div>\n\t\t\t\t<\/div>\n\t\t\t\t\t<\/div>\n\t\t\t\t<\/div>\n\t\t<div class=\"elementor-element elementor-element-747abdc e-flex e-con-boxed e-con e-parent\" data-id=\"747abdc\" data-element_type=\"container\" data-e-type=\"container\" data-settings=\"{&quot;background_background&quot;:&quot;classic&quot;}\">\n\t\t\t\t\t<div class=\"e-con-inner\">\n\t\t\t\t<div class=\"elementor-element elementor-element-5075528 elementor-widget elementor-widget-heading\" data-id=\"5075528\" data-element_type=\"widget\" data-e-type=\"widget\" data-widget_type=\"heading.default\">\n\t\t\t\t<div class=\"elementor-widget-container\">\n\t\t\t\t\t<h2 class=\"elementor-heading-title elementor-size-default\">Otras industrias con las que trabajamos<\/h2>\t\t\t\t<\/div>\n\t\t\t\t<\/div>\n\t\t<div class=\"elementor-element elementor-element-282a361 e-con-full e-flex e-con e-child\" data-id=\"282a361\" data-element_type=\"container\" data-e-type=\"container\">\n\t\t\t\t<div class=\"elementor-element elementor-element-69ca6e2 elementor-widget elementor-widget-button\" data-id=\"69ca6e2\" data-element_type=\"widget\" data-e-type=\"widget\" data-widget_type=\"button.default\">\n\t\t\t\t<div class=\"elementor-widget-container\">\n\t\t\t\t\t\t\t\t\t<div class=\"elementor-button-wrapper\">\n\t\t\t\t\t<a class=\"elementor-button elementor-button-link elementor-size-sm\" href=\"https:\/\/processintegration.dk\/es\/sectores\/aqua-feed\/\">\n\t\t\t\t\t\t<span class=\"elementor-button-content-wrapper\">\n\t\t\t\t\t\t\t\t\t<span class=\"elementor-button-text\">Aqua Feed<\/span>\n\t\t\t\t\t<\/span>\n\t\t\t\t\t<\/a>\n\t\t\t\t<\/div>\n\t\t\t\t\t\t\t\t<\/div>\n\t\t\t\t<\/div>\n\t\t\t\t<div class=\"elementor-element elementor-element-01b2fc8 elementor-widget elementor-widget-button\" data-id=\"01b2fc8\" data-element_type=\"widget\" data-e-type=\"widget\" data-widget_type=\"button.default\">\n\t\t\t\t<div class=\"elementor-widget-container\">\n\t\t\t\t\t\t\t\t\t<div class=\"elementor-button-wrapper\">\n\t\t\t\t\t<a class=\"elementor-button elementor-button-link elementor-size-sm\" href=\"https:\/\/processintegration.dk\/es\/sectores\/comida-para-mascotas\/\">\n\t\t\t\t\t\t<span class=\"elementor-button-content-wrapper\">\n\t\t\t\t\t\t\t\t\t<span class=\"elementor-button-text\">Alimentos para Mascotas<\/span>\n\t\t\t\t\t<\/span>\n\t\t\t\t\t<\/a>\n\t\t\t\t<\/div>\n\t\t\t\t\t\t\t\t<\/div>\n\t\t\t\t<\/div>\n\t\t\t\t<div class=\"elementor-element elementor-element-7a796c2 elementor-widget elementor-widget-button\" data-id=\"7a796c2\" data-element_type=\"widget\" data-e-type=\"widget\" data-widget_type=\"button.default\">\n\t\t\t\t<div class=\"elementor-widget-container\">\n\t\t\t\t\t\t\t\t\t<div class=\"elementor-button-wrapper\">\n\t\t\t\t\t<a class=\"elementor-button elementor-button-link elementor-size-sm\" href=\"https:\/\/processintegration.dk\/es\/sectores\/proteinas-sostenibles\/\">\n\t\t\t\t\t\t<span class=\"elementor-button-content-wrapper\">\n\t\t\t\t\t\t\t\t\t<span class=\"elementor-button-text\">Prote\u00ednas Sostenibles<\/span>\n\t\t\t\t\t<\/span>\n\t\t\t\t\t<\/a>\n\t\t\t\t<\/div>\n\t\t\t\t\t\t\t\t<\/div>\n\t\t\t\t<\/div>\n\t\t\t\t<div class=\"elementor-element elementor-element-9ead19c elementor-widget elementor-widget-button\" data-id=\"9ead19c\" data-element_type=\"widget\" data-e-type=\"widget\" data-widget_type=\"button.default\">\n\t\t\t\t<div class=\"elementor-widget-container\">\n\t\t\t\t\t\t\t\t\t<div class=\"elementor-button-wrapper\">\n\t\t\t\t\t<a class=\"elementor-button elementor-button-link elementor-size-sm\" href=\"https:\/\/processintegration.dk\/es\/sectores\/alimentos-y-bebidas-liquidos\/\">\n\t\t\t\t\t\t<span class=\"elementor-button-content-wrapper\">\n\t\t\t\t\t\t\t\t\t<span class=\"elementor-button-text\">Alimentos y bebidas l\u00edquidos<\/span>\n\t\t\t\t\t<\/span>\n\t\t\t\t\t<\/a>\n\t\t\t\t<\/div>\n\t\t\t\t\t\t\t\t<\/div>\n\t\t\t\t<\/div>\n\t\t\t\t<\/div>\n\t\t\t\t\t<\/div>\n\t\t\t\t<\/div>\n\t\t\t\t<\/div>\n\t\t","protected":false},"excerpt":{"rendered":"<p>Home Acerca de la integraci\u00f3n de procesos En Process Integration, creemos en las colaboraciones a largo plazo basadas en la confianza, la experiencia y los objetivos compartidos. Como asesores de confianza dentro de la industria de la ingenier\u00eda de procesos, apoyamos a nuestros clientes de los sectores de alimentos para la acuicultura, alimentos para mascotas, [&hellip;]<\/p>\n","protected":false},"author":1,"featured_media":0,"parent":0,"menu_order":0,"comment_status":"closed","ping_status":"closed","template":"","meta":{"_acf_changed":false,"footnotes":""},"class_list":["post-1151","page","type-page","status-publish","hentry"],"acf":[],"_links":{"self":[{"href":"https:\/\/processintegration.dk\/es\/wp-json\/wp\/v2\/pages\/1151","targetHints":{"allow":["GET"]}}],"collection":[{"href":"https:\/\/processintegration.dk\/es\/wp-json\/wp\/v2\/pages"}],"about":[{"href":"https:\/\/processintegration.dk\/es\/wp-json\/wp\/v2\/types\/page"}],"author":[{"embeddable":true,"href":"https:\/\/processintegration.dk\/es\/wp-json\/wp\/v2\/users\/1"}],"replies":[{"embeddable":true,"href":"https:\/\/processintegration.dk\/es\/wp-json\/wp\/v2\/comments?post=1151"}],"version-history":[{"count":4,"href":"https:\/\/processintegration.dk\/es\/wp-json\/wp\/v2\/pages\/1151\/revisions"}],"predecessor-version":[{"id":2245,"href":"https:\/\/processintegration.dk\/es\/wp-json\/wp\/v2\/pages\/1151\/revisions\/2245"}],"wp:attachment":[{"href":"https:\/\/processintegration.dk\/es\/wp-json\/wp\/v2\/media?parent=1151"}],"curies":[{"name":"wp","href":"https:\/\/api.w.org\/{rel}","templated":true}]}}