{"id":1149,"date":"2025-06-23T11:20:24","date_gmt":"2025-06-23T09:20:24","guid":{"rendered":"https:\/\/pi.host9.slyde.dk\/servicios\/supervision-e-instalacion\/"},"modified":"2025-10-27T10:27:46","modified_gmt":"2025-10-27T09:27:46","slug":"supervision-e-instalacion","status":"publish","type":"page","link":"https:\/\/processintegration.dk\/es\/servicios-2\/supervision-e-instalacion\/","title":{"rendered":"Supervisi\u00f3n e instalaci\u00f3n"},"content":{"rendered":"\t\t<div data-elementor-type=\"wp-post\" data-elementor-id=\"1149\" class=\"elementor elementor-1149 elementor-142\" data-elementor-post-type=\"page\">\n\t\t\t\t<div class=\"elementor-element elementor-element-a063d11 e-flex e-con-boxed e-con e-parent\" data-id=\"a063d11\" data-element_type=\"container\" data-e-type=\"container\">\n\t\t\t\t\t<div class=\"e-con-inner\">\n\t\t<div class=\"elementor-element elementor-element-78b4112 e-con-full e-flex e-con e-child\" data-id=\"78b4112\" data-element_type=\"container\" data-e-type=\"container\">\n\t\t\t\t<div class=\"elementor-element elementor-element-43cc0d4 elementor-widget elementor-widget-breadcrumbs\" data-id=\"43cc0d4\" data-element_type=\"widget\" data-e-type=\"widget\" data-widget_type=\"breadcrumbs.default\">\n\t\t\t\t<div class=\"elementor-widget-container\">\n\t\t\t\t\t<nav aria-label=\"breadcrumbs\" class=\"rank-math-breadcrumb\"><p><span class=\"last\">Home<\/span><\/p><\/nav>\t\t\t\t<\/div>\n\t\t\t\t<\/div>\n\t\t\t\t<div class=\"elementor-element elementor-element-af5f340 elementor-widget elementor-widget-heading\" data-id=\"af5f340\" data-element_type=\"widget\" data-e-type=\"widget\" data-widget_type=\"heading.default\">\n\t\t\t\t<div class=\"elementor-widget-container\">\n\t\t\t\t\t<h1 class=\"elementor-heading-title elementor-size-default\">Supervisi\u00f3n e instalaci\u00f3n<\/h1>\t\t\t\t<\/div>\n\t\t\t\t<\/div>\n\t\t\t\t<div class=\"elementor-element elementor-element-438bbe7 elementor-widget elementor-widget-heading\" data-id=\"438bbe7\" data-element_type=\"widget\" data-e-type=\"widget\" data-widget_type=\"heading.default\">\n\t\t\t\t<div class=\"elementor-widget-container\">\n\t\t\t\t\t<h2 class=\"elementor-heading-title elementor-size-default\">Ofrecemos servicios de instalaci\u00f3n con un equipo de soldadores, montadores y mec\u00e1nicos adaptado a sus necesidades espec\u00edficas.<\/h2>\t\t\t\t<\/div>\n\t\t\t\t<\/div>\n\t\t\t\t<div class=\"elementor-element elementor-element-33eee3d elementor-widget elementor-widget-text-editor\" data-id=\"33eee3d\" data-element_type=\"widget\" data-e-type=\"widget\" data-widget_type=\"text-editor.default\">\n\t\t\t\t<div class=\"elementor-widget-container\">\n\t\t\t\t\t\t\t\t\t<div><div class=\"container\"><div class=\"row clearfix\"><div class=\"col-md-12 column\"><p>Nuestro equipo se compromete a proporcionar una instalaci\u00f3n profesional y segura.<\/p><\/div><\/div><\/div><\/div><div><div class=\"container\"><div class=\"row clearfix\"><div class=\"col-md-8 column\"><div><p>Para la gesti\u00f3n del emplazamiento y del personal, proporcionamos supervisi\u00f3n e inspecci\u00f3n en cada paso del proceso de instalaci\u00f3n, incluyendo la puesta en marcha, la formaci\u00f3n y el servicio.<\/p><p>Trabajar con nosotros le proporciona experiencia especializada y profesionalidad.<\/p><p>Nuestros soldadores y tuberos son expertos en acero dulce e inoxidable y poseen certificados en soldadura TIG y trabajos en caliente. Cuentan con una vasta experiencia en construcciones de acero, sistemas de tuber\u00edas, instalaci\u00f3n de equipos mec\u00e1nicos y otras instalaciones complejas en una amplia gama de industrias. <\/p><p><strong>Los servicios prestados son:<\/strong><\/p><p>&#8211; Gesti\u00f3n del emplazamiento<\/p><p>&#8211; Supervisi\u00f3n de la instalaci\u00f3n mec\u00e1nica<\/p><p>&#8211; Supervisi\u00f3n de la instalaci\u00f3n de tuber\u00edas<\/p><p>&#8211; Montadores y soldadores<\/p><p>&#8211; Elevaci\u00f3n y colocaci\u00f3n de equipos pesados<\/p><p>Aplicamos rigurosos procedimientos de inspecci\u00f3n y calidad de acuerdo con las normas nacionales e internacionales, incluyendo la FDA y las GMP, y siempre cumplimos con las normas y reglamentos espec\u00edficos del emplazamiento. Adem\u00e1s, nuestro equipo conoce bien las normas de seguridad alimentaria y las directrices EHEDG. <\/p><p>Nuestro equipo incluye supervisores experimentados que pueden proporcionar gesti\u00f3n del emplazamiento y supervisar todo el proceso, garantizando una entrega segura y puntual.<\/p><\/div><\/div><div class=\"col-md-4 column\"> <\/div><\/div><\/div><\/div>\t\t\t\t\t\t\t\t<\/div>\n\t\t\t\t<\/div>\n\t\t\t\t<\/div>\n\t\t<div class=\"elementor-element elementor-element-5a39a7b e-con-full e-flex e-con e-child\" data-id=\"5a39a7b\" data-element_type=\"container\" data-e-type=\"container\" data-settings=\"{&quot;background_background&quot;:&quot;classic&quot;}\">\n\t\t\t\t<div class=\"elementor-element elementor-element-2a3f279 dce_masking-none elementor-widget elementor-widget-image\" data-id=\"2a3f279\" data-element_type=\"widget\" data-e-type=\"widget\" data-widget_type=\"image.default\">\n\t\t\t\t<div class=\"elementor-widget-container\">\n\t\t\t\t\t\t\t\t\t\t\t\t\t\t\t<img fetchpriority=\"high\" decoding=\"async\" width=\"800\" height=\"600\" src=\"https:\/\/processintegration.dk\/wp-content\/uploads\/2025\/06\/Supervision-and-installation_1-1024x768.jpg\" class=\"attachment-large size-large wp-image-260\" alt=\"Supervision and installation\" srcset=\"https:\/\/processintegration.dk\/wp-content\/uploads\/2025\/06\/Supervision-and-installation_1-1024x768.jpg 1024w, https:\/\/processintegration.dk\/wp-content\/uploads\/2025\/06\/Supervision-and-installation_1-300x225.jpg 300w, https:\/\/processintegration.dk\/wp-content\/uploads\/2025\/06\/Supervision-and-installation_1-768x576.jpg 768w, https:\/\/processintegration.dk\/wp-content\/uploads\/2025\/06\/Supervision-and-installation_1-1536x1152.jpg 1536w, https:\/\/processintegration.dk\/wp-content\/uploads\/2025\/06\/Supervision-and-installation_1-2048x1536.jpg 2048w\" sizes=\"(max-width: 800px) 100vw, 800px\" \/>\t\t\t\t\t\t\t\t\t\t\t\t\t\t\t<\/div>\n\t\t\t\t<\/div>\n\t\t\t\t<div class=\"elementor-element elementor-element-e796868 dce_masking-none elementor-widget elementor-widget-image\" data-id=\"e796868\" data-element_type=\"widget\" data-e-type=\"widget\" data-widget_type=\"image.default\">\n\t\t\t\t<div class=\"elementor-widget-container\">\n\t\t\t\t\t\t\t\t\t\t\t\t\t\t\t<img decoding=\"async\" width=\"800\" height=\"600\" src=\"https:\/\/processintegration.dk\/wp-content\/uploads\/2025\/06\/Supervision-and-installation_2.jpg\" class=\"attachment-large size-large wp-image-261\" alt=\"Supervisi\u00f3n e instalaci\u00f3n en Integraci\u00f3n de Procesos\" srcset=\"https:\/\/processintegration.dk\/wp-content\/uploads\/2025\/06\/Supervision-and-installation_2.jpg 800w, https:\/\/processintegration.dk\/wp-content\/uploads\/2025\/06\/Supervision-and-installation_2-300x225.jpg 300w, https:\/\/processintegration.dk\/wp-content\/uploads\/2025\/06\/Supervision-and-installation_2-768x576.jpg 768w\" sizes=\"(max-width: 800px) 100vw, 800px\" \/>\t\t\t\t\t\t\t\t\t\t\t\t\t\t\t<\/div>\n\t\t\t\t<\/div>\n\t\t\t\t<\/div>\n\t\t\t\t\t<\/div>\n\t\t\t\t<\/div>\n\t\t<div class=\"elementor-element elementor-element-6b6b763 e-con-full e-flex e-con e-parent\" data-id=\"6b6b763\" data-element_type=\"container\" data-e-type=\"container\" data-settings=\"{&quot;background_background&quot;:&quot;classic&quot;}\">\n\t\t<div class=\"elementor-element elementor-element-0fe2d65 e-flex e-con-boxed e-con e-child\" data-id=\"0fe2d65\" data-element_type=\"container\" data-e-type=\"container\">\n\t\t\t\t\t<div class=\"e-con-inner\">\n\t\t\t\t<div class=\"elementor-element elementor-element-32c5fed elementor-widget__width-initial elementor-widget elementor-widget-text-editor\" data-id=\"32c5fed\" data-element_type=\"widget\" data-e-type=\"widget\" data-widget_type=\"text-editor.default\">\n\t\t\t\t<div class=\"elementor-widget-container\">\n\t\t\t\t\t\t\t\t\t<p>Nuestros soldadores y tuberos son expertos en acero dulce e inoxidable y poseen certificados en soldadura TIG y trabajos en caliente.<\/p><p>Cuentan con una vasta experiencia en construcciones de acero, sistemas de tuber\u00edas, instalaci\u00f3n de equipos mec\u00e1nicos y otras instalaciones complejas en una amplia gama de industrias.<\/p><p>Aplicamos rigurosos procedimientos de inspecci\u00f3n y calidad de acuerdo con las normas nacionales e internacionales, incluyendo la FDA y las GMP, y siempre cumplimos con las normas y reglamentos espec\u00edficos del emplazamiento.<\/p><p>Nuestro equipo incluye supervisores experimentados que pueden proporcionar gesti\u00f3n del emplazamiento y supervisar todo el proceso, garantizando una entrega segura y puntual.<\/p>\t\t\t\t\t\t\t\t<\/div>\n\t\t\t\t<\/div>\n\t\t\t\t\t<\/div>\n\t\t\t\t<\/div>\n\t\t<div data-dce-background-image-url=\"https:\/\/processintegration.dk\/wp-content\/uploads\/2025\/06\/Supervision-and-installation_3.jpg\" class=\"elementor-element elementor-element-a74ea39 e-con-full e-flex e-con e-child\" data-id=\"a74ea39\" data-element_type=\"container\" data-e-type=\"container\" data-settings=\"{&quot;background_background&quot;:&quot;classic&quot;}\">\n\t\t\t\t<\/div>\n\t\t\t\t<\/div>\n\t\t<div class=\"elementor-element elementor-element-a6cfbd9 e-flex e-con-boxed e-con e-parent\" data-id=\"a6cfbd9\" data-element_type=\"container\" data-e-type=\"container\" data-settings=\"{&quot;background_background&quot;:&quot;classic&quot;}\">\n\t\t\t\t\t<div class=\"e-con-inner\">\n\t\t\t\t<div class=\"elementor-element elementor-element-897836b elementor-widget elementor-widget-heading\" data-id=\"897836b\" data-element_type=\"widget\" data-e-type=\"widget\" data-widget_type=\"heading.default\">\n\t\t\t\t<div class=\"elementor-widget-container\">\n\t\t\t\t\t<h2 class=\"elementor-heading-title elementor-size-default\">Otros servicios<\/h2>\t\t\t\t<\/div>\n\t\t\t\t<\/div>\n\t\t<div class=\"elementor-element elementor-element-1e4aa1de e-con-full e-flex e-con e-child\" data-id=\"1e4aa1de\" data-element_type=\"container\" data-e-type=\"container\">\n\t\t<a class=\"elementor-element elementor-element-6e2de624 e-con-full e-flex e-con e-child\" data-id=\"6e2de624\" data-element_type=\"container\" data-e-type=\"container\" href=\"https:\/\/processintegration.dk\/services\/plant-and-process-design\/\">\n\t\t\t\t<div class=\"elementor-element elementor-element-170ecf4 dce_masking-none elementor-widget elementor-widget-image\" data-id=\"170ecf4\" data-element_type=\"widget\" data-e-type=\"widget\" data-widget_type=\"image.default\">\n\t\t\t\t<div class=\"elementor-widget-container\">\n\t\t\t\t\t\t\t\t\t\t\t\t\t\t\t<img decoding=\"async\" width=\"800\" height=\"800\" src=\"https:\/\/processintegration.dk\/wp-content\/uploads\/2025\/06\/kyritz-billede-med-3d-scan-3.png\" class=\"attachment-large size-large wp-image-256\" alt=\"Dise\u00f1o 3D de plantas y procesos\" srcset=\"https:\/\/processintegration.dk\/wp-content\/uploads\/2025\/06\/kyritz-billede-med-3d-scan-3.png 800w, https:\/\/processintegration.dk\/wp-content\/uploads\/2025\/06\/kyritz-billede-med-3d-scan-3-300x300.png 300w, https:\/\/processintegration.dk\/wp-content\/uploads\/2025\/06\/kyritz-billede-med-3d-scan-3-150x150.png 150w, https:\/\/processintegration.dk\/wp-content\/uploads\/2025\/06\/kyritz-billede-med-3d-scan-3-768x768.png 768w\" sizes=\"(max-width: 800px) 100vw, 800px\" \/>\t\t\t\t\t\t\t\t\t\t\t\t\t\t\t<\/div>\n\t\t\t\t<\/div>\n\t\t<div class=\"elementor-element elementor-element-64a3d128 e-con-full e-flex e-con e-child\" data-id=\"64a3d128\" data-element_type=\"container\" data-e-type=\"container\">\n\t\t\t\t<div class=\"elementor-element elementor-element-1ca67a79 elementor-widget elementor-widget-heading\" data-id=\"1ca67a79\" data-element_type=\"widget\" data-e-type=\"widget\" data-widget_type=\"heading.default\">\n\t\t\t\t<div class=\"elementor-widget-container\">\n\t\t\t\t\t<h2 class=\"elementor-heading-title elementor-size-default\">Dise\u00f1o de plantas y proyectos<\/h2>\t\t\t\t<\/div>\n\t\t\t\t<\/div>\n\t\t\t\t<div class=\"elementor-element elementor-element-4993e6f4 elementor-view-default elementor-widget elementor-widget-icon\" data-id=\"4993e6f4\" data-element_type=\"widget\" data-e-type=\"widget\" data-widget_type=\"icon.default\">\n\t\t\t\t<div class=\"elementor-widget-container\">\n\t\t\t\t\t\t\t<div class=\"elementor-icon-wrapper\">\n\t\t\t<div class=\"elementor-icon\">\n\t\t\t<svg aria-hidden=\"true\" class=\"e-font-icon-svg e-fas-chevron-circle-right\" viewBox=\"0 0 512 512\" xmlns=\"http:\/\/www.w3.org\/2000\/svg\"><path d=\"M256 8c137 0 248 111 248 248S393 504 256 504 8 393 8 256 119 8 256 8zm113.9 231L234.4 103.5c-9.4-9.4-24.6-9.4-33.9 0l-17 17c-9.4 9.4-9.4 24.6 0 33.9L285.1 256 183.5 357.6c-9.4 9.4-9.4 24.6 0 33.9l17 17c9.4 9.4 24.6 9.4 33.9 0L369.9 273c9.4-9.4 9.4-24.6 0-34z\"><\/path><\/svg>\t\t\t<\/div>\n\t\t<\/div>\n\t\t\t\t\t\t<\/div>\n\t\t\t\t<\/div>\n\t\t\t\t<\/div>\n\t\t\t\t<\/a>\n\t\t<a class=\"elementor-element elementor-element-5baa2ee4 e-con-full e-flex e-con e-child\" data-id=\"5baa2ee4\" data-element_type=\"container\" data-e-type=\"container\" href=\"https:\/\/processintegration.dk\/project-management\/\">\n\t\t\t\t<div class=\"elementor-element elementor-element-1a039eba dce_masking-none elementor-widget elementor-widget-image\" data-id=\"1a039eba\" data-element_type=\"widget\" data-e-type=\"widget\" data-widget_type=\"image.default\">\n\t\t\t\t<div class=\"elementor-widget-container\">\n\t\t\t\t\t\t\t\t\t\t\t\t\t\t\t<img loading=\"lazy\" decoding=\"async\" width=\"800\" height=\"800\" src=\"https:\/\/processintegration.dk\/wp-content\/uploads\/2025\/06\/project-planning.jpg\" class=\"attachment-large size-large wp-image-254\" alt=\"Planificaci\u00f3n de proyectos en Integraci\u00f3n de Procesos\" srcset=\"https:\/\/processintegration.dk\/wp-content\/uploads\/2025\/06\/project-planning.jpg 800w, https:\/\/processintegration.dk\/wp-content\/uploads\/2025\/06\/project-planning-300x300.jpg 300w, https:\/\/processintegration.dk\/wp-content\/uploads\/2025\/06\/project-planning-150x150.jpg 150w, https:\/\/processintegration.dk\/wp-content\/uploads\/2025\/06\/project-planning-768x768.jpg 768w\" sizes=\"(max-width: 800px) 100vw, 800px\" \/>\t\t\t\t\t\t\t\t\t\t\t\t\t\t\t<\/div>\n\t\t\t\t<\/div>\n\t\t<div class=\"elementor-element elementor-element-71c43489 e-con-full e-flex e-con e-child\" data-id=\"71c43489\" data-element_type=\"container\" data-e-type=\"container\">\n\t\t\t\t<div class=\"elementor-element elementor-element-58091141 elementor-widget elementor-widget-heading\" data-id=\"58091141\" data-element_type=\"widget\" data-e-type=\"widget\" data-widget_type=\"heading.default\">\n\t\t\t\t<div class=\"elementor-widget-container\">\n\t\t\t\t\t<h2 class=\"elementor-heading-title elementor-size-default\">Gesti\u00f3n de proyectos<\/h2>\t\t\t\t<\/div>\n\t\t\t\t<\/div>\n\t\t\t\t<div class=\"elementor-element elementor-element-fa1e707 elementor-view-default elementor-widget elementor-widget-icon\" data-id=\"fa1e707\" data-element_type=\"widget\" data-e-type=\"widget\" data-widget_type=\"icon.default\">\n\t\t\t\t<div class=\"elementor-widget-container\">\n\t\t\t\t\t\t\t<div class=\"elementor-icon-wrapper\">\n\t\t\t<div class=\"elementor-icon\">\n\t\t\t<svg aria-hidden=\"true\" class=\"e-font-icon-svg e-fas-chevron-circle-right\" viewBox=\"0 0 512 512\" xmlns=\"http:\/\/www.w3.org\/2000\/svg\"><path d=\"M256 8c137 0 248 111 248 248S393 504 256 504 8 393 8 256 119 8 256 8zm113.9 231L234.4 103.5c-9.4-9.4-24.6-9.4-33.9 0l-17 17c-9.4 9.4-9.4 24.6 0 33.9L285.1 256 183.5 357.6c-9.4 9.4-9.4 24.6 0 33.9l17 17c9.4 9.4 24.6 9.4 33.9 0L369.9 273c9.4-9.4 9.4-24.6 0-34z\"><\/path><\/svg>\t\t\t<\/div>\n\t\t<\/div>\n\t\t\t\t\t\t<\/div>\n\t\t\t\t<\/div>\n\t\t\t\t<\/div>\n\t\t\t\t<\/a>\n\t\t<a class=\"elementor-element elementor-element-257e6c9f e-con-full e-flex e-con e-child\" data-id=\"257e6c9f\" data-element_type=\"container\" data-e-type=\"container\" href=\"https:\/\/processintegration.dk\/services\/process-engineering\/\">\n\t\t\t\t<div class=\"elementor-element elementor-element-597da8f e-transform dce_masking-none elementor-widget elementor-widget-image\" data-id=\"597da8f\" data-element_type=\"widget\" data-e-type=\"widget\" data-settings=\"{&quot;motion_fx_motion_fx_mouse&quot;:&quot;yes&quot;,&quot;_transform_translateX_effect&quot;:{&quot;unit&quot;:&quot;px&quot;,&quot;size&quot;:&quot;&quot;,&quot;sizes&quot;:[]},&quot;_transform_translateX_effect_tablet&quot;:{&quot;unit&quot;:&quot;px&quot;,&quot;size&quot;:&quot;&quot;,&quot;sizes&quot;:[]},&quot;_transform_translateX_effect_mobile&quot;:{&quot;unit&quot;:&quot;px&quot;,&quot;size&quot;:&quot;&quot;,&quot;sizes&quot;:[]},&quot;_transform_translateY_effect&quot;:{&quot;unit&quot;:&quot;px&quot;,&quot;size&quot;:&quot;&quot;,&quot;sizes&quot;:[]},&quot;_transform_translateY_effect_tablet&quot;:{&quot;unit&quot;:&quot;px&quot;,&quot;size&quot;:&quot;&quot;,&quot;sizes&quot;:[]},&quot;_transform_translateY_effect_mobile&quot;:{&quot;unit&quot;:&quot;px&quot;,&quot;size&quot;:&quot;&quot;,&quot;sizes&quot;:[]}}\" data-widget_type=\"image.default\">\n\t\t\t\t<div class=\"elementor-widget-container\">\n\t\t\t\t\t\t\t\t\t\t\t\t\t\t\t<img loading=\"lazy\" decoding=\"async\" width=\"800\" height=\"800\" src=\"https:\/\/processintegration.dk\/wp-content\/uploads\/2025\/06\/dscf0072.jpg\" class=\"attachment-large size-large wp-image-251\" alt=\"Dise\u00f1o de plantas y procesos en Integraci\u00f3n de Procesos\" srcset=\"https:\/\/processintegration.dk\/wp-content\/uploads\/2025\/06\/dscf0072.jpg 800w, https:\/\/processintegration.dk\/wp-content\/uploads\/2025\/06\/dscf0072-300x300.jpg 300w, https:\/\/processintegration.dk\/wp-content\/uploads\/2025\/06\/dscf0072-150x150.jpg 150w, https:\/\/processintegration.dk\/wp-content\/uploads\/2025\/06\/dscf0072-768x768.jpg 768w\" sizes=\"(max-width: 800px) 100vw, 800px\" \/>\t\t\t\t\t\t\t\t\t\t\t\t\t\t\t<\/div>\n\t\t\t\t<\/div>\n\t\t<div class=\"elementor-element elementor-element-239f1786 e-flex e-con-boxed e-con e-child\" data-id=\"239f1786\" data-element_type=\"container\" data-e-type=\"container\">\n\t\t\t\t\t<div class=\"e-con-inner\">\n\t\t\t\t<div class=\"elementor-element elementor-element-319dde77 elementor-widget elementor-widget-heading\" data-id=\"319dde77\" data-element_type=\"widget\" data-e-type=\"widget\" data-widget_type=\"heading.default\">\n\t\t\t\t<div class=\"elementor-widget-container\">\n\t\t\t\t\t<h2 class=\"elementor-heading-title elementor-size-default\">Ingenier\u00eda de procesos<\/h2>\t\t\t\t<\/div>\n\t\t\t\t<\/div>\n\t\t\t\t<div class=\"elementor-element elementor-element-35da896f elementor-view-default elementor-widget elementor-widget-icon\" data-id=\"35da896f\" data-element_type=\"widget\" data-e-type=\"widget\" data-widget_type=\"icon.default\">\n\t\t\t\t<div class=\"elementor-widget-container\">\n\t\t\t\t\t\t\t<div class=\"elementor-icon-wrapper\">\n\t\t\t<div class=\"elementor-icon\">\n\t\t\t<svg aria-hidden=\"true\" class=\"e-font-icon-svg e-fas-chevron-circle-right\" viewBox=\"0 0 512 512\" xmlns=\"http:\/\/www.w3.org\/2000\/svg\"><path d=\"M256 8c137 0 248 111 248 248S393 504 256 504 8 393 8 256 119 8 256 8zm113.9 231L234.4 103.5c-9.4-9.4-24.6-9.4-33.9 0l-17 17c-9.4 9.4-9.4 24.6 0 33.9L285.1 256 183.5 357.6c-9.4 9.4-9.4 24.6 0 33.9l17 17c9.4 9.4 24.6 9.4 33.9 0L369.9 273c9.4-9.4 9.4-24.6 0-34z\"><\/path><\/svg>\t\t\t<\/div>\n\t\t<\/div>\n\t\t\t\t\t\t<\/div>\n\t\t\t\t<\/div>\n\t\t\t\t\t<\/div>\n\t\t\t\t<\/div>\n\t\t\t\t<\/a>\n\t\t<div class=\"elementor-element elementor-element-555b1669 e-con-full e-flex e-con e-child\" data-id=\"555b1669\" data-element_type=\"container\" data-e-type=\"container\">\n\t\t\t\t<div class=\"elementor-element elementor-element-31a1c426 dce_masking-none elementor-widget elementor-widget-image\" data-id=\"31a1c426\" data-element_type=\"widget\" data-e-type=\"widget\" data-widget_type=\"image.default\">\n\t\t\t\t<div class=\"elementor-widget-container\">\n\t\t\t\t\t\t\t\t\t\t\t\t\t\t\t<img loading=\"lazy\" decoding=\"async\" width=\"800\" height=\"800\" src=\"https:\/\/processintegration.dk\/wp-content\/uploads\/2025\/06\/Equipment-Supply-and-Installation.jpg\" class=\"attachment-large size-large wp-image-252\" alt=\"Suministro e instalaci\u00f3n de equipos\" srcset=\"https:\/\/processintegration.dk\/wp-content\/uploads\/2025\/06\/Equipment-Supply-and-Installation.jpg 800w, https:\/\/processintegration.dk\/wp-content\/uploads\/2025\/06\/Equipment-Supply-and-Installation-300x300.jpg 300w, https:\/\/processintegration.dk\/wp-content\/uploads\/2025\/06\/Equipment-Supply-and-Installation-150x150.jpg 150w, https:\/\/processintegration.dk\/wp-content\/uploads\/2025\/06\/Equipment-Supply-and-Installation-768x768.jpg 768w\" sizes=\"(max-width: 800px) 100vw, 800px\" \/>\t\t\t\t\t\t\t\t\t\t\t\t\t\t\t<\/div>\n\t\t\t\t<\/div>\n\t\t<div class=\"elementor-element elementor-element-4888ba65 e-con-full e-flex e-con e-child\" data-id=\"4888ba65\" data-element_type=\"container\" data-e-type=\"container\">\n\t\t\t\t<div class=\"elementor-element elementor-element-1e1fe19 elementor-widget elementor-widget-heading\" data-id=\"1e1fe19\" data-element_type=\"widget\" data-e-type=\"widget\" data-widget_type=\"heading.default\">\n\t\t\t\t<div class=\"elementor-widget-container\">\n\t\t\t\t\t<h2 class=\"elementor-heading-title elementor-size-default\">Suministro e instalaci\u00f3n de equipos<\/h2>\t\t\t\t<\/div>\n\t\t\t\t<\/div>\n\t\t\t\t<div class=\"elementor-element elementor-element-3c896130 elementor-view-default elementor-widget elementor-widget-icon\" data-id=\"3c896130\" data-element_type=\"widget\" data-e-type=\"widget\" data-widget_type=\"icon.default\">\n\t\t\t\t<div class=\"elementor-widget-container\">\n\t\t\t\t\t\t\t<div class=\"elementor-icon-wrapper\">\n\t\t\t<div class=\"elementor-icon\">\n\t\t\t<svg aria-hidden=\"true\" class=\"e-font-icon-svg e-fas-chevron-circle-right\" viewBox=\"0 0 512 512\" xmlns=\"http:\/\/www.w3.org\/2000\/svg\"><path d=\"M256 8c137 0 248 111 248 248S393 504 256 504 8 393 8 256 119 8 256 8zm113.9 231L234.4 103.5c-9.4-9.4-24.6-9.4-33.9 0l-17 17c-9.4 9.4-9.4 24.6 0 33.9L285.1 256 183.5 357.6c-9.4 9.4-9.4 24.6 0 33.9l17 17c9.4 9.4 24.6 9.4 33.9 0L369.9 273c9.4-9.4 9.4-24.6 0-34z\"><\/path><\/svg>\t\t\t<\/div>\n\t\t<\/div>\n\t\t\t\t\t\t<\/div>\n\t\t\t\t<\/div>\n\t\t\t\t<\/div>\n\t\t\t\t<\/div>\n\t\t\t\t<\/div>\n\t\t\t\t\t<\/div>\n\t\t\t\t<\/div>\n\t\t\t\t<\/div>\n\t\t","protected":false},"excerpt":{"rendered":"<p>Home Supervisi\u00f3n e instalaci\u00f3n Ofrecemos servicios de instalaci\u00f3n con un equipo de soldadores, montadores y mec\u00e1nicos adaptado a sus necesidades espec\u00edficas. Nuestro equipo se compromete a proporcionar una instalaci\u00f3n profesional y segura. Para la gesti\u00f3n del emplazamiento y del personal, proporcionamos supervisi\u00f3n e inspecci\u00f3n en cada paso del proceso de instalaci\u00f3n, incluyendo la puesta en [&hellip;]<\/p>\n","protected":false},"author":1,"featured_media":0,"parent":2243,"menu_order":0,"comment_status":"closed","ping_status":"closed","template":"","meta":{"_acf_changed":false,"footnotes":""},"class_list":["post-1149","page","type-page","status-publish","hentry"],"acf":[],"_links":{"self":[{"href":"https:\/\/processintegration.dk\/es\/wp-json\/wp\/v2\/pages\/1149","targetHints":{"allow":["GET"]}}],"collection":[{"href":"https:\/\/processintegration.dk\/es\/wp-json\/wp\/v2\/pages"}],"about":[{"href":"https:\/\/processintegration.dk\/es\/wp-json\/wp\/v2\/types\/page"}],"author":[{"embeddable":true,"href":"https:\/\/processintegration.dk\/es\/wp-json\/wp\/v2\/users\/1"}],"replies":[{"embeddable":true,"href":"https:\/\/processintegration.dk\/es\/wp-json\/wp\/v2\/comments?post=1149"}],"version-history":[{"count":2,"href":"https:\/\/processintegration.dk\/es\/wp-json\/wp\/v2\/pages\/1149\/revisions"}],"predecessor-version":[{"id":2236,"href":"https:\/\/processintegration.dk\/es\/wp-json\/wp\/v2\/pages\/1149\/revisions\/2236"}],"up":[{"embeddable":true,"href":"https:\/\/processintegration.dk\/es\/wp-json\/wp\/v2\/pages\/2243"}],"wp:attachment":[{"href":"https:\/\/processintegration.dk\/es\/wp-json\/wp\/v2\/media?parent=1149"}],"curies":[{"name":"wp","href":"https:\/\/api.w.org\/{rel}","templated":true}]}}