{"id":1144,"date":"2025-06-23T11:36:46","date_gmt":"2025-06-23T09:36:46","guid":{"rendered":"https:\/\/pi.host9.slyde.dk\/servicios\/suministro-e-instalacion-de-equipos\/"},"modified":"2025-10-27T10:27:46","modified_gmt":"2025-10-27T09:27:46","slug":"suministro-e-instalacion-de-equipos","status":"publish","type":"page","link":"https:\/\/processintegration.dk\/es\/servicios-2\/suministro-e-instalacion-de-equipos\/","title":{"rendered":"Suministro e instalaci\u00f3n de equipos"},"content":{"rendered":"\t\t<div data-elementor-type=\"wp-post\" data-elementor-id=\"1144\" class=\"elementor elementor-1144 elementor-150\" data-elementor-post-type=\"page\">\n\t\t\t\t<div class=\"elementor-element elementor-element-a063d11 e-flex e-con-boxed e-con e-parent\" data-id=\"a063d11\" data-element_type=\"container\" data-e-type=\"container\">\n\t\t\t\t\t<div class=\"e-con-inner\">\n\t\t<div class=\"elementor-element elementor-element-78b4112 e-con-full e-flex e-con e-child\" data-id=\"78b4112\" data-element_type=\"container\" data-e-type=\"container\">\n\t\t\t\t<div class=\"elementor-element elementor-element-994fe4f elementor-widget elementor-widget-breadcrumbs\" data-id=\"994fe4f\" data-element_type=\"widget\" data-e-type=\"widget\" data-widget_type=\"breadcrumbs.default\">\n\t\t\t\t<div class=\"elementor-widget-container\">\n\t\t\t\t\t<nav aria-label=\"breadcrumbs\" class=\"rank-math-breadcrumb\"><p><span class=\"last\">Home<\/span><\/p><\/nav>\t\t\t\t<\/div>\n\t\t\t\t<\/div>\n\t\t\t\t<div class=\"elementor-element elementor-element-af5f340 elementor-widget elementor-widget-heading\" data-id=\"af5f340\" data-element_type=\"widget\" data-e-type=\"widget\" data-widget_type=\"heading.default\">\n\t\t\t\t<div class=\"elementor-widget-container\">\n\t\t\t\t\t<h1 class=\"elementor-heading-title elementor-size-default\">Suministro e instalaci\u00f3n de equipos<\/h1>\t\t\t\t<\/div>\n\t\t\t\t<\/div>\n\t\t\t\t<div class=\"elementor-element elementor-element-154978d elementor-widget elementor-widget-heading\" data-id=\"154978d\" data-element_type=\"widget\" data-e-type=\"widget\" data-widget_type=\"heading.default\">\n\t\t\t\t<div class=\"elementor-widget-container\">\n\t\t\t\t\t<h2 class=\"elementor-heading-title elementor-size-default\">\u00bfEst\u00e1 buscando ampliar su producci\u00f3n o reemplazar un equipo? Trabajaremos con usted para identificar la soluci\u00f3n \u00f3ptima y gestionar las obras de instalaci\u00f3n completas.<\/h2>\t\t\t\t<\/div>\n\t\t\t\t<\/div>\n\t\t\t\t<div class=\"elementor-element elementor-element-33eee3d elementor-widget elementor-widget-text-editor\" data-id=\"33eee3d\" data-element_type=\"widget\" data-e-type=\"widget\" data-widget_type=\"text-editor.default\">\n\t\t\t\t<div class=\"elementor-widget-container\">\n\t\t\t\t\t\t\t\t\t<div><div class=\"container\"><div class=\"row clearfix\"><div class=\"col-md-12 column\"><p>Nuestra oferta abarca desde el estudio de viabilidad inicial, el dise\u00f1o de la soluci\u00f3n, pasando por la adquisici\u00f3n de equipos, la instalaci\u00f3n in situ, la puesta en marcha y la resoluci\u00f3n de problemas hasta la entrega final.<\/p><\/div><\/div><\/div><\/div><div><div class=\"container\"><div class=\"row clearfix\"><div class=\"col-md-8 column\"><div><p>Somos independientes de cualquier proveedor de m\u00e1quinas, sin embargo, contamos con una extensa red global de proveedores, con los que trabajamos en estrecha colaboraci\u00f3n junto con usted para garantizar que siempre identifiquemos el mejor equipo y aseguremos la soluci\u00f3n \u00f3ptima para satisfacer las necesidades espec\u00edficas.<\/p><p>Tanto si necesita un servicio de instalaci\u00f3n total como parcial, podemos proporcionarle una mano de obra a medida que se ajuste a sus necesidades espec\u00edficas.<\/p><p>Siempre aportamos conocimientos especializados, experiencia, profesionalidad y un fuerte enfoque en la entrega de soluciones sostenibles e innovadoras hechas a medida para satisfacer sus necesidades.<\/p><p><strong>Los servicios prestados son:<\/strong><\/p><p>&#8211; Asesoramiento y selecci\u00f3n de proveedores de equipos cualificados<\/p><p>&#8211; Evaluaci\u00f3n comparativa y clasificaci\u00f3n<\/p><p>&#8211; Inspecci\u00f3n y control de calidad<\/p><p>&#8211; Puesta en marcha<\/p><p>&#8211; Resoluci\u00f3n de problemas <\/p><p>Durante la ejecuci\u00f3n del proyecto, aplicamos rigurosos procedimientos de inspecci\u00f3n y calidad, y contamos con un equipo de supervisores experimentados que pueden proporcionar gesti\u00f3n in situ y supervisar todo el proceso. Los supervisores garantizan una entrega segura y puntual, y gestionan el control de costes y calidad, manteniendo una visi\u00f3n hol\u00edstica de los trabajos para aumentar la eficiencia general de toda la soluci\u00f3n y reducir la necesidad de futuras inversiones.<\/p><\/div><\/div><\/div><\/div><\/div>\t\t\t\t\t\t\t\t<\/div>\n\t\t\t\t<\/div>\n\t\t\t\t<\/div>\n\t\t<div class=\"elementor-element elementor-element-5a39a7b e-con-full e-flex e-con e-child\" data-id=\"5a39a7b\" data-element_type=\"container\" data-e-type=\"container\" data-settings=\"{&quot;background_background&quot;:&quot;classic&quot;}\">\n\t\t\t\t<div class=\"elementor-element elementor-element-2a3f279 dce_masking-none elementor-widget elementor-widget-image\" data-id=\"2a3f279\" data-element_type=\"widget\" data-e-type=\"widget\" data-widget_type=\"image.default\">\n\t\t\t\t<div class=\"elementor-widget-container\">\n\t\t\t\t\t\t\t\t\t\t\t\t\t\t\t<img fetchpriority=\"high\" decoding=\"async\" width=\"800\" height=\"600\" src=\"https:\/\/processintegration.dk\/wp-content\/uploads\/2025\/06\/Supervision-and-installation_1-1024x768.jpg\" class=\"attachment-large size-large wp-image-260\" alt=\"Supervision and installation\" srcset=\"https:\/\/processintegration.dk\/wp-content\/uploads\/2025\/06\/Supervision-and-installation_1-1024x768.jpg 1024w, https:\/\/processintegration.dk\/wp-content\/uploads\/2025\/06\/Supervision-and-installation_1-300x225.jpg 300w, https:\/\/processintegration.dk\/wp-content\/uploads\/2025\/06\/Supervision-and-installation_1-768x576.jpg 768w, https:\/\/processintegration.dk\/wp-content\/uploads\/2025\/06\/Supervision-and-installation_1-1536x1152.jpg 1536w, https:\/\/processintegration.dk\/wp-content\/uploads\/2025\/06\/Supervision-and-installation_1-2048x1536.jpg 2048w\" sizes=\"(max-width: 800px) 100vw, 800px\" \/>\t\t\t\t\t\t\t\t\t\t\t\t\t\t\t<\/div>\n\t\t\t\t<\/div>\n\t\t\t\t<div class=\"elementor-element elementor-element-2c59f75 dce_masking-none elementor-widget elementor-widget-image\" data-id=\"2c59f75\" data-element_type=\"widget\" data-e-type=\"widget\" data-widget_type=\"image.default\">\n\t\t\t\t<div class=\"elementor-widget-container\">\n\t\t\t\t\t\t\t\t\t\t\t\t\t\t\t<img decoding=\"async\" width=\"800\" height=\"577\" src=\"https:\/\/processintegration.dk\/wp-content\/uploads\/2025\/06\/Equipment-supply-and-installation_2-1024x738.jpg\" class=\"attachment-large size-large wp-image-263\" alt=\"Equipment supply and installation\" srcset=\"https:\/\/processintegration.dk\/wp-content\/uploads\/2025\/06\/Equipment-supply-and-installation_2-1024x738.jpg 1024w, https:\/\/processintegration.dk\/wp-content\/uploads\/2025\/06\/Equipment-supply-and-installation_2-300x216.jpg 300w, https:\/\/processintegration.dk\/wp-content\/uploads\/2025\/06\/Equipment-supply-and-installation_2-768x554.jpg 768w, https:\/\/processintegration.dk\/wp-content\/uploads\/2025\/06\/Equipment-supply-and-installation_2-1536x1107.jpg 1536w, https:\/\/processintegration.dk\/wp-content\/uploads\/2025\/06\/Equipment-supply-and-installation_2-2048x1477.jpg 2048w\" sizes=\"(max-width: 800px) 100vw, 800px\" \/>\t\t\t\t\t\t\t\t\t\t\t\t\t\t\t<\/div>\n\t\t\t\t<\/div>\n\t\t\t\t<\/div>\n\t\t\t\t\t<\/div>\n\t\t\t\t<\/div>\n\t\t<div class=\"elementor-element elementor-element-a6cfbd9 e-flex e-con-boxed e-con e-parent\" data-id=\"a6cfbd9\" data-element_type=\"container\" data-e-type=\"container\" data-settings=\"{&quot;background_background&quot;:&quot;classic&quot;}\">\n\t\t\t\t\t<div class=\"e-con-inner\">\n\t\t\t\t<div class=\"elementor-element elementor-element-897836b elementor-widget elementor-widget-heading\" data-id=\"897836b\" data-element_type=\"widget\" data-e-type=\"widget\" data-widget_type=\"heading.default\">\n\t\t\t\t<div class=\"elementor-widget-container\">\n\t\t\t\t\t<h2 class=\"elementor-heading-title elementor-size-default\">Otros servicios<\/h2>\t\t\t\t<\/div>\n\t\t\t\t<\/div>\n\t\t<div class=\"elementor-element elementor-element-1c55be9d e-con-full e-flex e-con e-child\" data-id=\"1c55be9d\" data-element_type=\"container\" data-e-type=\"container\">\n\t\t<a class=\"elementor-element elementor-element-7693b998 e-con-full e-flex e-con e-child\" data-id=\"7693b998\" data-element_type=\"container\" data-e-type=\"container\" href=\"https:\/\/processintegration.dk\/services\/plant-and-process-design\/\">\n\t\t\t\t<div class=\"elementor-element elementor-element-f2f940 dce_masking-none elementor-widget elementor-widget-image\" data-id=\"f2f940\" data-element_type=\"widget\" data-e-type=\"widget\" data-widget_type=\"image.default\">\n\t\t\t\t<div class=\"elementor-widget-container\">\n\t\t\t\t\t\t\t\t\t\t\t\t\t\t\t<img decoding=\"async\" width=\"800\" height=\"800\" src=\"https:\/\/processintegration.dk\/wp-content\/uploads\/2025\/06\/kyritz-billede-med-3d-scan-3.png\" class=\"attachment-large size-large wp-image-256\" alt=\"Dise\u00f1o 3D de plantas y procesos\" srcset=\"https:\/\/processintegration.dk\/wp-content\/uploads\/2025\/06\/kyritz-billede-med-3d-scan-3.png 800w, https:\/\/processintegration.dk\/wp-content\/uploads\/2025\/06\/kyritz-billede-med-3d-scan-3-300x300.png 300w, https:\/\/processintegration.dk\/wp-content\/uploads\/2025\/06\/kyritz-billede-med-3d-scan-3-150x150.png 150w, https:\/\/processintegration.dk\/wp-content\/uploads\/2025\/06\/kyritz-billede-med-3d-scan-3-768x768.png 768w\" sizes=\"(max-width: 800px) 100vw, 800px\" \/>\t\t\t\t\t\t\t\t\t\t\t\t\t\t\t<\/div>\n\t\t\t\t<\/div>\n\t\t<div class=\"elementor-element elementor-element-16d09758 e-con-full e-flex e-con e-child\" data-id=\"16d09758\" data-element_type=\"container\" data-e-type=\"container\">\n\t\t\t\t<div class=\"elementor-element elementor-element-15f7115a elementor-widget elementor-widget-heading\" data-id=\"15f7115a\" data-element_type=\"widget\" data-e-type=\"widget\" data-widget_type=\"heading.default\">\n\t\t\t\t<div class=\"elementor-widget-container\">\n\t\t\t\t\t<h2 class=\"elementor-heading-title elementor-size-default\">Dise\u00f1o de plantas y procesos<\/h2>\t\t\t\t<\/div>\n\t\t\t\t<\/div>\n\t\t\t\t<div class=\"elementor-element elementor-element-7b103144 elementor-view-default elementor-widget elementor-widget-icon\" data-id=\"7b103144\" data-element_type=\"widget\" data-e-type=\"widget\" data-widget_type=\"icon.default\">\n\t\t\t\t<div class=\"elementor-widget-container\">\n\t\t\t\t\t\t\t<div class=\"elementor-icon-wrapper\">\n\t\t\t<div class=\"elementor-icon\">\n\t\t\t<svg aria-hidden=\"true\" class=\"e-font-icon-svg e-fas-chevron-circle-right\" viewBox=\"0 0 512 512\" xmlns=\"http:\/\/www.w3.org\/2000\/svg\"><path d=\"M256 8c137 0 248 111 248 248S393 504 256 504 8 393 8 256 119 8 256 8zm113.9 231L234.4 103.5c-9.4-9.4-24.6-9.4-33.9 0l-17 17c-9.4 9.4-9.4 24.6 0 33.9L285.1 256 183.5 357.6c-9.4 9.4-9.4 24.6 0 33.9l17 17c9.4 9.4 24.6 9.4 33.9 0L369.9 273c9.4-9.4 9.4-24.6 0-34z\"><\/path><\/svg>\t\t\t<\/div>\n\t\t<\/div>\n\t\t\t\t\t\t<\/div>\n\t\t\t\t<\/div>\n\t\t\t\t<\/div>\n\t\t\t\t<\/a>\n\t\t<a class=\"elementor-element elementor-element-51ed13b1 e-con-full e-flex e-con e-child\" data-id=\"51ed13b1\" data-element_type=\"container\" data-e-type=\"container\" href=\"https:\/\/processintegration.dk\/project-management\/\">\n\t\t\t\t<div class=\"elementor-element elementor-element-58fce16e dce_masking-none elementor-widget elementor-widget-image\" data-id=\"58fce16e\" data-element_type=\"widget\" data-e-type=\"widget\" data-widget_type=\"image.default\">\n\t\t\t\t<div class=\"elementor-widget-container\">\n\t\t\t\t\t\t\t\t\t\t\t\t\t\t\t<img loading=\"lazy\" decoding=\"async\" width=\"800\" height=\"800\" src=\"https:\/\/processintegration.dk\/wp-content\/uploads\/2025\/06\/project-planning.jpg\" class=\"attachment-large size-large wp-image-254\" alt=\"Planificaci\u00f3n de proyectos en Integraci\u00f3n de Procesos\" srcset=\"https:\/\/processintegration.dk\/wp-content\/uploads\/2025\/06\/project-planning.jpg 800w, https:\/\/processintegration.dk\/wp-content\/uploads\/2025\/06\/project-planning-300x300.jpg 300w, https:\/\/processintegration.dk\/wp-content\/uploads\/2025\/06\/project-planning-150x150.jpg 150w, https:\/\/processintegration.dk\/wp-content\/uploads\/2025\/06\/project-planning-768x768.jpg 768w\" sizes=\"(max-width: 800px) 100vw, 800px\" \/>\t\t\t\t\t\t\t\t\t\t\t\t\t\t\t<\/div>\n\t\t\t\t<\/div>\n\t\t<div class=\"elementor-element elementor-element-3042e783 e-con-full e-flex e-con e-child\" data-id=\"3042e783\" data-element_type=\"container\" data-e-type=\"container\">\n\t\t\t\t<div class=\"elementor-element elementor-element-3c49d9af elementor-widget elementor-widget-heading\" data-id=\"3c49d9af\" data-element_type=\"widget\" data-e-type=\"widget\" data-widget_type=\"heading.default\">\n\t\t\t\t<div class=\"elementor-widget-container\">\n\t\t\t\t\t<h2 class=\"elementor-heading-title elementor-size-default\">Gesti\u00f3n de proyectos<\/h2>\t\t\t\t<\/div>\n\t\t\t\t<\/div>\n\t\t\t\t<div class=\"elementor-element elementor-element-4a6a2e83 elementor-view-default elementor-widget elementor-widget-icon\" data-id=\"4a6a2e83\" data-element_type=\"widget\" data-e-type=\"widget\" data-widget_type=\"icon.default\">\n\t\t\t\t<div class=\"elementor-widget-container\">\n\t\t\t\t\t\t\t<div class=\"elementor-icon-wrapper\">\n\t\t\t<div class=\"elementor-icon\">\n\t\t\t<svg aria-hidden=\"true\" class=\"e-font-icon-svg e-fas-chevron-circle-right\" viewBox=\"0 0 512 512\" xmlns=\"http:\/\/www.w3.org\/2000\/svg\"><path d=\"M256 8c137 0 248 111 248 248S393 504 256 504 8 393 8 256 119 8 256 8zm113.9 231L234.4 103.5c-9.4-9.4-24.6-9.4-33.9 0l-17 17c-9.4 9.4-9.4 24.6 0 33.9L285.1 256 183.5 357.6c-9.4 9.4-9.4 24.6 0 33.9l17 17c9.4 9.4 24.6 9.4 33.9 0L369.9 273c9.4-9.4 9.4-24.6 0-34z\"><\/path><\/svg>\t\t\t<\/div>\n\t\t<\/div>\n\t\t\t\t\t\t<\/div>\n\t\t\t\t<\/div>\n\t\t\t\t<\/div>\n\t\t\t\t<\/a>\n\t\t<a class=\"elementor-element elementor-element-2878c277 e-con-full e-flex e-con e-child\" data-id=\"2878c277\" data-element_type=\"container\" data-e-type=\"container\" href=\"https:\/\/processintegration.dk\/services\/process-engineering\/\">\n\t\t\t\t<div class=\"elementor-element elementor-element-51563d84 e-transform dce_masking-none elementor-widget elementor-widget-image\" data-id=\"51563d84\" data-element_type=\"widget\" data-e-type=\"widget\" data-settings=\"{&quot;motion_fx_motion_fx_mouse&quot;:&quot;yes&quot;,&quot;_transform_translateX_effect&quot;:{&quot;unit&quot;:&quot;px&quot;,&quot;size&quot;:&quot;&quot;,&quot;sizes&quot;:[]},&quot;_transform_translateX_effect_tablet&quot;:{&quot;unit&quot;:&quot;px&quot;,&quot;size&quot;:&quot;&quot;,&quot;sizes&quot;:[]},&quot;_transform_translateX_effect_mobile&quot;:{&quot;unit&quot;:&quot;px&quot;,&quot;size&quot;:&quot;&quot;,&quot;sizes&quot;:[]},&quot;_transform_translateY_effect&quot;:{&quot;unit&quot;:&quot;px&quot;,&quot;size&quot;:&quot;&quot;,&quot;sizes&quot;:[]},&quot;_transform_translateY_effect_tablet&quot;:{&quot;unit&quot;:&quot;px&quot;,&quot;size&quot;:&quot;&quot;,&quot;sizes&quot;:[]},&quot;_transform_translateY_effect_mobile&quot;:{&quot;unit&quot;:&quot;px&quot;,&quot;size&quot;:&quot;&quot;,&quot;sizes&quot;:[]}}\" data-widget_type=\"image.default\">\n\t\t\t\t<div class=\"elementor-widget-container\">\n\t\t\t\t\t\t\t\t\t\t\t\t\t\t\t<img loading=\"lazy\" decoding=\"async\" width=\"800\" height=\"800\" src=\"https:\/\/processintegration.dk\/wp-content\/uploads\/2025\/06\/dscf0072.jpg\" class=\"attachment-large size-large wp-image-251\" alt=\"Dise\u00f1o de plantas y procesos en Integraci\u00f3n de Procesos\" srcset=\"https:\/\/processintegration.dk\/wp-content\/uploads\/2025\/06\/dscf0072.jpg 800w, https:\/\/processintegration.dk\/wp-content\/uploads\/2025\/06\/dscf0072-300x300.jpg 300w, https:\/\/processintegration.dk\/wp-content\/uploads\/2025\/06\/dscf0072-150x150.jpg 150w, https:\/\/processintegration.dk\/wp-content\/uploads\/2025\/06\/dscf0072-768x768.jpg 768w\" sizes=\"(max-width: 800px) 100vw, 800px\" \/>\t\t\t\t\t\t\t\t\t\t\t\t\t\t\t<\/div>\n\t\t\t\t<\/div>\n\t\t<div class=\"elementor-element elementor-element-6c617e9 e-flex e-con-boxed e-con e-child\" data-id=\"6c617e9\" data-element_type=\"container\" data-e-type=\"container\">\n\t\t\t\t\t<div class=\"e-con-inner\">\n\t\t\t\t<div class=\"elementor-element elementor-element-3b32df4f elementor-widget elementor-widget-heading\" data-id=\"3b32df4f\" data-element_type=\"widget\" data-e-type=\"widget\" data-widget_type=\"heading.default\">\n\t\t\t\t<div class=\"elementor-widget-container\">\n\t\t\t\t\t<h2 class=\"elementor-heading-title elementor-size-default\">Ingenier\u00eda de procesos<\/h2>\t\t\t\t<\/div>\n\t\t\t\t<\/div>\n\t\t\t\t<div class=\"elementor-element elementor-element-5fb3eaeb elementor-view-default elementor-widget elementor-widget-icon\" data-id=\"5fb3eaeb\" data-element_type=\"widget\" data-e-type=\"widget\" data-widget_type=\"icon.default\">\n\t\t\t\t<div class=\"elementor-widget-container\">\n\t\t\t\t\t\t\t<div class=\"elementor-icon-wrapper\">\n\t\t\t<div class=\"elementor-icon\">\n\t\t\t<svg aria-hidden=\"true\" class=\"e-font-icon-svg e-fas-chevron-circle-right\" viewBox=\"0 0 512 512\" xmlns=\"http:\/\/www.w3.org\/2000\/svg\"><path d=\"M256 8c137 0 248 111 248 248S393 504 256 504 8 393 8 256 119 8 256 8zm113.9 231L234.4 103.5c-9.4-9.4-24.6-9.4-33.9 0l-17 17c-9.4 9.4-9.4 24.6 0 33.9L285.1 256 183.5 357.6c-9.4 9.4-9.4 24.6 0 33.9l17 17c9.4 9.4 24.6 9.4 33.9 0L369.9 273c9.4-9.4 9.4-24.6 0-34z\"><\/path><\/svg>\t\t\t<\/div>\n\t\t<\/div>\n\t\t\t\t\t\t<\/div>\n\t\t\t\t<\/div>\n\t\t\t\t\t<\/div>\n\t\t\t\t<\/div>\n\t\t\t\t<\/a>\n\t\t<a class=\"elementor-element elementor-element-37b20e11 e-con-full e-flex e-con e-child\" data-id=\"37b20e11\" data-element_type=\"container\" data-e-type=\"container\" href=\"https:\/\/processintegration.dk\/services\/supervision-and-installation\/\">\n\t\t\t\t<div class=\"elementor-element elementor-element-5f8f28a2 dce_masking-none elementor-widget elementor-widget-image\" data-id=\"5f8f28a2\" data-element_type=\"widget\" data-e-type=\"widget\" data-widget_type=\"image.default\">\n\t\t\t\t<div class=\"elementor-widget-container\">\n\t\t\t\t\t\t\t\t\t\t\t\t\t\t\t<img loading=\"lazy\" decoding=\"async\" width=\"800\" height=\"800\" src=\"https:\/\/processintegration.dk\/wp-content\/uploads\/2025\/06\/img_8395.jpg\" class=\"attachment-large size-large wp-image-253\" alt=\"Dise\u00f1o de plantas y procesos\" srcset=\"https:\/\/processintegration.dk\/wp-content\/uploads\/2025\/06\/img_8395.jpg 800w, https:\/\/processintegration.dk\/wp-content\/uploads\/2025\/06\/img_8395-300x300.jpg 300w, https:\/\/processintegration.dk\/wp-content\/uploads\/2025\/06\/img_8395-150x150.jpg 150w, https:\/\/processintegration.dk\/wp-content\/uploads\/2025\/06\/img_8395-768x768.jpg 768w\" sizes=\"(max-width: 800px) 100vw, 800px\" \/>\t\t\t\t\t\t\t\t\t\t\t\t\t\t\t<\/div>\n\t\t\t\t<\/div>\n\t\t<div class=\"elementor-element elementor-element-692e8178 e-con-full e-flex e-con e-child\" data-id=\"692e8178\" data-element_type=\"container\" data-e-type=\"container\">\n\t\t\t\t<div class=\"elementor-element elementor-element-1a8d0174 elementor-widget elementor-widget-heading\" data-id=\"1a8d0174\" data-element_type=\"widget\" data-e-type=\"widget\" data-widget_type=\"heading.default\">\n\t\t\t\t<div class=\"elementor-widget-container\">\n\t\t\t\t\t<h2 class=\"elementor-heading-title elementor-size-default\">Supervisi\u00f3n e instalaci\u00f3n<\/h2>\t\t\t\t<\/div>\n\t\t\t\t<\/div>\n\t\t\t\t<div class=\"elementor-element elementor-element-4ab42b5e elementor-view-default elementor-widget elementor-widget-icon\" data-id=\"4ab42b5e\" data-element_type=\"widget\" data-e-type=\"widget\" data-widget_type=\"icon.default\">\n\t\t\t\t<div class=\"elementor-widget-container\">\n\t\t\t\t\t\t\t<div class=\"elementor-icon-wrapper\">\n\t\t\t<div class=\"elementor-icon\">\n\t\t\t<svg aria-hidden=\"true\" class=\"e-font-icon-svg e-fas-chevron-circle-right\" viewBox=\"0 0 512 512\" xmlns=\"http:\/\/www.w3.org\/2000\/svg\"><path d=\"M256 8c137 0 248 111 248 248S393 504 256 504 8 393 8 256 119 8 256 8zm113.9 231L234.4 103.5c-9.4-9.4-24.6-9.4-33.9 0l-17 17c-9.4 9.4-9.4 24.6 0 33.9L285.1 256 183.5 357.6c-9.4 9.4-9.4 24.6 0 33.9l17 17c9.4 9.4 24.6 9.4 33.9 0L369.9 273c9.4-9.4 9.4-24.6 0-34z\"><\/path><\/svg>\t\t\t<\/div>\n\t\t<\/div>\n\t\t\t\t\t\t<\/div>\n\t\t\t\t<\/div>\n\t\t\t\t<\/div>\n\t\t\t\t<\/a>\n\t\t\t\t<\/div>\n\t\t\t\t\t<\/div>\n\t\t\t\t<\/div>\n\t\t\t\t<\/div>\n\t\t","protected":false},"excerpt":{"rendered":"<p>Home Suministro e instalaci\u00f3n de equipos \u00bfEst\u00e1 buscando ampliar su producci\u00f3n o reemplazar un equipo? Trabajaremos con usted para identificar la soluci\u00f3n \u00f3ptima y gestionar las obras de instalaci\u00f3n completas. Nuestra oferta abarca desde el estudio de viabilidad inicial, el dise\u00f1o de la soluci\u00f3n, pasando por la adquisici\u00f3n de equipos, la instalaci\u00f3n in situ, la [&hellip;]<\/p>\n","protected":false},"author":1,"featured_media":0,"parent":2243,"menu_order":0,"comment_status":"closed","ping_status":"closed","template":"","meta":{"_acf_changed":false,"footnotes":""},"class_list":["post-1144","page","type-page","status-publish","hentry"],"acf":[],"_links":{"self":[{"href":"https:\/\/processintegration.dk\/es\/wp-json\/wp\/v2\/pages\/1144","targetHints":{"allow":["GET"]}}],"collection":[{"href":"https:\/\/processintegration.dk\/es\/wp-json\/wp\/v2\/pages"}],"about":[{"href":"https:\/\/processintegration.dk\/es\/wp-json\/wp\/v2\/types\/page"}],"author":[{"embeddable":true,"href":"https:\/\/processintegration.dk\/es\/wp-json\/wp\/v2\/users\/1"}],"replies":[{"embeddable":true,"href":"https:\/\/processintegration.dk\/es\/wp-json\/wp\/v2\/comments?post=1144"}],"version-history":[{"count":2,"href":"https:\/\/processintegration.dk\/es\/wp-json\/wp\/v2\/pages\/1144\/revisions"}],"predecessor-version":[{"id":2237,"href":"https:\/\/processintegration.dk\/es\/wp-json\/wp\/v2\/pages\/1144\/revisions\/2237"}],"up":[{"embeddable":true,"href":"https:\/\/processintegration.dk\/es\/wp-json\/wp\/v2\/pages\/2243"}],"wp:attachment":[{"href":"https:\/\/processintegration.dk\/es\/wp-json\/wp\/v2\/media?parent=1144"}],"curies":[{"name":"wp","href":"https:\/\/api.w.org\/{rel}","templated":true}]}}