{"id":1141,"date":"2025-06-23T09:25:50","date_gmt":"2025-06-23T07:25:50","guid":{"rendered":"https:\/\/pi.host9.slyde.dk\/servicios\/ingenieria-de-procesos\/"},"modified":"2025-10-27T10:40:18","modified_gmt":"2025-10-27T09:40:18","slug":"ingenieria-de-procesos","status":"publish","type":"page","link":"https:\/\/processintegration.dk\/es\/servicios-2\/ingenieria-de-procesos\/","title":{"rendered":"Ingenier\u00eda de procesos"},"content":{"rendered":"\t\t<div data-elementor-type=\"wp-post\" data-elementor-id=\"1141\" class=\"elementor elementor-1141 elementor-130\" data-elementor-post-type=\"page\">\n\t\t\t\t<div class=\"elementor-element elementor-element-a063d11 e-flex e-con-boxed e-con e-parent\" data-id=\"a063d11\" data-element_type=\"container\" data-e-type=\"container\">\n\t\t\t\t\t<div class=\"e-con-inner\">\n\t\t<div class=\"elementor-element elementor-element-78b4112 e-con-full e-flex e-con e-child\" data-id=\"78b4112\" data-element_type=\"container\" data-e-type=\"container\">\n\t\t\t\t<div class=\"elementor-element elementor-element-b18e1c6 elementor-widget elementor-widget-breadcrumbs\" data-id=\"b18e1c6\" data-element_type=\"widget\" data-e-type=\"widget\" data-widget_type=\"breadcrumbs.default\">\n\t\t\t\t<div class=\"elementor-widget-container\">\n\t\t\t\t\t<nav aria-label=\"breadcrumbs\" class=\"rank-math-breadcrumb\"><p><span class=\"last\">Home<\/span><\/p><\/nav>\t\t\t\t<\/div>\n\t\t\t\t<\/div>\n\t\t\t\t<div class=\"elementor-element elementor-element-af5f340 elementor-widget elementor-widget-heading\" data-id=\"af5f340\" data-element_type=\"widget\" data-e-type=\"widget\" data-widget_type=\"heading.default\">\n\t\t\t\t<div class=\"elementor-widget-container\">\n\t\t\t\t\t<h1 class=\"elementor-heading-title elementor-size-default\">Ingenier\u00eda de procesos<\/h1>\t\t\t\t<\/div>\n\t\t\t\t<\/div>\n\t\t\t\t<div class=\"elementor-element elementor-element-3060159 elementor-widget elementor-widget-heading\" data-id=\"3060159\" data-element_type=\"widget\" data-e-type=\"widget\" data-widget_type=\"heading.default\">\n\t\t\t\t<div class=\"elementor-widget-container\">\n\t\t\t\t\t<h2 class=\"elementor-heading-title elementor-size-default\">Nuestros ingenieros tienen muchos a\u00f1os de experiencia pr\u00e1ctica con los complejos procesos integrados de la industria de fabricaci\u00f3n de piensos y alimentos.<\/h2>\t\t\t\t<\/div>\n\t\t\t\t<\/div>\n\t\t\t\t<div class=\"elementor-element elementor-element-33eee3d elementor-widget elementor-widget-text-editor\" data-id=\"33eee3d\" data-element_type=\"widget\" data-e-type=\"widget\" data-widget_type=\"text-editor.default\">\n\t\t\t\t<div class=\"elementor-widget-container\">\n\t\t\t\t\t\t\t\t\t<div><div class=\"container\"><div class=\"row clearfix\"><div class=\"col-md-12 column\">Sea cual sea el desaf\u00edo, trabajaremos con un enfoque hol\u00edstico en su producci\u00f3n para identificar las causas ra\u00edz y, bas\u00e1ndonos en esto, desarrollar una soluci\u00f3n a largo plazo.<\/div><\/div><\/div><\/div><div><div class=\"container\"><div class=\"row clearfix\"><div class=\"col-md-8 column\"><div class=\"container\"><div class=\"row clearfix\"><div class=\"col-md-12 column\"><div><div class=\"container\"><div class=\"row clearfix\"><div class=\"col-md-8 column\"><div><p>La integraci\u00f3n de procesos proporciona muchos tipos de servicios, incluyendo una revisi\u00f3n detallada y un estudio de la planta, escaneo 3D y modulaciones. Otros requieren un an\u00e1lisis del flujo del proceso, la resoluci\u00f3n de problemas in situ y estudios de desatasco.<\/p><p>Al realizar estas tareas, es muy importante tener en cuenta las interacciones entre las unidades y, bas\u00e1ndose en esta informaci\u00f3n, desarrollar y dise\u00f1ar mejoras que optimicen su producci\u00f3n general.<\/p><p>Nuestros ingenieros proporcionan soluciones de ingenier\u00eda detalladas, innovadoras y a medida, que cumplir\u00e1n con los criterios de dise\u00f1o, teniendo en cuenta el contexto de toda la f\u00e1brica.<\/p><p><strong>Los servicios prestados son:<\/strong><\/p><p>&#8211; Gesti\u00f3n de proyectos<\/p><p>&#8211; C\u00e1lculos t\u00e9cnicos<\/p><p>&#8211; Gesti\u00f3n del calendario<\/p><p>&#8211; Evaluaci\u00f3n comparativa de proveedores<\/p><p>&#8211; Servicios in situ, desatasco y resoluci\u00f3n de problemas<\/p><p>Durante el proceso de ingenier\u00eda, preparamos documentaci\u00f3n detallada para el trabajo y aseguramos la viabilidad teniendo en cuenta el coste de operaci\u00f3n durante toda la vida \u00fatil y garantizando el mejor retorno posible de su inversi\u00f3n.<\/p><\/div><\/div><\/div><\/div><\/div><\/div><\/div><\/div><\/div><\/div><\/div><\/div>\t\t\t\t\t\t\t\t<\/div>\n\t\t\t\t<\/div>\n\t\t\t\t<\/div>\n\t\t<div class=\"elementor-element elementor-element-5a39a7b e-con-full e-flex e-con e-child\" data-id=\"5a39a7b\" data-element_type=\"container\" data-e-type=\"container\" data-settings=\"{&quot;background_background&quot;:&quot;classic&quot;}\">\n\t\t\t\t<div class=\"elementor-element elementor-element-2a3f279 dce_masking-none elementor-widget elementor-widget-image\" data-id=\"2a3f279\" data-element_type=\"widget\" data-e-type=\"widget\" data-widget_type=\"image.default\">\n\t\t\t\t<div class=\"elementor-widget-container\">\n\t\t\t\t\t\t\t\t\t\t\t\t\t\t\t<img fetchpriority=\"high\" decoding=\"async\" width=\"800\" height=\"600\" src=\"https:\/\/processintegration.dk\/wp-content\/uploads\/2025\/06\/Process-Engineering_1_800.jpg\" class=\"attachment-large size-large wp-image-258\" alt=\"Engineering\" srcset=\"https:\/\/processintegration.dk\/wp-content\/uploads\/2025\/06\/Process-Engineering_1_800.jpg 800w, https:\/\/processintegration.dk\/wp-content\/uploads\/2025\/06\/Process-Engineering_1_800-300x225.jpg 300w, https:\/\/processintegration.dk\/wp-content\/uploads\/2025\/06\/Process-Engineering_1_800-768x576.jpg 768w\" sizes=\"(max-width: 800px) 100vw, 800px\" \/>\t\t\t\t\t\t\t\t\t\t\t\t\t\t\t<\/div>\n\t\t\t\t<\/div>\n\t\t\t\t<div class=\"elementor-element elementor-element-8e7b1b2 dce_masking-none elementor-widget elementor-widget-image\" data-id=\"8e7b1b2\" data-element_type=\"widget\" data-e-type=\"widget\" data-widget_type=\"image.default\">\n\t\t\t\t<div class=\"elementor-widget-container\">\n\t\t\t\t\t\t\t\t\t\t\t\t\t\t\t<img decoding=\"async\" width=\"800\" height=\"532\" src=\"https:\/\/processintegration.dk\/wp-content\/uploads\/2025\/06\/Process-Engineering_800.jpg\" class=\"attachment-large size-large wp-image-259\" alt=\"Process and Engineering\" srcset=\"https:\/\/processintegration.dk\/wp-content\/uploads\/2025\/06\/Process-Engineering_800.jpg 800w, https:\/\/processintegration.dk\/wp-content\/uploads\/2025\/06\/Process-Engineering_800-300x200.jpg 300w, https:\/\/processintegration.dk\/wp-content\/uploads\/2025\/06\/Process-Engineering_800-768x511.jpg 768w\" sizes=\"(max-width: 800px) 100vw, 800px\" \/>\t\t\t\t\t\t\t\t\t\t\t\t\t\t\t<\/div>\n\t\t\t\t<\/div>\n\t\t\t\t<\/div>\n\t\t\t\t\t<\/div>\n\t\t\t\t<\/div>\n\t\t<div class=\"elementor-element elementor-element-a6cfbd9 e-flex e-con-boxed e-con e-parent\" data-id=\"a6cfbd9\" data-element_type=\"container\" data-e-type=\"container\" data-settings=\"{&quot;background_background&quot;:&quot;classic&quot;}\">\n\t\t\t\t\t<div class=\"e-con-inner\">\n\t\t\t\t<div class=\"elementor-element elementor-element-897836b elementor-widget elementor-widget-heading\" data-id=\"897836b\" data-element_type=\"widget\" data-e-type=\"widget\" data-widget_type=\"heading.default\">\n\t\t\t\t<div class=\"elementor-widget-container\">\n\t\t\t\t\t<h2 class=\"elementor-heading-title elementor-size-default\">Otros servicios<\/h2>\t\t\t\t<\/div>\n\t\t\t\t<\/div>\n\t\t<div class=\"elementor-element elementor-element-3b7feef0 e-con-full e-flex e-con e-child\" data-id=\"3b7feef0\" data-element_type=\"container\" data-e-type=\"container\">\n\t\t<a class=\"elementor-element elementor-element-18ca6633 e-con-full e-flex e-con e-child\" data-id=\"18ca6633\" data-element_type=\"container\" data-e-type=\"container\" href=\"https:\/\/processintegration.dk\/project-management\/\">\n\t\t\t\t<div class=\"elementor-element elementor-element-3dbb0a7e dce_masking-none elementor-widget elementor-widget-image\" data-id=\"3dbb0a7e\" data-element_type=\"widget\" data-e-type=\"widget\" data-widget_type=\"image.default\">\n\t\t\t\t<div class=\"elementor-widget-container\">\n\t\t\t\t\t\t\t\t\t\t\t\t\t\t\t<img decoding=\"async\" width=\"800\" height=\"800\" src=\"https:\/\/processintegration.dk\/wp-content\/uploads\/2025\/06\/project-planning.jpg\" class=\"attachment-large size-large wp-image-254\" alt=\"Planificaci\u00f3n de proyectos en Integraci\u00f3n de Procesos\" srcset=\"https:\/\/processintegration.dk\/wp-content\/uploads\/2025\/06\/project-planning.jpg 800w, https:\/\/processintegration.dk\/wp-content\/uploads\/2025\/06\/project-planning-300x300.jpg 300w, https:\/\/processintegration.dk\/wp-content\/uploads\/2025\/06\/project-planning-150x150.jpg 150w, https:\/\/processintegration.dk\/wp-content\/uploads\/2025\/06\/project-planning-768x768.jpg 768w\" sizes=\"(max-width: 800px) 100vw, 800px\" \/>\t\t\t\t\t\t\t\t\t\t\t\t\t\t\t<\/div>\n\t\t\t\t<\/div>\n\t\t<div class=\"elementor-element elementor-element-22de48bb e-con-full e-flex e-con e-child\" data-id=\"22de48bb\" data-element_type=\"container\" data-e-type=\"container\">\n\t\t\t\t<div class=\"elementor-element elementor-element-32e7de37 elementor-widget elementor-widget-heading\" data-id=\"32e7de37\" data-element_type=\"widget\" data-e-type=\"widget\" data-widget_type=\"heading.default\">\n\t\t\t\t<div class=\"elementor-widget-container\">\n\t\t\t\t\t<h2 class=\"elementor-heading-title elementor-size-default\">Gesti\u00f3n de proyectos<\/h2>\t\t\t\t<\/div>\n\t\t\t\t<\/div>\n\t\t\t\t<div class=\"elementor-element elementor-element-c1e1e83 elementor-view-default elementor-widget elementor-widget-icon\" data-id=\"c1e1e83\" data-element_type=\"widget\" data-e-type=\"widget\" data-widget_type=\"icon.default\">\n\t\t\t\t<div class=\"elementor-widget-container\">\n\t\t\t\t\t\t\t<div class=\"elementor-icon-wrapper\">\n\t\t\t<div class=\"elementor-icon\">\n\t\t\t<svg aria-hidden=\"true\" class=\"e-font-icon-svg e-fas-chevron-circle-right\" viewBox=\"0 0 512 512\" xmlns=\"http:\/\/www.w3.org\/2000\/svg\"><path d=\"M256 8c137 0 248 111 248 248S393 504 256 504 8 393 8 256 119 8 256 8zm113.9 231L234.4 103.5c-9.4-9.4-24.6-9.4-33.9 0l-17 17c-9.4 9.4-9.4 24.6 0 33.9L285.1 256 183.5 357.6c-9.4 9.4-9.4 24.6 0 33.9l17 17c9.4 9.4 24.6 9.4 33.9 0L369.9 273c9.4-9.4 9.4-24.6 0-34z\"><\/path><\/svg>\t\t\t<\/div>\n\t\t<\/div>\n\t\t\t\t\t\t<\/div>\n\t\t\t\t<\/div>\n\t\t\t\t<\/div>\n\t\t\t\t<\/a>\n\t\t<a class=\"elementor-element elementor-element-5d0d2516 e-con-full e-flex e-con e-child\" data-id=\"5d0d2516\" data-element_type=\"container\" data-e-type=\"container\" href=\"https:\/\/processintegration.dk\/services\/plant-and-process-design\/\">\n\t\t\t\t<div class=\"elementor-element elementor-element-4c83417a e-transform dce_masking-none elementor-widget elementor-widget-image\" data-id=\"4c83417a\" data-element_type=\"widget\" data-e-type=\"widget\" data-settings=\"{&quot;motion_fx_motion_fx_mouse&quot;:&quot;yes&quot;,&quot;_transform_translateX_effect&quot;:{&quot;unit&quot;:&quot;px&quot;,&quot;size&quot;:&quot;&quot;,&quot;sizes&quot;:[]},&quot;_transform_translateX_effect_tablet&quot;:{&quot;unit&quot;:&quot;px&quot;,&quot;size&quot;:&quot;&quot;,&quot;sizes&quot;:[]},&quot;_transform_translateX_effect_mobile&quot;:{&quot;unit&quot;:&quot;px&quot;,&quot;size&quot;:&quot;&quot;,&quot;sizes&quot;:[]},&quot;_transform_translateY_effect&quot;:{&quot;unit&quot;:&quot;px&quot;,&quot;size&quot;:&quot;&quot;,&quot;sizes&quot;:[]},&quot;_transform_translateY_effect_tablet&quot;:{&quot;unit&quot;:&quot;px&quot;,&quot;size&quot;:&quot;&quot;,&quot;sizes&quot;:[]},&quot;_transform_translateY_effect_mobile&quot;:{&quot;unit&quot;:&quot;px&quot;,&quot;size&quot;:&quot;&quot;,&quot;sizes&quot;:[]}}\" data-widget_type=\"image.default\">\n\t\t\t\t<div class=\"elementor-widget-container\">\n\t\t\t\t\t\t\t\t\t\t\t\t\t\t\t<img loading=\"lazy\" decoding=\"async\" width=\"800\" height=\"800\" src=\"https:\/\/processintegration.dk\/wp-content\/uploads\/2025\/06\/kyritz-billede-med-3d-scan-3.png\" class=\"attachment-large size-large wp-image-256\" alt=\"Dise\u00f1o 3D de plantas y procesos\" srcset=\"https:\/\/processintegration.dk\/wp-content\/uploads\/2025\/06\/kyritz-billede-med-3d-scan-3.png 800w, https:\/\/processintegration.dk\/wp-content\/uploads\/2025\/06\/kyritz-billede-med-3d-scan-3-300x300.png 300w, https:\/\/processintegration.dk\/wp-content\/uploads\/2025\/06\/kyritz-billede-med-3d-scan-3-150x150.png 150w, https:\/\/processintegration.dk\/wp-content\/uploads\/2025\/06\/kyritz-billede-med-3d-scan-3-768x768.png 768w\" sizes=\"(max-width: 800px) 100vw, 800px\" \/>\t\t\t\t\t\t\t\t\t\t\t\t\t\t\t<\/div>\n\t\t\t\t<\/div>\n\t\t<div class=\"elementor-element elementor-element-42d05df6 e-flex e-con-boxed e-con e-child\" data-id=\"42d05df6\" data-element_type=\"container\" data-e-type=\"container\">\n\t\t\t\t\t<div class=\"e-con-inner\">\n\t\t\t\t<div class=\"elementor-element elementor-element-bf847ee elementor-widget elementor-widget-heading\" data-id=\"bf847ee\" data-element_type=\"widget\" data-e-type=\"widget\" data-widget_type=\"heading.default\">\n\t\t\t\t<div class=\"elementor-widget-container\">\n\t\t\t\t\t<h2 class=\"elementor-heading-title elementor-size-default\">Dise\u00f1o de plantas y procesos<\/h2>\t\t\t\t<\/div>\n\t\t\t\t<\/div>\n\t\t\t\t<div class=\"elementor-element elementor-element-6f6303ca elementor-view-default elementor-widget elementor-widget-icon\" data-id=\"6f6303ca\" data-element_type=\"widget\" data-e-type=\"widget\" data-widget_type=\"icon.default\">\n\t\t\t\t<div class=\"elementor-widget-container\">\n\t\t\t\t\t\t\t<div class=\"elementor-icon-wrapper\">\n\t\t\t<div class=\"elementor-icon\">\n\t\t\t<svg aria-hidden=\"true\" class=\"e-font-icon-svg e-fas-chevron-circle-right\" viewBox=\"0 0 512 512\" xmlns=\"http:\/\/www.w3.org\/2000\/svg\"><path d=\"M256 8c137 0 248 111 248 248S393 504 256 504 8 393 8 256 119 8 256 8zm113.9 231L234.4 103.5c-9.4-9.4-24.6-9.4-33.9 0l-17 17c-9.4 9.4-9.4 24.6 0 33.9L285.1 256 183.5 357.6c-9.4 9.4-9.4 24.6 0 33.9l17 17c9.4 9.4 24.6 9.4 33.9 0L369.9 273c9.4-9.4 9.4-24.6 0-34z\"><\/path><\/svg>\t\t\t<\/div>\n\t\t<\/div>\n\t\t\t\t\t\t<\/div>\n\t\t\t\t<\/div>\n\t\t\t\t\t<\/div>\n\t\t\t\t<\/div>\n\t\t\t\t<\/a>\n\t\t<a class=\"elementor-element elementor-element-7f899cd7 e-con-full e-flex e-con e-child\" data-id=\"7f899cd7\" data-element_type=\"container\" data-e-type=\"container\" href=\"https:\/\/processintegration.dk\/services\/supervision-and-installation\/\">\n\t\t\t\t<div class=\"elementor-element elementor-element-6b6f678e dce_masking-none elementor-widget elementor-widget-image\" data-id=\"6b6f678e\" data-element_type=\"widget\" data-e-type=\"widget\" data-widget_type=\"image.default\">\n\t\t\t\t<div class=\"elementor-widget-container\">\n\t\t\t\t\t\t\t\t\t\t\t\t\t\t\t<img loading=\"lazy\" decoding=\"async\" width=\"800\" height=\"800\" src=\"https:\/\/processintegration.dk\/wp-content\/uploads\/2025\/06\/img_8395.jpg\" class=\"attachment-large size-large wp-image-253\" alt=\"Dise\u00f1o de plantas y procesos\" srcset=\"https:\/\/processintegration.dk\/wp-content\/uploads\/2025\/06\/img_8395.jpg 800w, https:\/\/processintegration.dk\/wp-content\/uploads\/2025\/06\/img_8395-300x300.jpg 300w, https:\/\/processintegration.dk\/wp-content\/uploads\/2025\/06\/img_8395-150x150.jpg 150w, https:\/\/processintegration.dk\/wp-content\/uploads\/2025\/06\/img_8395-768x768.jpg 768w\" sizes=\"(max-width: 800px) 100vw, 800px\" \/>\t\t\t\t\t\t\t\t\t\t\t\t\t\t\t<\/div>\n\t\t\t\t<\/div>\n\t\t<div class=\"elementor-element elementor-element-7c2fc2b3 e-con-full e-flex e-con e-child\" data-id=\"7c2fc2b3\" data-element_type=\"container\" data-e-type=\"container\">\n\t\t\t\t<div class=\"elementor-element elementor-element-4c4b5e2e elementor-widget elementor-widget-heading\" data-id=\"4c4b5e2e\" data-element_type=\"widget\" data-e-type=\"widget\" data-widget_type=\"heading.default\">\n\t\t\t\t<div class=\"elementor-widget-container\">\n\t\t\t\t\t<h2 class=\"elementor-heading-title elementor-size-default\">Supervisi\u00f3n e instalaci\u00f3n<\/h2>\t\t\t\t<\/div>\n\t\t\t\t<\/div>\n\t\t\t\t<div class=\"elementor-element elementor-element-3bfc139e elementor-view-default elementor-widget elementor-widget-icon\" data-id=\"3bfc139e\" data-element_type=\"widget\" data-e-type=\"widget\" data-widget_type=\"icon.default\">\n\t\t\t\t<div class=\"elementor-widget-container\">\n\t\t\t\t\t\t\t<div class=\"elementor-icon-wrapper\">\n\t\t\t<div class=\"elementor-icon\">\n\t\t\t<svg aria-hidden=\"true\" class=\"e-font-icon-svg e-fas-chevron-circle-right\" viewBox=\"0 0 512 512\" xmlns=\"http:\/\/www.w3.org\/2000\/svg\"><path d=\"M256 8c137 0 248 111 248 248S393 504 256 504 8 393 8 256 119 8 256 8zm113.9 231L234.4 103.5c-9.4-9.4-24.6-9.4-33.9 0l-17 17c-9.4 9.4-9.4 24.6 0 33.9L285.1 256 183.5 357.6c-9.4 9.4-9.4 24.6 0 33.9l17 17c9.4 9.4 24.6 9.4 33.9 0L369.9 273c9.4-9.4 9.4-24.6 0-34z\"><\/path><\/svg>\t\t\t<\/div>\n\t\t<\/div>\n\t\t\t\t\t\t<\/div>\n\t\t\t\t<\/div>\n\t\t\t\t<\/div>\n\t\t\t\t<\/a>\n\t\t<a class=\"elementor-element elementor-element-52b2cf62 e-con-full e-flex e-con e-child\" data-id=\"52b2cf62\" data-element_type=\"container\" data-e-type=\"container\" href=\"https:\/\/processintegration.dk\/services\/equipment-supply-and-installation\/\">\n\t\t\t\t<div class=\"elementor-element elementor-element-4dbd8aa9 dce_masking-none elementor-widget elementor-widget-image\" data-id=\"4dbd8aa9\" data-element_type=\"widget\" data-e-type=\"widget\" data-widget_type=\"image.default\">\n\t\t\t\t<div class=\"elementor-widget-container\">\n\t\t\t\t\t\t\t\t\t\t\t\t\t\t\t<img loading=\"lazy\" decoding=\"async\" width=\"800\" height=\"800\" src=\"https:\/\/processintegration.dk\/wp-content\/uploads\/2025\/06\/Equipment-Supply-and-Installation.jpg\" class=\"attachment-large size-large wp-image-252\" alt=\"Suministro e instalaci\u00f3n de equipos\" srcset=\"https:\/\/processintegration.dk\/wp-content\/uploads\/2025\/06\/Equipment-Supply-and-Installation.jpg 800w, https:\/\/processintegration.dk\/wp-content\/uploads\/2025\/06\/Equipment-Supply-and-Installation-300x300.jpg 300w, https:\/\/processintegration.dk\/wp-content\/uploads\/2025\/06\/Equipment-Supply-and-Installation-150x150.jpg 150w, https:\/\/processintegration.dk\/wp-content\/uploads\/2025\/06\/Equipment-Supply-and-Installation-768x768.jpg 768w\" sizes=\"(max-width: 800px) 100vw, 800px\" \/>\t\t\t\t\t\t\t\t\t\t\t\t\t\t\t<\/div>\n\t\t\t\t<\/div>\n\t\t<div class=\"elementor-element elementor-element-64741a5e e-con-full e-flex e-con e-child\" data-id=\"64741a5e\" data-element_type=\"container\" data-e-type=\"container\">\n\t\t\t\t<div class=\"elementor-element elementor-element-6b1e2e02 elementor-widget elementor-widget-heading\" data-id=\"6b1e2e02\" data-element_type=\"widget\" data-e-type=\"widget\" data-widget_type=\"heading.default\">\n\t\t\t\t<div class=\"elementor-widget-container\">\n\t\t\t\t\t<h2 class=\"elementor-heading-title elementor-size-default\">Suministro e instalaci\u00f3n de equipos<\/h2>\t\t\t\t<\/div>\n\t\t\t\t<\/div>\n\t\t\t\t<div class=\"elementor-element elementor-element-3520c7c5 elementor-view-default elementor-widget elementor-widget-icon\" data-id=\"3520c7c5\" data-element_type=\"widget\" data-e-type=\"widget\" data-widget_type=\"icon.default\">\n\t\t\t\t<div class=\"elementor-widget-container\">\n\t\t\t\t\t\t\t<div class=\"elementor-icon-wrapper\">\n\t\t\t<div class=\"elementor-icon\">\n\t\t\t<svg aria-hidden=\"true\" class=\"e-font-icon-svg e-fas-chevron-circle-right\" viewBox=\"0 0 512 512\" xmlns=\"http:\/\/www.w3.org\/2000\/svg\"><path d=\"M256 8c137 0 248 111 248 248S393 504 256 504 8 393 8 256 119 8 256 8zm113.9 231L234.4 103.5c-9.4-9.4-24.6-9.4-33.9 0l-17 17c-9.4 9.4-9.4 24.6 0 33.9L285.1 256 183.5 357.6c-9.4 9.4-9.4 24.6 0 33.9l17 17c9.4 9.4 24.6 9.4 33.9 0L369.9 273c9.4-9.4 9.4-24.6 0-34z\"><\/path><\/svg>\t\t\t<\/div>\n\t\t<\/div>\n\t\t\t\t\t\t<\/div>\n\t\t\t\t<\/div>\n\t\t\t\t<\/div>\n\t\t\t\t<\/a>\n\t\t\t\t<\/div>\n\t\t\t\t\t<\/div>\n\t\t\t\t<\/div>\n\t\t\t\t<\/div>\n\t\t","protected":false},"excerpt":{"rendered":"<p>Home Ingenier\u00eda de procesos Nuestros ingenieros tienen muchos a\u00f1os de experiencia pr\u00e1ctica con los complejos procesos integrados de la industria de fabricaci\u00f3n de piensos y alimentos. Sea cual sea el desaf\u00edo, trabajaremos con un enfoque hol\u00edstico en su producci\u00f3n para identificar las causas ra\u00edz y, bas\u00e1ndonos en esto, desarrollar una soluci\u00f3n a largo plazo. La [&hellip;]<\/p>\n","protected":false},"author":1,"featured_media":0,"parent":2243,"menu_order":0,"comment_status":"closed","ping_status":"closed","template":"","meta":{"_acf_changed":false,"footnotes":""},"class_list":["post-1141","page","type-page","status-publish","hentry"],"acf":[],"_links":{"self":[{"href":"https:\/\/processintegration.dk\/es\/wp-json\/wp\/v2\/pages\/1141","targetHints":{"allow":["GET"]}}],"collection":[{"href":"https:\/\/processintegration.dk\/es\/wp-json\/wp\/v2\/pages"}],"about":[{"href":"https:\/\/processintegration.dk\/es\/wp-json\/wp\/v2\/types\/page"}],"author":[{"embeddable":true,"href":"https:\/\/processintegration.dk\/es\/wp-json\/wp\/v2\/users\/1"}],"replies":[{"embeddable":true,"href":"https:\/\/processintegration.dk\/es\/wp-json\/wp\/v2\/comments?post=1141"}],"version-history":[{"count":2,"href":"https:\/\/processintegration.dk\/es\/wp-json\/wp\/v2\/pages\/1141\/revisions"}],"predecessor-version":[{"id":2247,"href":"https:\/\/processintegration.dk\/es\/wp-json\/wp\/v2\/pages\/1141\/revisions\/2247"}],"up":[{"embeddable":true,"href":"https:\/\/processintegration.dk\/es\/wp-json\/wp\/v2\/pages\/2243"}],"wp:attachment":[{"href":"https:\/\/processintegration.dk\/es\/wp-json\/wp\/v2\/media?parent=1141"}],"curies":[{"name":"wp","href":"https:\/\/api.w.org\/{rel}","templated":true}]}}