{"id":1134,"date":"2025-06-26T08:38:49","date_gmt":"2025-06-26T06:38:49","guid":{"rendered":"https:\/\/pi.host9.slyde.dk\/sectores\/alimentos-y-bebidas-liquidos\/"},"modified":"2025-10-27T10:40:51","modified_gmt":"2025-10-27T09:40:51","slug":"alimentos-y-bebidas-liquidos","status":"publish","type":"page","link":"https:\/\/processintegration.dk\/es\/sectores\/alimentos-y-bebidas-liquidos\/","title":{"rendered":"Alimentos L\u00edquidos y Bebidas"},"content":{"rendered":"\t\t<div data-elementor-type=\"wp-post\" data-elementor-id=\"1134\" class=\"elementor elementor-1134 elementor-187\" data-elementor-post-type=\"page\">\n\t\t\t\t<div data-dce-background-image-url=\"https:\/\/processintegration.dk\/wp-content\/uploads\/2025\/06\/Liquid-Food-Beverages_72--scaled.jpg\" class=\"elementor-element elementor-element-0302405 e-con-full e-flex e-con e-parent\" data-id=\"0302405\" data-element_type=\"container\" data-e-type=\"container\" data-settings=\"{&quot;background_background&quot;:&quot;classic&quot;}\">\n\t\t\t\t<\/div>\n\t\t<div class=\"elementor-element elementor-element-a063d11 e-flex e-con-boxed e-con e-parent\" data-id=\"a063d11\" data-element_type=\"container\" data-e-type=\"container\">\n\t\t\t\t\t<div class=\"e-con-inner\">\n\t\t\t\t<div class=\"elementor-element elementor-element-190a672 elementor-widget elementor-widget-breadcrumbs\" data-id=\"190a672\" data-element_type=\"widget\" data-e-type=\"widget\" data-widget_type=\"breadcrumbs.default\">\n\t\t\t\t<div class=\"elementor-widget-container\">\n\t\t\t\t\t<nav aria-label=\"breadcrumbs\" class=\"rank-math-breadcrumb\"><p><span class=\"last\">Home<\/span><\/p><\/nav>\t\t\t\t<\/div>\n\t\t\t\t<\/div>\n\t\t\t\t<div class=\"elementor-element elementor-element-af5f340 elementor-widget elementor-widget-heading\" data-id=\"af5f340\" data-element_type=\"widget\" data-e-type=\"widget\" data-widget_type=\"heading.default\">\n\t\t\t\t<div class=\"elementor-widget-container\">\n\t\t\t\t\t<h2 class=\"elementor-heading-title elementor-size-default\">Alimentos L\u00edquidos y Bebidas<\/h2>\t\t\t\t<\/div>\n\t\t\t\t<\/div>\n\t\t\t\t<div class=\"elementor-element elementor-element-33eee3d elementor-widget elementor-widget-text-editor\" data-id=\"33eee3d\" data-element_type=\"widget\" data-e-type=\"widget\" data-widget_type=\"text-editor.default\">\n\t\t\t\t<div class=\"elementor-widget-container\">\n\t\t\t\t\t\t\t\t\t<p>El sector de alimentos y bebidas opera en un mercado altamente competitivo que requiere plantas de proceso flexibles y en buen funcionamiento, as\u00ed como operarios bien formados. Por lo tanto, la demanda de plantas dise\u00f1adas correctamente es de suma importancia para minimizar los costes de OPEX. El dise\u00f1o higi\u00e9nico es fundamental para los clientes de la industria de alimentos y bebidas. Ayudamos a nuestros clientes a satisfacer la necesidad de mantener un rendimiento altamente eficiente, manteniendo al mismo tiempo los m\u00e1s altos est\u00e1ndares de calidad para productos saludables y seguros de acuerdo con los est\u00e1ndares del consumidor.<\/p>\t\t\t\t\t\t\t\t<\/div>\n\t\t\t\t<\/div>\n\t\t\t\t\t<\/div>\n\t\t\t\t<\/div>\n\t\t<div class=\"elementor-element elementor-element-ca975fa e-flex e-con-boxed e-con e-parent\" data-id=\"ca975fa\" data-element_type=\"container\" data-e-type=\"container\">\n\t\t\t\t\t<div class=\"e-con-inner\">\n\t\t<div class=\"elementor-element elementor-element-32a86d6 e-con-full e-flex e-con e-child\" data-id=\"32a86d6\" data-element_type=\"container\" data-e-type=\"container\">\n\t\t\t\t<div class=\"elementor-element elementor-element-ca9b8fa dce_masking-none elementor-widget elementor-widget-image\" data-id=\"ca9b8fa\" data-element_type=\"widget\" data-e-type=\"widget\" data-widget_type=\"image.default\">\n\t\t\t\t<div class=\"elementor-widget-container\">\n\t\t\t\t\t\t\t\t\t\t\t\t\t\t\t<img fetchpriority=\"high\" decoding=\"async\" width=\"800\" height=\"600\" src=\"https:\/\/processintegration.dk\/wp-content\/uploads\/2025\/06\/Front_3.jpg\" class=\"attachment-large size-large wp-image-247\" alt=\"\" srcset=\"https:\/\/processintegration.dk\/wp-content\/uploads\/2025\/06\/Front_3.jpg 800w, https:\/\/processintegration.dk\/wp-content\/uploads\/2025\/06\/Front_3-300x225.jpg 300w, https:\/\/processintegration.dk\/wp-content\/uploads\/2025\/06\/Front_3-768x576.jpg 768w\" sizes=\"(max-width: 800px) 100vw, 800px\" \/>\t\t\t\t\t\t\t\t\t\t\t\t\t\t\t<\/div>\n\t\t\t\t<\/div>\n\t\t\t\t<\/div>\n\t\t<div class=\"elementor-element elementor-element-5ad00ae e-con-full e-flex e-con e-child\" data-id=\"5ad00ae\" data-element_type=\"container\" data-e-type=\"container\">\n\t\t\t\t<div class=\"elementor-element elementor-element-ab48c80 elementor-widget elementor-widget-text-editor\" data-id=\"ab48c80\" data-element_type=\"widget\" data-e-type=\"widget\" data-widget_type=\"text-editor.default\">\n\t\t\t\t<div class=\"elementor-widget-container\">\n\t\t\t\t\t\t\t\t\t<p><strong>\u00abLa mayor\u00eda de los pasos de los procesos son soluciones m\u00e1s o menos \u201cconocidas\u201d. Nuestra principal contribuci\u00f3n es nuestra capacidad para personalizar las soluciones para el prop\u00f3sito y la planta espec\u00edficos. Esto requiere aplicar los conocimientos t\u00e9cnicos de la amplia experiencia de nuestros equipos en la entrega de un sistema en funcionamiento a petici\u00f3n de nuestros clientes a tiempo, siempre\u00bb<\/strong><\/p>\t\t\t\t\t\t\t\t<\/div>\n\t\t\t\t<\/div>\n\t\t\t\t<\/div>\n\t\t\t\t\t<\/div>\n\t\t\t\t<\/div>\n\t\t<div class=\"elementor-element elementor-element-e2b9bf6 e-flex e-con-boxed e-con e-parent\" data-id=\"e2b9bf6\" data-element_type=\"container\" data-e-type=\"container\">\n\t\t\t\t\t<div class=\"e-con-inner\">\n\t\t\t\t<div class=\"elementor-element elementor-element-fb53c0b elementor-widget elementor-widget-text-editor\" data-id=\"fb53c0b\" data-element_type=\"widget\" data-e-type=\"widget\" data-widget_type=\"text-editor.default\">\n\t\t\t\t<div class=\"elementor-widget-container\">\n\t\t\t\t\t\t\t\t\t<p>Al evaluar la huella ambiental del dise\u00f1o de la planta, tenemos en cuenta el porcentaje de residuos del producto, la p\u00e9rdida de energ\u00eda, agua y otros recursos, manteniendo los residuos y los costes al m\u00ednimo.<\/p><p>Process Integration puede llevar a cabo proyectos de la A a la Z, tambi\u00e9n tenemos nuestros equipos de instalaci\u00f3n ubicados tanto en Dinamarca, Noruega como en Chile.<\/p>\t\t\t\t\t\t\t\t<\/div>\n\t\t\t\t<\/div>\n\t\t\t\t\t<\/div>\n\t\t\t\t<\/div>\n\t\t<div class=\"elementor-element elementor-element-74cc5f6 e-flex e-con-boxed e-con e-parent\" data-id=\"74cc5f6\" data-element_type=\"container\" data-e-type=\"container\">\n\t\t\t\t\t<div class=\"e-con-inner\">\n\t\t<div class=\"elementor-element elementor-element-126f2f6 e-con-full e-flex e-con e-child\" data-id=\"126f2f6\" data-element_type=\"container\" data-e-type=\"container\">\n\t\t\t\t<div class=\"elementor-element elementor-element-2158460 elementor-widget elementor-widget-text-editor\" data-id=\"2158460\" data-element_type=\"widget\" data-e-type=\"widget\" data-widget_type=\"text-editor.default\">\n\t\t\t\t<div class=\"elementor-widget-container\">\n\t\t\t\t\t\t\t\t\t<p><strong>\u00c1reas de negocio<\/strong><\/p><ul><li>L\u00e1cteos<\/li><li>Helados<\/li><li>Cervecer\u00eda<\/li><li>Zumos y refrescos<\/li><li>Marina<\/li><li>Salsas, ali\u00f1os y alimentos l\u00edquidos<\/li><li>Plantas de pescado y aceite<\/li><\/ul>\t\t\t\t\t\t\t\t<\/div>\n\t\t\t\t<\/div>\n\t\t\t\t<\/div>\n\t\t<div class=\"elementor-element elementor-element-f32efcc e-con-full e-flex e-con e-child\" data-id=\"f32efcc\" data-element_type=\"container\" data-e-type=\"container\">\n\t\t\t\t<div class=\"elementor-element elementor-element-37caf1a elementor-widget elementor-widget-text-editor\" data-id=\"37caf1a\" data-element_type=\"widget\" data-e-type=\"widget\" data-widget_type=\"text-editor.default\">\n\t\t\t\t<div class=\"elementor-widget-container\">\n\t\t\t\t\t\t\t\t\t<p><strong>Dise\u00f1o de planta higi\u00e9nica:<\/strong><\/p><ul><li>Pasteurizaci\u00f3n<\/li><li>Unidades CIP y plantas CIP m\u00e1s grandes<\/li><li>Plantas de mezcla y procesamiento por lotes<\/li><li>Pesaje, mezcla, transporte<\/li><li>Separaci\u00f3n<\/li><li>Tanques de fermentaci\u00f3n<\/li><li>Tanques de almacenamiento<\/li><li>Aireaci\u00f3n \/ desgasificaci\u00f3n<\/li><\/ul>\t\t\t\t\t\t\t\t<\/div>\n\t\t\t\t<\/div>\n\t\t\t\t<\/div>\n\t\t\t\t\t<\/div>\n\t\t\t\t<\/div>\n\t\t<div class=\"elementor-element elementor-element-dd90841 e-flex e-con-boxed e-con e-parent\" data-id=\"dd90841\" data-element_type=\"container\" data-e-type=\"container\">\n\t\t\t\t\t<div class=\"e-con-inner\">\n\t\t\t\t<div class=\"elementor-element elementor-element-c35bbc7 elementor-widget elementor-widget-heading\" data-id=\"c35bbc7\" data-element_type=\"widget\" data-e-type=\"widget\" data-widget_type=\"heading.default\">\n\t\t\t\t<div class=\"elementor-widget-container\">\n\t\t\t\t\t<h2 class=\"elementor-heading-title elementor-size-default\">Integraci\u00f3n de la manipulaci\u00f3n de l\u00edquidos y polvo<\/h2>\t\t\t\t<\/div>\n\t\t\t\t<\/div>\n\t\t\t\t<div class=\"elementor-element elementor-element-7573f9b elementor-widget elementor-widget-text-editor\" data-id=\"7573f9b\" data-element_type=\"widget\" data-e-type=\"widget\" data-widget_type=\"text-editor.default\">\n\t\t\t\t<div class=\"elementor-widget-container\">\n\t\t\t\t\t\t\t\t\t<p>Process Integration tiene los conocimientos t\u00e9cnicos tanto en la manipulaci\u00f3n de polvo como de l\u00edquidos, almacenamiento, dosificaci\u00f3n y mezcla. Nuestros clientes pueden beneficiarse de soluciones integradas en las que intervienen tanto tecnolog\u00edas de polvo como de l\u00edquidos.<\/p>\t\t\t\t\t\t\t\t<\/div>\n\t\t\t\t<\/div>\n\t\t\t\t\t<\/div>\n\t\t\t\t<\/div>\n\t\t<div class=\"elementor-element elementor-element-fc706cc e-flex e-con-boxed e-con e-parent\" data-id=\"fc706cc\" data-element_type=\"container\" data-e-type=\"container\" data-settings=\"{&quot;background_background&quot;:&quot;classic&quot;}\">\n\t\t\t\t\t<div class=\"e-con-inner\">\n\t\t<div class=\"elementor-element elementor-element-3b40186 e-con-full e-flex e-con e-child\" data-id=\"3b40186\" data-element_type=\"container\" data-e-type=\"container\">\n\t\t<div class=\"elementor-element elementor-element-6393637 e-con-full e-flex e-con e-child\" data-id=\"6393637\" data-element_type=\"container\" data-e-type=\"container\">\n\t\t\t\t<div class=\"elementor-element elementor-element-bbd352a elementor-widget elementor-widget-heading\" data-id=\"bbd352a\" data-element_type=\"widget\" data-e-type=\"widget\" data-widget_type=\"heading.default\">\n\t\t\t\t<div class=\"elementor-widget-container\">\n\t\t\t\t\t<h2 class=\"elementor-heading-title elementor-size-default\">Automatizaci\u00f3n de procesos<\/h2>\t\t\t\t<\/div>\n\t\t\t\t<\/div>\n\t\t\t\t<div class=\"elementor-element elementor-element-c43fb8e elementor-widget elementor-widget-text-editor\" data-id=\"c43fb8e\" data-element_type=\"widget\" data-e-type=\"widget\" data-widget_type=\"text-editor.default\">\n\t\t\t\t<div class=\"elementor-widget-container\">\n\t\t\t\t\t\t\t\t\t<div class=\"col-md-6\"><p>Process Integration trabaja con algunos socios de automatizaci\u00f3n seleccionados con experiencia en diferentes industrias.<\/p><p>Ofrecemos los servicios del mejor socio de automatizaci\u00f3n para el proyecto espec\u00edfico.<\/p><p>La automatizaci\u00f3n a menudo se implementa en un nivel tecnol\u00f3gico diferente dependiendo del cliente y la industria. La parte de automatizaci\u00f3n del proyecto debe ajustarse a cualquier nivel de automatizaci\u00f3n de la planta en la que se vaya a integrar. Process Integration tambi\u00e9n tiene esto en cuenta durante la fase de dise\u00f1o.<\/p><\/div>\t\t\t\t\t\t\t\t<\/div>\n\t\t\t\t<\/div>\n\t\t\t\t<\/div>\n\t\t\t\t<\/div>\n\t\t<div class=\"elementor-element elementor-element-76ae990 e-con-full e-flex e-con e-child\" data-id=\"76ae990\" data-element_type=\"container\" data-e-type=\"container\">\n\t\t\t\t<div class=\"elementor-element elementor-element-91d4886 dce_masking-none elementor-widget elementor-widget-image\" data-id=\"91d4886\" data-element_type=\"widget\" data-e-type=\"widget\" data-widget_type=\"image.default\">\n\t\t\t\t<div class=\"elementor-widget-container\">\n\t\t\t\t\t\t\t\t\t\t\t\t\t\t\t<img decoding=\"async\" width=\"768\" height=\"576\" src=\"https:\/\/processintegration.dk\/wp-content\/uploads\/2025\/06\/process-automation.jpg\" class=\"attachment-large size-large wp-image-267\" alt=\"Process automation\" srcset=\"https:\/\/processintegration.dk\/wp-content\/uploads\/2025\/06\/process-automation.jpg 768w, https:\/\/processintegration.dk\/wp-content\/uploads\/2025\/06\/process-automation-300x225.jpg 300w\" sizes=\"(max-width: 768px) 100vw, 768px\" \/>\t\t\t\t\t\t\t\t\t\t\t\t\t\t\t<\/div>\n\t\t\t\t<\/div>\n\t\t\t\t<\/div>\n\t\t\t\t\t<\/div>\n\t\t\t\t<\/div>\n\t\t<div class=\"elementor-element elementor-element-a6cfbd9 e-flex e-con-boxed e-con e-parent\" data-id=\"a6cfbd9\" data-element_type=\"container\" data-e-type=\"container\" data-settings=\"{&quot;background_background&quot;:&quot;classic&quot;}\">\n\t\t\t\t\t<div class=\"e-con-inner\">\n\t\t\t\t<div class=\"elementor-element elementor-element-ae182be elementor-widget elementor-widget-heading\" data-id=\"ae182be\" data-element_type=\"widget\" data-e-type=\"widget\" data-widget_type=\"heading.default\">\n\t\t\t\t<div class=\"elementor-widget-container\">\n\t\t\t\t\t<h2 class=\"elementor-heading-title elementor-size-default\">Otras industrias con las que trabajamos<\/h2>\t\t\t\t<\/div>\n\t\t\t\t<\/div>\n\t\t<div class=\"elementor-element elementor-element-7c6c737c e-con-full e-flex e-con e-child\" data-id=\"7c6c737c\" data-element_type=\"container\" data-e-type=\"container\">\n\t\t\t\t<div class=\"elementor-element elementor-element-27b31491 elementor-widget elementor-widget-button\" data-id=\"27b31491\" data-element_type=\"widget\" data-e-type=\"widget\" data-widget_type=\"button.default\">\n\t\t\t\t<div class=\"elementor-widget-container\">\n\t\t\t\t\t\t\t\t\t<div class=\"elementor-button-wrapper\">\n\t\t\t\t\t<a class=\"elementor-button elementor-button-link elementor-size-sm\" href=\"https:\/\/processintegration.dk\/es\/sectores\/aqua-feed\/\">\n\t\t\t\t\t\t<span class=\"elementor-button-content-wrapper\">\n\t\t\t\t\t\t\t\t\t<span class=\"elementor-button-text\">Aqua Feed<\/span>\n\t\t\t\t\t<\/span>\n\t\t\t\t\t<\/a>\n\t\t\t\t<\/div>\n\t\t\t\t\t\t\t\t<\/div>\n\t\t\t\t<\/div>\n\t\t\t\t<div class=\"elementor-element elementor-element-1d5099d5 elementor-widget elementor-widget-button\" data-id=\"1d5099d5\" data-element_type=\"widget\" data-e-type=\"widget\" data-widget_type=\"button.default\">\n\t\t\t\t<div class=\"elementor-widget-container\">\n\t\t\t\t\t\t\t\t\t<div class=\"elementor-button-wrapper\">\n\t\t\t\t\t<a class=\"elementor-button elementor-button-link elementor-size-sm\" href=\"https:\/\/processintegration.dk\/es\/sectores\/comida-para-mascotas\/\">\n\t\t\t\t\t\t<span class=\"elementor-button-content-wrapper\">\n\t\t\t\t\t\t\t\t\t<span class=\"elementor-button-text\">Alimentos para Mascotas<\/span>\n\t\t\t\t\t<\/span>\n\t\t\t\t\t<\/a>\n\t\t\t\t<\/div>\n\t\t\t\t\t\t\t\t<\/div>\n\t\t\t\t<\/div>\n\t\t\t\t<div class=\"elementor-element elementor-element-39ab8879 elementor-widget elementor-widget-button\" data-id=\"39ab8879\" data-element_type=\"widget\" data-e-type=\"widget\" data-widget_type=\"button.default\">\n\t\t\t\t<div class=\"elementor-widget-container\">\n\t\t\t\t\t\t\t\t\t<div class=\"elementor-button-wrapper\">\n\t\t\t\t\t<a class=\"elementor-button elementor-button-link elementor-size-sm\" href=\"https:\/\/processintegration.dk\/es\/sectores\/proteinas-sostenibles\/\">\n\t\t\t\t\t\t<span class=\"elementor-button-content-wrapper\">\n\t\t\t\t\t\t\t\t\t<span class=\"elementor-button-text\">Prote\u00ednas Sostenibles<\/span>\n\t\t\t\t\t<\/span>\n\t\t\t\t\t<\/a>\n\t\t\t\t<\/div>\n\t\t\t\t\t\t\t\t<\/div>\n\t\t\t\t<\/div>\n\t\t\t\t<\/div>\n\t\t\t\t\t<\/div>\n\t\t\t\t<\/div>\n\t\t\t\t<\/div>\n\t\t","protected":false},"excerpt":{"rendered":"<p>Home Alimentos L\u00edquidos y Bebidas El sector de alimentos y bebidas opera en un mercado altamente competitivo que requiere plantas de proceso flexibles y en buen funcionamiento, as\u00ed como operarios bien formados. Por lo tanto, la demanda de plantas dise\u00f1adas correctamente es de suma importancia para minimizar los costes de OPEX. El dise\u00f1o higi\u00e9nico es [&hellip;]<\/p>\n","protected":false},"author":1,"featured_media":0,"parent":2254,"menu_order":0,"comment_status":"closed","ping_status":"closed","template":"","meta":{"_acf_changed":false,"footnotes":""},"class_list":["post-1134","page","type-page","status-publish","hentry"],"acf":[],"_links":{"self":[{"href":"https:\/\/processintegration.dk\/es\/wp-json\/wp\/v2\/pages\/1134","targetHints":{"allow":["GET"]}}],"collection":[{"href":"https:\/\/processintegration.dk\/es\/wp-json\/wp\/v2\/pages"}],"about":[{"href":"https:\/\/processintegration.dk\/es\/wp-json\/wp\/v2\/types\/page"}],"author":[{"embeddable":true,"href":"https:\/\/processintegration.dk\/es\/wp-json\/wp\/v2\/users\/1"}],"replies":[{"embeddable":true,"href":"https:\/\/processintegration.dk\/es\/wp-json\/wp\/v2\/comments?post=1134"}],"version-history":[{"count":5,"href":"https:\/\/processintegration.dk\/es\/wp-json\/wp\/v2\/pages\/1134\/revisions"}],"predecessor-version":[{"id":2043,"href":"https:\/\/processintegration.dk\/es\/wp-json\/wp\/v2\/pages\/1134\/revisions\/2043"}],"up":[{"embeddable":true,"href":"https:\/\/processintegration.dk\/es\/wp-json\/wp\/v2\/pages\/2254"}],"wp:attachment":[{"href":"https:\/\/processintegration.dk\/es\/wp-json\/wp\/v2\/media?parent=1134"}],"curies":[{"name":"wp","href":"https:\/\/api.w.org\/{rel}","templated":true}]}}