{"id":1133,"date":"2025-06-23T09:03:36","date_gmt":"2025-06-23T07:03:36","guid":{"rendered":"https:\/\/pi.host9.slyde.dk\/servicios\/diseno-de-plantas-y-procesos\/"},"modified":"2025-10-27T10:40:23","modified_gmt":"2025-10-27T09:40:23","slug":"diseno-de-plantas-y-procesos","status":"publish","type":"page","link":"https:\/\/processintegration.dk\/es\/servicios-2\/diseno-de-plantas-y-procesos\/","title":{"rendered":"Dise\u00f1o de plantas y procesos"},"content":{"rendered":"\t\t<div data-elementor-type=\"wp-post\" data-elementor-id=\"1133\" class=\"elementor elementor-1133 elementor-7\" data-elementor-post-type=\"page\">\n\t\t\t\t<div class=\"elementor-element elementor-element-a063d11 e-flex e-con-boxed e-con e-parent\" data-id=\"a063d11\" data-element_type=\"container\" data-e-type=\"container\">\n\t\t\t\t\t<div class=\"e-con-inner\">\n\t\t<div class=\"elementor-element elementor-element-78b4112 e-con-full e-flex e-con e-child\" data-id=\"78b4112\" data-element_type=\"container\" data-e-type=\"container\">\n\t\t\t\t<div class=\"elementor-element elementor-element-727a104 elementor-widget elementor-widget-breadcrumbs\" data-id=\"727a104\" data-element_type=\"widget\" data-e-type=\"widget\" data-widget_type=\"breadcrumbs.default\">\n\t\t\t\t<div class=\"elementor-widget-container\">\n\t\t\t\t\t<nav aria-label=\"breadcrumbs\" class=\"rank-math-breadcrumb\"><p><span class=\"last\">Home<\/span><\/p><\/nav>\t\t\t\t<\/div>\n\t\t\t\t<\/div>\n\t\t\t\t<div class=\"elementor-element elementor-element-af5f340 elementor-widget elementor-widget-heading\" data-id=\"af5f340\" data-element_type=\"widget\" data-e-type=\"widget\" data-widget_type=\"heading.default\">\n\t\t\t\t<div class=\"elementor-widget-container\">\n\t\t\t\t\t<h1 class=\"elementor-heading-title elementor-size-default\">Dise\u00f1o de plantas y procesos<\/h1>\t\t\t\t<\/div>\n\t\t\t\t<\/div>\n\t\t\t\t<div class=\"elementor-element elementor-element-134fb8d elementor-widget elementor-widget-heading\" data-id=\"134fb8d\" data-element_type=\"widget\" data-e-type=\"widget\" data-widget_type=\"heading.default\">\n\t\t\t\t<div class=\"elementor-widget-container\">\n\t\t\t\t\t<h2 class=\"elementor-heading-title elementor-size-default\">Durante la fase de dise\u00f1o, incluso desde el cambio m\u00e1s peque\u00f1o en una l\u00ednea existente hasta una nueva f\u00e1brica de campo verde, nos enorgullecemos de nuestra experiencia pr\u00e1ctica en la industria de producci\u00f3n de piensos y alimentos.<\/h2>\t\t\t\t<\/div>\n\t\t\t\t<\/div>\n\t\t\t\t<div class=\"elementor-element elementor-element-33eee3d elementor-widget elementor-widget-text-editor\" data-id=\"33eee3d\" data-element_type=\"widget\" data-e-type=\"widget\" data-widget_type=\"text-editor.default\">\n\t\t\t\t<div class=\"elementor-widget-container\">\n\t\t\t\t\t\t\t\t\t<div><div class=\"container\"><div class=\"row clearfix\"><div class=\"col-md-12 column\"><div><p>Aprovechamos nuestra capacidad para transformar detalles concretos del dise\u00f1o y, al mismo tiempo, siempre tenemos en cuenta el panorama general para que la instalaci\u00f3n sea lo m\u00e1s eficaz y sostenible posible.<\/p><\/div><\/div><\/div><\/div><\/div><div><div class=\"container\"><div class=\"row clearfix\"><div class=\"col-md-8 column\"><div><p>Incluso los cambios y optimizaciones m\u00e1s peque\u00f1os en las l\u00edneas existentes entran dentro de nuestro alcance.<\/p><p>Durante la fase de dise\u00f1o, la remodelaci\u00f3n de las instalaciones existentes o la adici\u00f3n de una nueva l\u00ednea implica la gesti\u00f3n del plan maestro y las soluciones empresariales completas para las nuevas instalaciones.<\/p><p>Para ayudar a construir un caso de negocio, los estudios de viabilidad y el predise\u00f1o son importantes, y Process Integration es su socio desde la primera idea hasta el inicio de la producci\u00f3n.<\/p><p><strong>Los servicios prestados son:<\/strong><\/p><p>&#8211; Diagramas de flujo<\/p><p>&#8211; Dibujos de dise\u00f1o 3D<\/p><p>&#8211; Planos de distribuci\u00f3n general<\/p><p>&#8211; Planos maestros del emplazamiento<\/p><p>&#8211; Dise\u00f1o de tuber\u00edas y dibujos isom\u00e9tricos<\/p><p>Nuestro objetivo es siempre dise\u00f1ar una soluci\u00f3n que satisfaga sus necesidades y resuelva sus desaf\u00edos inmediatos, y con nuestro enfoque hol\u00edstico tambi\u00e9n le permitir\u00e1 adaptarse a las necesidades y cambios futuros en la producci\u00f3n. Minimizar el coste del ciclo de vida de la instalaci\u00f3n y maximizar el retorno de la inversi\u00f3n (ROI) <\/p><\/div><\/div><\/div><\/div><\/div>\t\t\t\t\t\t\t\t<\/div>\n\t\t\t\t<\/div>\n\t\t\t\t<\/div>\n\t\t<div class=\"elementor-element elementor-element-5a39a7b e-con-full e-flex e-con e-child\" data-id=\"5a39a7b\" data-element_type=\"container\" data-e-type=\"container\" data-settings=\"{&quot;background_background&quot;:&quot;classic&quot;}\">\n\t\t\t\t<div class=\"elementor-element elementor-element-2a3f279 dce_masking-none elementor-widget elementor-widget-image\" data-id=\"2a3f279\" data-element_type=\"widget\" data-e-type=\"widget\" data-widget_type=\"image.default\">\n\t\t\t\t<div class=\"elementor-widget-container\">\n\t\t\t\t\t\t\t\t\t\t\t\t\t\t\t<img fetchpriority=\"high\" decoding=\"async\" width=\"800\" height=\"613\" src=\"https:\/\/processintegration.dk\/wp-content\/uploads\/2025\/06\/Plant-and-process-design_1-1024x785.jpg\" class=\"attachment-large size-large wp-image-248\" alt=\"3D layout drawings\" srcset=\"https:\/\/processintegration.dk\/wp-content\/uploads\/2025\/06\/Plant-and-process-design_1-1024x785.jpg 1024w, https:\/\/processintegration.dk\/wp-content\/uploads\/2025\/06\/Plant-and-process-design_1-300x230.jpg 300w, https:\/\/processintegration.dk\/wp-content\/uploads\/2025\/06\/Plant-and-process-design_1-768x589.jpg 768w, https:\/\/processintegration.dk\/wp-content\/uploads\/2025\/06\/Plant-and-process-design_1.jpg 1505w\" sizes=\"(max-width: 800px) 100vw, 800px\" \/>\t\t\t\t\t\t\t\t\t\t\t\t\t\t\t<\/div>\n\t\t\t\t<\/div>\n\t\t\t\t<div class=\"elementor-element elementor-element-b7e0a84 dce_masking-none elementor-widget elementor-widget-image\" data-id=\"b7e0a84\" data-element_type=\"widget\" data-e-type=\"widget\" data-widget_type=\"image.default\">\n\t\t\t\t<div class=\"elementor-widget-container\">\n\t\t\t\t\t\t\t\t\t\t\t\t\t\t\t<img decoding=\"async\" width=\"800\" height=\"534\" src=\"https:\/\/processintegration.dk\/wp-content\/uploads\/2025\/06\/Plant-and-process-design_2-1024x683.jpg\" class=\"attachment-large size-large wp-image-249\" alt=\"Process Integration plant and process design\" srcset=\"https:\/\/processintegration.dk\/wp-content\/uploads\/2025\/06\/Plant-and-process-design_2-1024x683.jpg 1024w, https:\/\/processintegration.dk\/wp-content\/uploads\/2025\/06\/Plant-and-process-design_2-300x200.jpg 300w, https:\/\/processintegration.dk\/wp-content\/uploads\/2025\/06\/Plant-and-process-design_2-768x512.jpg 768w, https:\/\/processintegration.dk\/wp-content\/uploads\/2025\/06\/Plant-and-process-design_2-1536x1024.jpg 1536w, https:\/\/processintegration.dk\/wp-content\/uploads\/2025\/06\/Plant-and-process-design_2-2048x1365.jpg 2048w\" sizes=\"(max-width: 800px) 100vw, 800px\" \/>\t\t\t\t\t\t\t\t\t\t\t\t\t\t\t<\/div>\n\t\t\t\t<\/div>\n\t\t\t\t<div class=\"elementor-element elementor-element-0170145 dce_masking-none elementor-widget elementor-widget-image\" data-id=\"0170145\" data-element_type=\"widget\" data-e-type=\"widget\" data-widget_type=\"image.default\">\n\t\t\t\t<div class=\"elementor-widget-container\">\n\t\t\t\t\t\t\t\t\t\t\t\t\t\t\t<img decoding=\"async\" width=\"800\" height=\"293\" src=\"https:\/\/processintegration.dk\/wp-content\/uploads\/2025\/06\/Plant-and-process-design_3-1024x375.jpg\" class=\"attachment-large size-large wp-image-250\" alt=\"General arrangement drawings\" srcset=\"https:\/\/processintegration.dk\/wp-content\/uploads\/2025\/06\/Plant-and-process-design_3-1024x375.jpg 1024w, https:\/\/processintegration.dk\/wp-content\/uploads\/2025\/06\/Plant-and-process-design_3-300x110.jpg 300w, https:\/\/processintegration.dk\/wp-content\/uploads\/2025\/06\/Plant-and-process-design_3-768x282.jpg 768w, https:\/\/processintegration.dk\/wp-content\/uploads\/2025\/06\/Plant-and-process-design_3.jpg 1500w\" sizes=\"(max-width: 800px) 100vw, 800px\" \/>\t\t\t\t\t\t\t\t\t\t\t\t\t\t\t<\/div>\n\t\t\t\t<\/div>\n\t\t\t\t<\/div>\n\t\t\t\t\t<\/div>\n\t\t\t\t<\/div>\n\t\t<div class=\"elementor-element elementor-element-a6cfbd9 e-flex e-con-boxed e-con e-parent\" data-id=\"a6cfbd9\" data-element_type=\"container\" data-e-type=\"container\" data-settings=\"{&quot;background_background&quot;:&quot;classic&quot;}\">\n\t\t\t\t\t<div class=\"e-con-inner\">\n\t\t\t\t<div class=\"elementor-element elementor-element-897836b elementor-widget elementor-widget-heading\" data-id=\"897836b\" data-element_type=\"widget\" data-e-type=\"widget\" data-widget_type=\"heading.default\">\n\t\t\t\t<div class=\"elementor-widget-container\">\n\t\t\t\t\t<h2 class=\"elementor-heading-title elementor-size-default\">Otros servicios<\/h2>\t\t\t\t<\/div>\n\t\t\t\t<\/div>\n\t\t<div class=\"elementor-element elementor-element-6756c40 e-con-full e-flex e-con e-child\" data-id=\"6756c40\" data-element_type=\"container\" data-e-type=\"container\">\n\t\t<a class=\"elementor-element elementor-element-2afd69b e-con-full e-flex e-con e-child\" data-id=\"2afd69b\" data-element_type=\"container\" data-e-type=\"container\" href=\"https:\/\/processintegration.dk\/project-management\/\">\n\t\t\t\t<div class=\"elementor-element elementor-element-10f7e4a dce_masking-none elementor-widget elementor-widget-image\" data-id=\"10f7e4a\" data-element_type=\"widget\" data-e-type=\"widget\" data-widget_type=\"image.default\">\n\t\t\t\t<div class=\"elementor-widget-container\">\n\t\t\t\t\t\t\t\t\t\t\t\t\t\t\t<img loading=\"lazy\" decoding=\"async\" width=\"800\" height=\"800\" src=\"https:\/\/processintegration.dk\/wp-content\/uploads\/2025\/06\/project-planning.jpg\" class=\"attachment-large size-large wp-image-254\" alt=\"Planificaci\u00f3n de proyectos en Integraci\u00f3n de Procesos\" srcset=\"https:\/\/processintegration.dk\/wp-content\/uploads\/2025\/06\/project-planning.jpg 800w, https:\/\/processintegration.dk\/wp-content\/uploads\/2025\/06\/project-planning-300x300.jpg 300w, https:\/\/processintegration.dk\/wp-content\/uploads\/2025\/06\/project-planning-150x150.jpg 150w, https:\/\/processintegration.dk\/wp-content\/uploads\/2025\/06\/project-planning-768x768.jpg 768w\" sizes=\"(max-width: 800px) 100vw, 800px\" \/>\t\t\t\t\t\t\t\t\t\t\t\t\t\t\t<\/div>\n\t\t\t\t<\/div>\n\t\t<div class=\"elementor-element elementor-element-259a753 e-con-full e-flex e-con e-child\" data-id=\"259a753\" data-element_type=\"container\" data-e-type=\"container\">\n\t\t\t\t<div class=\"elementor-element elementor-element-9380247 elementor-widget elementor-widget-heading\" data-id=\"9380247\" data-element_type=\"widget\" data-e-type=\"widget\" data-widget_type=\"heading.default\">\n\t\t\t\t<div class=\"elementor-widget-container\">\n\t\t\t\t\t<h2 class=\"elementor-heading-title elementor-size-default\">Gesti\u00f3n de proyectos<\/h2>\t\t\t\t<\/div>\n\t\t\t\t<\/div>\n\t\t\t\t<div class=\"elementor-element elementor-element-5501c06 elementor-view-default elementor-widget elementor-widget-icon\" data-id=\"5501c06\" data-element_type=\"widget\" data-e-type=\"widget\" data-widget_type=\"icon.default\">\n\t\t\t\t<div class=\"elementor-widget-container\">\n\t\t\t\t\t\t\t<div class=\"elementor-icon-wrapper\">\n\t\t\t<div class=\"elementor-icon\">\n\t\t\t<svg aria-hidden=\"true\" class=\"e-font-icon-svg e-fas-chevron-circle-right\" viewBox=\"0 0 512 512\" xmlns=\"http:\/\/www.w3.org\/2000\/svg\"><path d=\"M256 8c137 0 248 111 248 248S393 504 256 504 8 393 8 256 119 8 256 8zm113.9 231L234.4 103.5c-9.4-9.4-24.6-9.4-33.9 0l-17 17c-9.4 9.4-9.4 24.6 0 33.9L285.1 256 183.5 357.6c-9.4 9.4-9.4 24.6 0 33.9l17 17c9.4 9.4 24.6 9.4 33.9 0L369.9 273c9.4-9.4 9.4-24.6 0-34z\"><\/path><\/svg>\t\t\t<\/div>\n\t\t<\/div>\n\t\t\t\t\t\t<\/div>\n\t\t\t\t<\/div>\n\t\t\t\t<\/div>\n\t\t\t\t<\/a>\n\t\t<a class=\"elementor-element elementor-element-39a0fb0 e-con-full e-flex e-con e-child\" data-id=\"39a0fb0\" data-element_type=\"container\" data-e-type=\"container\" href=\"https:\/\/processintegration.dk\/services\/process-engineering\/\">\n\t\t\t\t<div class=\"elementor-element elementor-element-814a002 e-transform dce_masking-none elementor-widget elementor-widget-image\" data-id=\"814a002\" data-element_type=\"widget\" data-e-type=\"widget\" data-settings=\"{&quot;motion_fx_motion_fx_mouse&quot;:&quot;yes&quot;,&quot;_transform_translateX_effect&quot;:{&quot;unit&quot;:&quot;px&quot;,&quot;size&quot;:&quot;&quot;,&quot;sizes&quot;:[]},&quot;_transform_translateX_effect_tablet&quot;:{&quot;unit&quot;:&quot;px&quot;,&quot;size&quot;:&quot;&quot;,&quot;sizes&quot;:[]},&quot;_transform_translateX_effect_mobile&quot;:{&quot;unit&quot;:&quot;px&quot;,&quot;size&quot;:&quot;&quot;,&quot;sizes&quot;:[]},&quot;_transform_translateY_effect&quot;:{&quot;unit&quot;:&quot;px&quot;,&quot;size&quot;:&quot;&quot;,&quot;sizes&quot;:[]},&quot;_transform_translateY_effect_tablet&quot;:{&quot;unit&quot;:&quot;px&quot;,&quot;size&quot;:&quot;&quot;,&quot;sizes&quot;:[]},&quot;_transform_translateY_effect_mobile&quot;:{&quot;unit&quot;:&quot;px&quot;,&quot;size&quot;:&quot;&quot;,&quot;sizes&quot;:[]}}\" data-widget_type=\"image.default\">\n\t\t\t\t<div class=\"elementor-widget-container\">\n\t\t\t\t\t\t\t\t\t\t\t\t\t\t\t<img loading=\"lazy\" decoding=\"async\" width=\"800\" height=\"800\" src=\"https:\/\/processintegration.dk\/wp-content\/uploads\/2025\/06\/dscf0072.jpg\" class=\"attachment-large size-large wp-image-251\" alt=\"Dise\u00f1o de plantas y procesos en Integraci\u00f3n de Procesos\" srcset=\"https:\/\/processintegration.dk\/wp-content\/uploads\/2025\/06\/dscf0072.jpg 800w, https:\/\/processintegration.dk\/wp-content\/uploads\/2025\/06\/dscf0072-300x300.jpg 300w, https:\/\/processintegration.dk\/wp-content\/uploads\/2025\/06\/dscf0072-150x150.jpg 150w, https:\/\/processintegration.dk\/wp-content\/uploads\/2025\/06\/dscf0072-768x768.jpg 768w\" sizes=\"(max-width: 800px) 100vw, 800px\" \/>\t\t\t\t\t\t\t\t\t\t\t\t\t\t\t<\/div>\n\t\t\t\t<\/div>\n\t\t<div class=\"elementor-element elementor-element-1b0481d e-flex e-con-boxed e-con e-child\" data-id=\"1b0481d\" data-element_type=\"container\" data-e-type=\"container\">\n\t\t\t\t\t<div class=\"e-con-inner\">\n\t\t\t\t<div class=\"elementor-element elementor-element-df0b8ea elementor-widget elementor-widget-heading\" data-id=\"df0b8ea\" data-element_type=\"widget\" data-e-type=\"widget\" data-widget_type=\"heading.default\">\n\t\t\t\t<div class=\"elementor-widget-container\">\n\t\t\t\t\t<h2 class=\"elementor-heading-title elementor-size-default\">Ingenier\u00eda de procesos<\/h2>\t\t\t\t<\/div>\n\t\t\t\t<\/div>\n\t\t\t\t<div class=\"elementor-element elementor-element-d6f9357 elementor-view-default elementor-widget elementor-widget-icon\" data-id=\"d6f9357\" data-element_type=\"widget\" data-e-type=\"widget\" data-widget_type=\"icon.default\">\n\t\t\t\t<div class=\"elementor-widget-container\">\n\t\t\t\t\t\t\t<div class=\"elementor-icon-wrapper\">\n\t\t\t<div class=\"elementor-icon\">\n\t\t\t<svg aria-hidden=\"true\" class=\"e-font-icon-svg e-fas-chevron-circle-right\" viewBox=\"0 0 512 512\" xmlns=\"http:\/\/www.w3.org\/2000\/svg\"><path d=\"M256 8c137 0 248 111 248 248S393 504 256 504 8 393 8 256 119 8 256 8zm113.9 231L234.4 103.5c-9.4-9.4-24.6-9.4-33.9 0l-17 17c-9.4 9.4-9.4 24.6 0 33.9L285.1 256 183.5 357.6c-9.4 9.4-9.4 24.6 0 33.9l17 17c9.4 9.4 24.6 9.4 33.9 0L369.9 273c9.4-9.4 9.4-24.6 0-34z\"><\/path><\/svg>\t\t\t<\/div>\n\t\t<\/div>\n\t\t\t\t\t\t<\/div>\n\t\t\t\t<\/div>\n\t\t\t\t\t<\/div>\n\t\t\t\t<\/div>\n\t\t\t\t<\/a>\n\t\t<a class=\"elementor-element elementor-element-51b8e77 e-con-full e-flex e-con e-child\" data-id=\"51b8e77\" data-element_type=\"container\" data-e-type=\"container\" href=\"https:\/\/processintegration.dk\/services\/supervision-and-installation\/\">\n\t\t\t\t<div class=\"elementor-element elementor-element-b2a5b37 dce_masking-none elementor-widget elementor-widget-image\" data-id=\"b2a5b37\" data-element_type=\"widget\" data-e-type=\"widget\" data-widget_type=\"image.default\">\n\t\t\t\t<div class=\"elementor-widget-container\">\n\t\t\t\t\t\t\t\t\t\t\t\t\t\t\t<img loading=\"lazy\" decoding=\"async\" width=\"800\" height=\"800\" src=\"https:\/\/processintegration.dk\/wp-content\/uploads\/2025\/06\/img_8395.jpg\" class=\"attachment-large size-large wp-image-253\" alt=\"Dise\u00f1o de plantas y procesos\" srcset=\"https:\/\/processintegration.dk\/wp-content\/uploads\/2025\/06\/img_8395.jpg 800w, https:\/\/processintegration.dk\/wp-content\/uploads\/2025\/06\/img_8395-300x300.jpg 300w, https:\/\/processintegration.dk\/wp-content\/uploads\/2025\/06\/img_8395-150x150.jpg 150w, https:\/\/processintegration.dk\/wp-content\/uploads\/2025\/06\/img_8395-768x768.jpg 768w\" sizes=\"(max-width: 800px) 100vw, 800px\" \/>\t\t\t\t\t\t\t\t\t\t\t\t\t\t\t<\/div>\n\t\t\t\t<\/div>\n\t\t<div class=\"elementor-element elementor-element-519caf5 e-con-full e-flex e-con e-child\" data-id=\"519caf5\" data-element_type=\"container\" data-e-type=\"container\">\n\t\t\t\t<div class=\"elementor-element elementor-element-ff67919 elementor-widget elementor-widget-heading\" data-id=\"ff67919\" data-element_type=\"widget\" data-e-type=\"widget\" data-widget_type=\"heading.default\">\n\t\t\t\t<div class=\"elementor-widget-container\">\n\t\t\t\t\t<h2 class=\"elementor-heading-title elementor-size-default\">Supervisi\u00f3n e instalaci\u00f3n<\/h2>\t\t\t\t<\/div>\n\t\t\t\t<\/div>\n\t\t\t\t<div class=\"elementor-element elementor-element-9960256 elementor-view-default elementor-widget elementor-widget-icon\" data-id=\"9960256\" data-element_type=\"widget\" data-e-type=\"widget\" data-widget_type=\"icon.default\">\n\t\t\t\t<div class=\"elementor-widget-container\">\n\t\t\t\t\t\t\t<div class=\"elementor-icon-wrapper\">\n\t\t\t<div class=\"elementor-icon\">\n\t\t\t<svg aria-hidden=\"true\" class=\"e-font-icon-svg e-fas-chevron-circle-right\" viewBox=\"0 0 512 512\" xmlns=\"http:\/\/www.w3.org\/2000\/svg\"><path d=\"M256 8c137 0 248 111 248 248S393 504 256 504 8 393 8 256 119 8 256 8zm113.9 231L234.4 103.5c-9.4-9.4-24.6-9.4-33.9 0l-17 17c-9.4 9.4-9.4 24.6 0 33.9L285.1 256 183.5 357.6c-9.4 9.4-9.4 24.6 0 33.9l17 17c9.4 9.4 24.6 9.4 33.9 0L369.9 273c9.4-9.4 9.4-24.6 0-34z\"><\/path><\/svg>\t\t\t<\/div>\n\t\t<\/div>\n\t\t\t\t\t\t<\/div>\n\t\t\t\t<\/div>\n\t\t\t\t<\/div>\n\t\t\t\t<\/a>\n\t\t<a class=\"elementor-element elementor-element-54f1dd9 e-con-full e-flex e-con e-child\" data-id=\"54f1dd9\" data-element_type=\"container\" data-e-type=\"container\" href=\"https:\/\/processintegration.dk\/services\/equipment-supply-and-installation\/\">\n\t\t\t\t<div class=\"elementor-element elementor-element-4c9e9a3 dce_masking-none elementor-widget elementor-widget-image\" data-id=\"4c9e9a3\" data-element_type=\"widget\" data-e-type=\"widget\" data-widget_type=\"image.default\">\n\t\t\t\t<div class=\"elementor-widget-container\">\n\t\t\t\t\t\t\t\t\t\t\t\t\t\t\t<img loading=\"lazy\" decoding=\"async\" width=\"800\" height=\"800\" src=\"https:\/\/processintegration.dk\/wp-content\/uploads\/2025\/06\/Equipment-Supply-and-Installation.jpg\" class=\"attachment-large size-large wp-image-252\" alt=\"Suministro e instalaci\u00f3n de equipos\" srcset=\"https:\/\/processintegration.dk\/wp-content\/uploads\/2025\/06\/Equipment-Supply-and-Installation.jpg 800w, https:\/\/processintegration.dk\/wp-content\/uploads\/2025\/06\/Equipment-Supply-and-Installation-300x300.jpg 300w, https:\/\/processintegration.dk\/wp-content\/uploads\/2025\/06\/Equipment-Supply-and-Installation-150x150.jpg 150w, https:\/\/processintegration.dk\/wp-content\/uploads\/2025\/06\/Equipment-Supply-and-Installation-768x768.jpg 768w\" sizes=\"(max-width: 800px) 100vw, 800px\" \/>\t\t\t\t\t\t\t\t\t\t\t\t\t\t\t<\/div>\n\t\t\t\t<\/div>\n\t\t<div class=\"elementor-element elementor-element-8b3e941 e-con-full e-flex e-con e-child\" data-id=\"8b3e941\" data-element_type=\"container\" data-e-type=\"container\">\n\t\t\t\t<div class=\"elementor-element elementor-element-a2ce153 elementor-widget elementor-widget-heading\" data-id=\"a2ce153\" data-element_type=\"widget\" data-e-type=\"widget\" data-widget_type=\"heading.default\">\n\t\t\t\t<div class=\"elementor-widget-container\">\n\t\t\t\t\t<h2 class=\"elementor-heading-title elementor-size-default\">Suministro e instalaci\u00f3n de equipos<\/h2>\t\t\t\t<\/div>\n\t\t\t\t<\/div>\n\t\t\t\t<div class=\"elementor-element elementor-element-fa75a7a elementor-view-default elementor-widget elementor-widget-icon\" data-id=\"fa75a7a\" data-element_type=\"widget\" data-e-type=\"widget\" data-widget_type=\"icon.default\">\n\t\t\t\t<div class=\"elementor-widget-container\">\n\t\t\t\t\t\t\t<div class=\"elementor-icon-wrapper\">\n\t\t\t<div class=\"elementor-icon\">\n\t\t\t<svg aria-hidden=\"true\" class=\"e-font-icon-svg e-fas-chevron-circle-right\" viewBox=\"0 0 512 512\" xmlns=\"http:\/\/www.w3.org\/2000\/svg\"><path d=\"M256 8c137 0 248 111 248 248S393 504 256 504 8 393 8 256 119 8 256 8zm113.9 231L234.4 103.5c-9.4-9.4-24.6-9.4-33.9 0l-17 17c-9.4 9.4-9.4 24.6 0 33.9L285.1 256 183.5 357.6c-9.4 9.4-9.4 24.6 0 33.9l17 17c9.4 9.4 24.6 9.4 33.9 0L369.9 273c9.4-9.4 9.4-24.6 0-34z\"><\/path><\/svg>\t\t\t<\/div>\n\t\t<\/div>\n\t\t\t\t\t\t<\/div>\n\t\t\t\t<\/div>\n\t\t\t\t<\/div>\n\t\t\t\t<\/a>\n\t\t\t\t<\/div>\n\t\t\t\t\t<\/div>\n\t\t\t\t<\/div>\n\t\t\t\t<\/div>\n\t\t","protected":false},"excerpt":{"rendered":"<p>Home Dise\u00f1o de plantas y procesos Durante la fase de dise\u00f1o, incluso desde el cambio m\u00e1s peque\u00f1o en una l\u00ednea existente hasta una nueva f\u00e1brica de campo verde, nos enorgullecemos de nuestra experiencia pr\u00e1ctica en la industria de producci\u00f3n de piensos y alimentos. Aprovechamos nuestra capacidad para transformar detalles concretos del dise\u00f1o y, al mismo [&hellip;]<\/p>\n","protected":false},"author":1,"featured_media":0,"parent":2243,"menu_order":0,"comment_status":"closed","ping_status":"closed","template":"","meta":{"_acf_changed":false,"footnotes":""},"class_list":["post-1133","page","type-page","status-publish","hentry"],"acf":[],"_links":{"self":[{"href":"https:\/\/processintegration.dk\/es\/wp-json\/wp\/v2\/pages\/1133","targetHints":{"allow":["GET"]}}],"collection":[{"href":"https:\/\/processintegration.dk\/es\/wp-json\/wp\/v2\/pages"}],"about":[{"href":"https:\/\/processintegration.dk\/es\/wp-json\/wp\/v2\/types\/page"}],"author":[{"embeddable":true,"href":"https:\/\/processintegration.dk\/es\/wp-json\/wp\/v2\/users\/1"}],"replies":[{"embeddable":true,"href":"https:\/\/processintegration.dk\/es\/wp-json\/wp\/v2\/comments?post=1133"}],"version-history":[{"count":6,"href":"https:\/\/processintegration.dk\/es\/wp-json\/wp\/v2\/pages\/1133\/revisions"}],"predecessor-version":[{"id":2248,"href":"https:\/\/processintegration.dk\/es\/wp-json\/wp\/v2\/pages\/1133\/revisions\/2248"}],"up":[{"embeddable":true,"href":"https:\/\/processintegration.dk\/es\/wp-json\/wp\/v2\/pages\/2243"}],"wp:attachment":[{"href":"https:\/\/processintegration.dk\/es\/wp-json\/wp\/v2\/media?parent=1133"}],"curies":[{"name":"wp","href":"https:\/\/api.w.org\/{rel}","templated":true}]}}