{"id":1129,"date":"2025-06-23T11:44:45","date_gmt":"2025-06-23T09:44:45","guid":{"rendered":"https:\/\/pi.host9.slyde.dk\/sectores\/aqua-feed\/"},"modified":"2025-10-27T10:40:49","modified_gmt":"2025-10-27T09:40:49","slug":"aqua-feed","status":"publish","type":"page","link":"https:\/\/processintegration.dk\/es\/sectores\/aqua-feed\/","title":{"rendered":"Aqua Feed"},"content":{"rendered":"\t\t<div data-elementor-type=\"wp-post\" data-elementor-id=\"1129\" class=\"elementor elementor-1129 elementor-162\" data-elementor-post-type=\"page\">\n\t\t\t\t<div data-dce-background-image-url=\"https:\/\/processintegration.dk\/wp-content\/uploads\/2025\/06\/Aqua-Feed_top.jpg\" class=\"elementor-element elementor-element-0302405 e-con-full e-flex e-con e-parent\" data-id=\"0302405\" data-element_type=\"container\" data-e-type=\"container\" data-settings=\"{&quot;background_background&quot;:&quot;classic&quot;}\">\n\t\t\t\t<\/div>\n\t\t<div class=\"elementor-element elementor-element-a063d11 e-flex e-con-boxed e-con e-parent\" data-id=\"a063d11\" data-element_type=\"container\" data-e-type=\"container\">\n\t\t\t\t\t<div class=\"e-con-inner\">\n\t\t\t\t<div class=\"elementor-element elementor-element-6e865ea elementor-widget elementor-widget-breadcrumbs\" data-id=\"6e865ea\" data-element_type=\"widget\" data-e-type=\"widget\" data-widget_type=\"breadcrumbs.default\">\n\t\t\t\t<div class=\"elementor-widget-container\">\n\t\t\t\t\t<nav aria-label=\"breadcrumbs\" class=\"rank-math-breadcrumb\"><p><span class=\"last\">Home<\/span><\/p><\/nav>\t\t\t\t<\/div>\n\t\t\t\t<\/div>\n\t\t\t\t<div class=\"elementor-element elementor-element-af5f340 elementor-widget elementor-widget-heading\" data-id=\"af5f340\" data-element_type=\"widget\" data-e-type=\"widget\" data-widget_type=\"heading.default\">\n\t\t\t\t<div class=\"elementor-widget-container\">\n\t\t\t\t\t<h2 class=\"elementor-heading-title elementor-size-default\">Aqua Feed<\/h2>\t\t\t\t<\/div>\n\t\t\t\t<\/div>\n\t\t\t\t<div class=\"elementor-element elementor-element-33eee3d elementor-widget elementor-widget-text-editor\" data-id=\"33eee3d\" data-element_type=\"widget\" data-e-type=\"widget\" data-widget_type=\"text-editor.default\">\n\t\t\t\t<div class=\"elementor-widget-container\">\n\t\t\t\t\t\t\t\t\t<p><strong>Con la creciente poblaci\u00f3n mundial, la necesidad de m\u00e9todos m\u00e1s sostenibles para fabricar prote\u00ednas y, en consecuencia, el consumo mundial de pescado y marisco est\u00e1 aumentando.<\/strong><\/p><p>Para adaptarnos a este aumento y buscar mejores formas de mejorar el \u00edndice de conversi\u00f3n alimenticia, mejorar el rendimiento y la salud animal, las p\u00e9rdidas deben mantenerse al m\u00ednimo absoluto en toda la cadena de suministro.<\/p><p>Las instalaciones de producci\u00f3n deben ser escalables para adaptarse al crecimiento y adaptables para gestionar el cambio constante en la manipulaci\u00f3n de materias primas y el desarrollo de productos.<\/p><p><strong>Lars Johansen, CEO, dice:<\/strong><br><strong>\u201cLas instalaciones de producci\u00f3n actuales deben ser capaces de admitir un n\u00famero creciente de nuevas materias primas para reducir la dependencia de materias primas marinas, como la harina de pescado, e incorporar el uso de ingredientes nuevos y m\u00e1s sostenibles y otros nutrientes esenciales que se desarrollen con el tiempo\u201d<\/strong><\/p><p>Cumplir con las nuevas regulaciones de producci\u00f3n de piensos se est\u00e1 convirtiendo en un desaf\u00edo cada vez mayor junto con los est\u00e1ndares ambientales internacionales.<br>El punto clave es mantener una alta calidad del producto, que cumpla con los est\u00e1ndares de seguridad y aumente la visibilidad y la trazabilidad en toda la cadena de valor.<br>Comenzando con los desaf\u00edos espec\u00edficos que enfrenta su empresa, ya sea la optimizaci\u00f3n de una sola m\u00e1quina, la l\u00ednea de procesamiento completa o la construcci\u00f3n de una f\u00e1brica completamente nueva, Process Integration trabaja con usted para identificar la mejor soluci\u00f3n para su producci\u00f3n y asegurarse de que suceda seg\u00fan lo planeado.<\/p>\t\t\t\t\t\t\t\t<\/div>\n\t\t\t\t<\/div>\n\t\t\t\t\t<\/div>\n\t\t\t\t<\/div>\n\t\t<div class=\"elementor-element elementor-element-a6cfbd9 e-flex e-con-boxed e-con e-parent\" data-id=\"a6cfbd9\" data-element_type=\"container\" data-e-type=\"container\" data-settings=\"{&quot;background_background&quot;:&quot;classic&quot;}\">\n\t\t\t\t\t<div class=\"e-con-inner\">\n\t\t\t\t<div class=\"elementor-element elementor-element-ae182be elementor-widget elementor-widget-heading\" data-id=\"ae182be\" data-element_type=\"widget\" data-e-type=\"widget\" data-widget_type=\"heading.default\">\n\t\t\t\t<div class=\"elementor-widget-container\">\n\t\t\t\t\t<h2 class=\"elementor-heading-title elementor-size-default\">Otras industrias con las que trabajamos<\/h2>\t\t\t\t<\/div>\n\t\t\t\t<\/div>\n\t\t<div class=\"elementor-element elementor-element-4c098fea e-con-full e-flex e-con e-child\" data-id=\"4c098fea\" data-element_type=\"container\" data-e-type=\"container\">\n\t\t\t\t<div class=\"elementor-element elementor-element-46d2fcfd elementor-widget elementor-widget-button\" data-id=\"46d2fcfd\" data-element_type=\"widget\" data-e-type=\"widget\" data-widget_type=\"button.default\">\n\t\t\t\t<div class=\"elementor-widget-container\">\n\t\t\t\t\t\t\t\t\t<div class=\"elementor-button-wrapper\">\n\t\t\t\t\t<a class=\"elementor-button elementor-button-link elementor-size-sm\" href=\"https:\/\/processintegration.dk\/es\/sectores\/comida-para-mascotas\/\">\n\t\t\t\t\t\t<span class=\"elementor-button-content-wrapper\">\n\t\t\t\t\t\t\t\t\t<span class=\"elementor-button-text\">Comida para mascotas<\/span>\n\t\t\t\t\t<\/span>\n\t\t\t\t\t<\/a>\n\t\t\t\t<\/div>\n\t\t\t\t\t\t\t\t<\/div>\n\t\t\t\t<\/div>\n\t\t\t\t<div class=\"elementor-element elementor-element-1e1adf63 elementor-widget elementor-widget-button\" data-id=\"1e1adf63\" data-element_type=\"widget\" data-e-type=\"widget\" data-widget_type=\"button.default\">\n\t\t\t\t<div class=\"elementor-widget-container\">\n\t\t\t\t\t\t\t\t\t<div class=\"elementor-button-wrapper\">\n\t\t\t\t\t<a class=\"elementor-button elementor-button-link elementor-size-sm\" href=\"https:\/\/processintegration.dk\/es\/sectores\/proteinas-sostenibles\/\">\n\t\t\t\t\t\t<span class=\"elementor-button-content-wrapper\">\n\t\t\t\t\t\t\t\t\t<span class=\"elementor-button-text\">Prote\u00ednas sostenibles<\/span>\n\t\t\t\t\t<\/span>\n\t\t\t\t\t<\/a>\n\t\t\t\t<\/div>\n\t\t\t\t\t\t\t\t<\/div>\n\t\t\t\t<\/div>\n\t\t\t\t<div class=\"elementor-element elementor-element-3886e837 elementor-widget elementor-widget-button\" data-id=\"3886e837\" data-element_type=\"widget\" data-e-type=\"widget\" data-widget_type=\"button.default\">\n\t\t\t\t<div class=\"elementor-widget-container\">\n\t\t\t\t\t\t\t\t\t<div class=\"elementor-button-wrapper\">\n\t\t\t\t\t<a class=\"elementor-button elementor-button-link elementor-size-sm\" href=\"https:\/\/processintegration.dk\/es\/sectores\/alimentos-y-bebidas-liquidos\/\">\n\t\t\t\t\t\t<span class=\"elementor-button-content-wrapper\">\n\t\t\t\t\t\t\t\t\t<span class=\"elementor-button-text\">Alimentos y bebidas l\u00edquidos<\/span>\n\t\t\t\t\t<\/span>\n\t\t\t\t\t<\/a>\n\t\t\t\t<\/div>\n\t\t\t\t\t\t\t\t<\/div>\n\t\t\t\t<\/div>\n\t\t\t\t<\/div>\n\t\t\t\t\t<\/div>\n\t\t\t\t<\/div>\n\t\t\t\t<\/div>\n\t\t","protected":false},"excerpt":{"rendered":"<p>Home Aqua Feed Con la creciente poblaci\u00f3n mundial, la necesidad de m\u00e9todos m\u00e1s sostenibles para fabricar prote\u00ednas y, en consecuencia, el consumo mundial de pescado y marisco est\u00e1 aumentando. Para adaptarnos a este aumento y buscar mejores formas de mejorar el \u00edndice de conversi\u00f3n alimenticia, mejorar el rendimiento y la salud animal, las p\u00e9rdidas deben [&hellip;]<\/p>\n","protected":false},"author":1,"featured_media":0,"parent":2254,"menu_order":0,"comment_status":"closed","ping_status":"closed","template":"","meta":{"_acf_changed":false,"footnotes":""},"class_list":["post-1129","page","type-page","status-publish","hentry"],"acf":[],"_links":{"self":[{"href":"https:\/\/processintegration.dk\/es\/wp-json\/wp\/v2\/pages\/1129","targetHints":{"allow":["GET"]}}],"collection":[{"href":"https:\/\/processintegration.dk\/es\/wp-json\/wp\/v2\/pages"}],"about":[{"href":"https:\/\/processintegration.dk\/es\/wp-json\/wp\/v2\/types\/page"}],"author":[{"embeddable":true,"href":"https:\/\/processintegration.dk\/es\/wp-json\/wp\/v2\/users\/1"}],"replies":[{"embeddable":true,"href":"https:\/\/processintegration.dk\/es\/wp-json\/wp\/v2\/comments?post=1129"}],"version-history":[{"count":4,"href":"https:\/\/processintegration.dk\/es\/wp-json\/wp\/v2\/pages\/1129\/revisions"}],"predecessor-version":[{"id":2045,"href":"https:\/\/processintegration.dk\/es\/wp-json\/wp\/v2\/pages\/1129\/revisions\/2045"}],"up":[{"embeddable":true,"href":"https:\/\/processintegration.dk\/es\/wp-json\/wp\/v2\/pages\/2254"}],"wp:attachment":[{"href":"https:\/\/processintegration.dk\/es\/wp-json\/wp\/v2\/media?parent=1129"}],"curies":[{"name":"wp","href":"https:\/\/api.w.org\/{rel}","templated":true}]}}