{"id":1122,"date":"2025-07-18T07:58:48","date_gmt":"2025-07-18T05:58:48","guid":{"rendered":"https:\/\/pi.host9.slyde.dk\/aniversario\/"},"modified":"2025-10-27T10:27:57","modified_gmt":"2025-10-27T09:27:57","slug":"aniversario","status":"publish","type":"page","link":"https:\/\/processintegration.dk\/es\/acerca-de-pi\/aniversario\/","title":{"rendered":"Aniversario"},"content":{"rendered":"\t\t<div data-elementor-type=\"wp-post\" data-elementor-id=\"1122\" class=\"elementor elementor-1122 elementor-574\" data-elementor-post-type=\"page\">\n\t\t\t\t<div data-dce-background-image-url=\"https:\/\/processintegration.dk\/wp-content\/uploads\/2025\/07\/JUBI_Hero_2000x800.jpg\" class=\"elementor-element elementor-element-0302405 e-con-full e-flex e-con e-parent\" data-id=\"0302405\" data-element_type=\"container\" data-e-type=\"container\" data-settings=\"{&quot;background_background&quot;:&quot;classic&quot;}\">\n\t\t<div class=\"elementor-element elementor-element-c0a7da9 e-flex e-con-boxed e-con e-child\" data-id=\"c0a7da9\" data-element_type=\"container\" data-e-type=\"container\">\n\t\t\t\t\t<div class=\"e-con-inner\">\n\t\t\t\t<div class=\"elementor-element elementor-element-4c7fd40 elementor-widget__width-initial elementor-widget elementor-widget-heading\" data-id=\"4c7fd40\" data-element_type=\"widget\" data-e-type=\"widget\" data-widget_type=\"heading.default\">\n\t\t\t\t<div class=\"elementor-widget-container\">\n\t\t\t\t\t<h1 class=\"elementor-heading-title elementor-size-default\">Process Integration celebra su 10.\u00ba aniversario<\/h1>\t\t\t\t<\/div>\n\t\t\t\t<\/div>\n\t\t\t\t\t<\/div>\n\t\t\t\t<\/div>\n\t\t\t\t<\/div>\n\t\t<div class=\"elementor-element elementor-element-a063d11 e-flex e-con-boxed e-con e-parent\" data-id=\"a063d11\" data-element_type=\"container\" data-e-type=\"container\">\n\t\t\t\t\t<div class=\"e-con-inner\">\n\t\t\t\t<div class=\"elementor-element elementor-element-dfc2f07 elementor-widget elementor-widget-breadcrumbs\" data-id=\"dfc2f07\" data-element_type=\"widget\" data-e-type=\"widget\" data-widget_type=\"breadcrumbs.default\">\n\t\t\t\t<div class=\"elementor-widget-container\">\n\t\t\t\t\t<nav aria-label=\"breadcrumbs\" class=\"rank-math-breadcrumb\"><p><span class=\"last\">Home<\/span><\/p><\/nav>\t\t\t\t<\/div>\n\t\t\t\t<\/div>\n\t\t\t\t<div class=\"elementor-element elementor-element-af5f340 elementor-widget elementor-widget-heading\" data-id=\"af5f340\" data-element_type=\"widget\" data-e-type=\"widget\" data-widget_type=\"heading.default\">\n\t\t\t\t<div class=\"elementor-widget-container\">\n\t\t\t\t\t<h1 class=\"elementor-heading-title elementor-size-default\">Una d\u00e9cada de crecimiento e ingenier\u00eda integral<\/h1>\t\t\t\t<\/div>\n\t\t\t\t<\/div>\n\t\t\t\t<div class=\"elementor-element elementor-element-33eee3d elementor-widget elementor-widget-text-editor\" data-id=\"33eee3d\" data-element_type=\"widget\" data-e-type=\"widget\" data-widget_type=\"text-editor.default\">\n\t\t\t\t<div class=\"elementor-widget-container\">\n\t\t\t\t\t\t\t\t\t<p><strong>Lo que comenz\u00f3 como una conversaci\u00f3n informal durante un trayecto matutino se ha convertido en una pr\u00f3spera empresa de ingenier\u00eda global. Este a\u00f1o, la empresa danesa Process Integration celebra su 10.\u00ba aniversario, un hito que marca un recorrido definido por la confianza, la ambici\u00f3n y la pasi\u00f3n por el dise\u00f1o de procesos complejos.<\/strong><\/p><p>Fundada en 2015 por los ingenieros Sti L\u00f8vgreen y Lars Johansen, Process Integration comenz\u00f3 con solo dos ordenadores port\u00e1tiles, dos escritorios y una visi\u00f3n compartida: adoptar un enfoque integral en proyectos t\u00e9cnicos complejos en el sector de los piensos. Los dos decidieron cofundar una empresa en el tren de la ma\u00f1ana de camino al trabajo, y despu\u00e9s de dos meses consiguieron su primer encargo, a pesar de no tener a\u00fan el software necesario para completarlo. Fue el comienzo de lo que se convertir\u00eda en una d\u00e9cada de r\u00e1pida expansi\u00f3n y colaboraci\u00f3n internacional.<\/p><p><strong>Asociaciones a largo plazo y confianza mutua<\/strong><\/p><p>En la actualidad, Process Integration emplea a m\u00e1s de 100 especialistas y opera en Sudam\u00e9rica, Europa y EE. UU. El equipo ofrece servicios de ingenier\u00eda integrales, desde el dise\u00f1o inicial hasta la implementaci\u00f3n, tanto para la industria de los piensos como para la alimentaria. El crecimiento de la empresa se basa en asociaciones a largo plazo y en la confianza mutua.<\/p><p>\u201cNunca imaginamos que crecer\u00edamos tanto. Esper\u00e1bamos formar un equipo de 10 personas, y ahora hemos superado las 100. Nada de esto ser\u00eda posible sin todas las personas dedicadas que creyeron en nuestra misi\u00f3n desde el principio\u201d, afirma el cofundador Lars Johansen. \u201cLa confianza es uno de los valores m\u00e1s importantes de nuestro negocio.\u201d<\/p><p><strong>El comienzo de un nuevo y emocionante cap\u00edtulo<\/strong><\/p><p>A medida que Process Integration entra en su segunda d\u00e9cada, la empresa est\u00e1 redoblando la apuesta por la innovaci\u00f3n en la industria alimentaria, un \u00e1rea que los fundadores creen que estar\u00e1 a la vanguardia del cambio global.<\/p><p>El mundo se enfrenta al reto de alimentar a una poblaci\u00f3n creciente al tiempo que se reduce el consumo de energ\u00eda y las emisiones de carbono. Eso exige soluciones audaces e inteligentes, y queremos ser parte de esa transformaci\u00f3n\u201d, afirma el cofundador Sti L\u00f8vgreen.<\/p><p>Process Integration celebra su 10.\u00ba aniversario con socios, clientes y empleados este mes de agosto, marcando no solo una d\u00e9cada de crecimiento, sino tambi\u00e9n el comienzo de un nuevo y emocionante cap\u00edtulo.<\/p>\t\t\t\t\t\t\t\t<\/div>\n\t\t\t\t<\/div>\n\t\t\t\t\t<\/div>\n\t\t\t\t<\/div>\n\t\t<div data-dce-background-color=\"#9AB9D3\" class=\"elementor-element elementor-element-6bf87e48 e-flex e-con-boxed e-con e-parent\" data-id=\"6bf87e48\" data-element_type=\"container\" data-e-type=\"container\" data-settings=\"{&quot;background_background&quot;:&quot;gradient&quot;}\">\n\t\t\t\t\t<div class=\"e-con-inner\">\n\t\t<div class=\"elementor-element elementor-element-66e4d369 e-con-full e-flex e-con e-child\" data-id=\"66e4d369\" data-element_type=\"container\" data-e-type=\"container\">\n\t\t<div class=\"elementor-element elementor-element-2354bc03 e-con-full e-flex e-con e-child\" data-id=\"2354bc03\" data-element_type=\"container\" data-e-type=\"container\">\n\t\t\t\t<div class=\"elementor-element elementor-element-5aad6bbe elementor-widget elementor-widget-heading\" data-id=\"5aad6bbe\" data-element_type=\"widget\" data-e-type=\"widget\" data-widget_type=\"heading.default\">\n\t\t\t\t<div class=\"elementor-widget-container\">\n\t\t\t\t\t<h2 class=\"elementor-heading-title elementor-size-default\">GRUPO DE INTEGRACI\u00d3N DE PROCESOS<\/h2>\t\t\t\t<\/div>\n\t\t\t\t<\/div>\n\t\t\t\t<div class=\"elementor-element elementor-element-5b4f92d elementor-widget elementor-widget-text-editor\" data-id=\"5b4f92d\" data-element_type=\"widget\" data-e-type=\"widget\" data-widget_type=\"text-editor.default\">\n\t\t\t\t<div class=\"elementor-widget-container\">\n\t\t\t\t\t\t\t\t\t<p>Desde 2015, cuando fundamos nuestro negocio en Dinamarca, hemos crecido y ahora tenemos representaci\u00f3n en cuatro pa\u00edses.<\/p>\t\t\t\t\t\t\t\t<\/div>\n\t\t\t\t<\/div>\n\t\t\t\t<\/div>\n\t\t<div class=\"elementor-element elementor-element-289c8ef4 e-con-full e-flex e-con e-child\" data-id=\"289c8ef4\" data-element_type=\"container\" data-e-type=\"container\">\n\t\t\t\t<div class=\"elementor-element elementor-element-1b37a0cf dce_masking-none elementor-widget elementor-widget-image\" data-id=\"1b37a0cf\" data-element_type=\"widget\" data-e-type=\"widget\" data-widget_type=\"image.default\">\n\t\t\t\t<div class=\"elementor-widget-container\">\n\t\t\t\t\t\t\t\t\t\t\t\t\t\t\t<img fetchpriority=\"high\" decoding=\"async\" width=\"800\" height=\"222\" src=\"https:\/\/processintegration.dk\/wp-content\/uploads\/2025\/07\/PI_map-1024x284.png\" class=\"attachment-large size-large wp-image-503\" alt=\"\" srcset=\"https:\/\/processintegration.dk\/wp-content\/uploads\/2025\/07\/PI_map-1024x284.png 1024w, https:\/\/processintegration.dk\/wp-content\/uploads\/2025\/07\/PI_map-300x83.png 300w, https:\/\/processintegration.dk\/wp-content\/uploads\/2025\/07\/PI_map-768x213.png 768w, https:\/\/processintegration.dk\/wp-content\/uploads\/2025\/07\/PI_map.png 1200w\" sizes=\"(max-width: 800px) 100vw, 800px\" \/>\t\t\t\t\t\t\t\t\t\t\t\t\t\t\t<\/div>\n\t\t\t\t<\/div>\n\t\t\t\t<\/div>\n\t\t\t\t<\/div>\n\t\t\t\t\t<\/div>\n\t\t\t\t<\/div>\n\t\t\t\t<\/div>\n\t\t","protected":false},"excerpt":{"rendered":"<p>Process Integration celebra su 10.\u00ba aniversario Home Una d\u00e9cada de crecimiento e ingenier\u00eda integral Lo que comenz\u00f3 como una conversaci\u00f3n informal durante un trayecto matutino se ha convertido en una pr\u00f3spera empresa de ingenier\u00eda global. Este a\u00f1o, la empresa danesa Process Integration celebra su 10.\u00ba aniversario, un hito que marca un recorrido definido por la [&hellip;]<\/p>\n","protected":false},"author":1,"featured_media":0,"parent":1151,"menu_order":0,"comment_status":"closed","ping_status":"closed","template":"","meta":{"_acf_changed":false,"footnotes":""},"class_list":["post-1122","page","type-page","status-publish","hentry"],"acf":[],"_links":{"self":[{"href":"https:\/\/processintegration.dk\/es\/wp-json\/wp\/v2\/pages\/1122","targetHints":{"allow":["GET"]}}],"collection":[{"href":"https:\/\/processintegration.dk\/es\/wp-json\/wp\/v2\/pages"}],"about":[{"href":"https:\/\/processintegration.dk\/es\/wp-json\/wp\/v2\/types\/page"}],"author":[{"embeddable":true,"href":"https:\/\/processintegration.dk\/es\/wp-json\/wp\/v2\/users\/1"}],"replies":[{"embeddable":true,"href":"https:\/\/processintegration.dk\/es\/wp-json\/wp\/v2\/comments?post=1122"}],"version-history":[{"count":5,"href":"https:\/\/processintegration.dk\/es\/wp-json\/wp\/v2\/pages\/1122\/revisions"}],"predecessor-version":[{"id":2246,"href":"https:\/\/processintegration.dk\/es\/wp-json\/wp\/v2\/pages\/1122\/revisions\/2246"}],"up":[{"embeddable":true,"href":"https:\/\/processintegration.dk\/es\/wp-json\/wp\/v2\/pages\/1151"}],"wp:attachment":[{"href":"https:\/\/processintegration.dk\/es\/wp-json\/wp\/v2\/media?parent=1122"}],"curies":[{"name":"wp","href":"https:\/\/api.w.org\/{rel}","templated":true}]}}