{"id":1118,"date":"2025-07-14T20:50:12","date_gmt":"2025-07-14T18:50:12","guid":{"rendered":"https:\/\/pi.host9.slyde.dk\/informe-anual-2024\/"},"modified":"2025-10-27T10:40:33","modified_gmt":"2025-10-27T09:40:33","slug":"informe-anual-2024","status":"publish","type":"page","link":"https:\/\/processintegration.dk\/es\/acerca-de-pi\/informe-anual-2024\/","title":{"rendered":"Informe anual 2024"},"content":{"rendered":"\t\t<div data-elementor-type=\"wp-post\" data-elementor-id=\"1118\" class=\"elementor elementor-1118 elementor-344\" data-elementor-post-type=\"page\">\n\t\t\t\t<div data-dce-background-image-url=\"https:\/\/processintegration.dk\/wp-content\/uploads\/2025\/07\/mockup-pi_2023.jpg\" class=\"elementor-element elementor-element-0302405 e-con-full e-flex e-con e-parent\" data-id=\"0302405\" data-element_type=\"container\" data-e-type=\"container\" data-settings=\"{&quot;background_background&quot;:&quot;classic&quot;}\">\n\t\t\t\t<\/div>\n\t\t<div class=\"elementor-element elementor-element-a063d11 e-flex e-con-boxed e-con e-parent\" data-id=\"a063d11\" data-element_type=\"container\" data-e-type=\"container\">\n\t\t\t\t\t<div class=\"e-con-inner\">\n\t\t\t\t<div class=\"elementor-element elementor-element-eaa485b elementor-widget elementor-widget-breadcrumbs\" data-id=\"eaa485b\" data-element_type=\"widget\" data-e-type=\"widget\" data-widget_type=\"breadcrumbs.default\">\n\t\t\t\t<div class=\"elementor-widget-container\">\n\t\t\t\t\t<nav aria-label=\"breadcrumbs\" class=\"rank-math-breadcrumb\"><p><span class=\"last\">Home<\/span><\/p><\/nav>\t\t\t\t<\/div>\n\t\t\t\t<\/div>\n\t\t\t\t<div class=\"elementor-element elementor-element-af5f340 elementor-widget elementor-widget-heading\" data-id=\"af5f340\" data-element_type=\"widget\" data-e-type=\"widget\" data-widget_type=\"heading.default\">\n\t\t\t\t<div class=\"elementor-widget-container\">\n\t\t\t\t\t<h1 class=\"elementor-heading-title elementor-size-default\">Informe anual 2024<\/h1>\t\t\t\t<\/div>\n\t\t\t\t<\/div>\n\t\t\t\t<div class=\"elementor-element elementor-element-33eee3d elementor-widget elementor-widget-text-editor\" data-id=\"33eee3d\" data-element_type=\"widget\" data-e-type=\"widget\" data-widget_type=\"text-editor.default\">\n\t\t\t\t<div class=\"elementor-widget-container\">\n\t\t\t\t\t\t\t\t\t<p><strong>Nuestros valores de integraci\u00f3n, innovaci\u00f3n<\/strong> <strong>e integridad elevaron un emocionante 2023<\/strong><\/p><p>Echando la vista atr\u00e1s a 2023, fuimos testigos de un desarrollo significativo en todos los par\u00e1metros: organizaci\u00f3n, grupo, clientes e industrias. Fue un a\u00f1o emocionante en el que, como siempre, nos centramos en garantizar que ofrecemos soluciones hol\u00edsticas y a medida, contribuyendo al \u00e9xito y desarrollo de nuestros clientes. Esto tambi\u00e9n exige mucho a nuestros empleados, donde la apertura, la colaboraci\u00f3n y la flexibilidad son las palabras clave. La innovaci\u00f3n y la comprensi\u00f3n de los proyectos son partes cruciales de nuestro ADN.   <\/p><p>2023 fue tambi\u00e9n el a\u00f1o en que nuestra direcci\u00f3n se ampli\u00f3 en PI; Niels Malling Laursen se incorpor\u00f3 como CEO, Kurt Olsen como CFO y Dennis Mikkelsen como Jefe de Instalaci\u00f3n. Lars Johansen contin\u00faa como CEO del grupo, y Sti L\u00f8vgreen como CTO, liberando as\u00ed tiempo para apoyar a todo el grupo. <\/p><p>Tras la quiebra de Graintecs el verano pasado, PI ha conseguido con \u00e9xito los derechos de su base de planos y documentaci\u00f3n, que abarcan muchos de los sistemas que ya mantenemos en todo el mundo. Esta adquisici\u00f3n nos proporciona la base m\u00e1s completa para apoyar a nuestros clientes hasta el m\u00e1s m\u00ednimo detalle. <br><br>Para fomentar una cultura de trabajo solidaria e integradora para nuestros compa\u00f1eros que viajan desde regiones distantes del sur, hemos abierto una oficina sat\u00e9lite en Vejle. Esta medida estrat\u00e9gica tiene como objetivo minimizar la duraci\u00f3n del trayecto para los compa\u00f1eros que residen m\u00e1s lejos, al tiempo que garantiza que sigan benefici\u00e1ndose de un entorno de oficina y una comunidad propicios. <\/p><p>La cultura es el pilar de apoyo donde tanto la expansi\u00f3n como el desarrollo de una organizaci\u00f3n plantean exigencias y donde nuestros valores ayudan a elevarnos:<\/p><p><strong>Integraci\u00f3n:<\/strong> Creamos soluciones bien dimensionadas que integran sin problemas diferentes componentes y tecnolog\u00edas.<br><strong>Innovaci\u00f3n:<\/strong> Aceptamos el cambio y desafiamos el statu quo. Nuestra dedicaci\u00f3n a la innovaci\u00f3n nos impulsa a mejorar y perfeccionar constantemente nuestras soluciones para satisfacer las necesidades cambiantes del mercado. <br><strong>Integridad:<\/strong> Operamos con honestidad, transparencia y responsabilidad en todas nuestras interacciones. Nuestra palabra es nuestro compromiso, y la cumplimos en todo lo que hacemos <\/p>\t\t\t\t\t\t\t\t<\/div>\n\t\t\t\t<\/div>\n\t\t\t\t\t<\/div>\n\t\t\t\t<\/div>\n\t\t<div class=\"elementor-element elementor-element-6e293f7 e-flex e-con-boxed e-con e-parent\" data-id=\"6e293f7\" data-element_type=\"container\" data-e-type=\"container\" data-settings=\"{&quot;background_background&quot;:&quot;classic&quot;}\">\n\t\t\t\t\t<div class=\"e-con-inner\">\n\t\t\t\t<div class=\"elementor-element elementor-element-9b8550f elementor-widget elementor-widget-heading\" data-id=\"9b8550f\" data-element_type=\"widget\" data-e-type=\"widget\" data-widget_type=\"heading.default\">\n\t\t\t\t<div class=\"elementor-widget-container\">\n\t\t\t\t\t<h2 class=\"elementor-heading-title elementor-size-default\">Otras industrias con las que trabajamos<\/h2>\t\t\t\t<\/div>\n\t\t\t\t<\/div>\n\t\t<div class=\"elementor-element elementor-element-4f00917 e-con-full e-flex e-con e-child\" data-id=\"4f00917\" data-element_type=\"container\" data-e-type=\"container\">\n\t\t\t\t<div class=\"elementor-element elementor-element-de219a1 elementor-widget elementor-widget-button\" data-id=\"de219a1\" data-element_type=\"widget\" data-e-type=\"widget\" data-widget_type=\"button.default\">\n\t\t\t\t<div class=\"elementor-widget-container\">\n\t\t\t\t\t\t\t\t\t<div class=\"elementor-button-wrapper\">\n\t\t\t\t\t<a class=\"elementor-button elementor-button-link elementor-size-sm\" href=\"https:\/\/processintegration.dk\/es\/sectores\/aqua-feed\/\">\n\t\t\t\t\t\t<span class=\"elementor-button-content-wrapper\">\n\t\t\t\t\t\t\t\t\t<span class=\"elementor-button-text\">Aqua Feed<\/span>\n\t\t\t\t\t<\/span>\n\t\t\t\t\t<\/a>\n\t\t\t\t<\/div>\n\t\t\t\t\t\t\t\t<\/div>\n\t\t\t\t<\/div>\n\t\t\t\t<div class=\"elementor-element elementor-element-d301f48 elementor-widget elementor-widget-button\" data-id=\"d301f48\" data-element_type=\"widget\" data-e-type=\"widget\" data-widget_type=\"button.default\">\n\t\t\t\t<div class=\"elementor-widget-container\">\n\t\t\t\t\t\t\t\t\t<div class=\"elementor-button-wrapper\">\n\t\t\t\t\t<a class=\"elementor-button elementor-button-link elementor-size-sm\" href=\"https:\/\/processintegration.dk\/es\/sectores\/comida-para-mascotas\/\">\n\t\t\t\t\t\t<span class=\"elementor-button-content-wrapper\">\n\t\t\t\t\t\t\t\t\t<span class=\"elementor-button-text\">Alimentos para Mascotas<\/span>\n\t\t\t\t\t<\/span>\n\t\t\t\t\t<\/a>\n\t\t\t\t<\/div>\n\t\t\t\t\t\t\t\t<\/div>\n\t\t\t\t<\/div>\n\t\t\t\t<div class=\"elementor-element elementor-element-a5a19d5 elementor-widget elementor-widget-button\" data-id=\"a5a19d5\" data-element_type=\"widget\" data-e-type=\"widget\" data-widget_type=\"button.default\">\n\t\t\t\t<div class=\"elementor-widget-container\">\n\t\t\t\t\t\t\t\t\t<div class=\"elementor-button-wrapper\">\n\t\t\t\t\t<a class=\"elementor-button elementor-button-link elementor-size-sm\" href=\"https:\/\/processintegration.dk\/es\/sectores\/proteinas-sostenibles\/\">\n\t\t\t\t\t\t<span class=\"elementor-button-content-wrapper\">\n\t\t\t\t\t\t\t\t\t<span class=\"elementor-button-text\">Prote\u00ednas Sostenibles<\/span>\n\t\t\t\t\t<\/span>\n\t\t\t\t\t<\/a>\n\t\t\t\t<\/div>\n\t\t\t\t\t\t\t\t<\/div>\n\t\t\t\t<\/div>\n\t\t\t\t<div class=\"elementor-element elementor-element-6604882 elementor-widget elementor-widget-button\" data-id=\"6604882\" data-element_type=\"widget\" data-e-type=\"widget\" data-widget_type=\"button.default\">\n\t\t\t\t<div class=\"elementor-widget-container\">\n\t\t\t\t\t\t\t\t\t<div class=\"elementor-button-wrapper\">\n\t\t\t\t\t<a class=\"elementor-button elementor-button-link elementor-size-sm\" href=\"https:\/\/processintegration.dk\/es\/sectores\/alimentos-y-bebidas-liquidos\/\">\n\t\t\t\t\t\t<span class=\"elementor-button-content-wrapper\">\n\t\t\t\t\t\t\t\t\t<span class=\"elementor-button-text\">Alimentos y bebidas l\u00edquidos<\/span>\n\t\t\t\t\t<\/span>\n\t\t\t\t\t<\/a>\n\t\t\t\t<\/div>\n\t\t\t\t\t\t\t\t<\/div>\n\t\t\t\t<\/div>\n\t\t\t\t<\/div>\n\t\t\t\t\t<\/div>\n\t\t\t\t<\/div>\n\t\t\t\t<\/div>\n\t\t","protected":false},"excerpt":{"rendered":"<p>Home Informe anual 2024 Nuestros valores de integraci\u00f3n, innovaci\u00f3n e integridad elevaron un emocionante 2023 Echando la vista atr\u00e1s a 2023, fuimos testigos de un desarrollo significativo en todos los par\u00e1metros: organizaci\u00f3n, grupo, clientes e industrias. Fue un a\u00f1o emocionante en el que, como siempre, nos centramos en garantizar que ofrecemos soluciones hol\u00edsticas y a [&hellip;]<\/p>\n","protected":false},"author":1,"featured_media":0,"parent":1151,"menu_order":0,"comment_status":"closed","ping_status":"closed","template":"","meta":{"_acf_changed":false,"footnotes":""},"class_list":["post-1118","page","type-page","status-publish","hentry"],"acf":[],"_links":{"self":[{"href":"https:\/\/processintegration.dk\/es\/wp-json\/wp\/v2\/pages\/1118","targetHints":{"allow":["GET"]}}],"collection":[{"href":"https:\/\/processintegration.dk\/es\/wp-json\/wp\/v2\/pages"}],"about":[{"href":"https:\/\/processintegration.dk\/es\/wp-json\/wp\/v2\/types\/page"}],"author":[{"embeddable":true,"href":"https:\/\/processintegration.dk\/es\/wp-json\/wp\/v2\/users\/1"}],"replies":[{"embeddable":true,"href":"https:\/\/processintegration.dk\/es\/wp-json\/wp\/v2\/comments?post=1118"}],"version-history":[{"count":4,"href":"https:\/\/processintegration.dk\/es\/wp-json\/wp\/v2\/pages\/1118\/revisions"}],"predecessor-version":[{"id":2251,"href":"https:\/\/processintegration.dk\/es\/wp-json\/wp\/v2\/pages\/1118\/revisions\/2251"}],"up":[{"embeddable":true,"href":"https:\/\/processintegration.dk\/es\/wp-json\/wp\/v2\/pages\/1151"}],"wp:attachment":[{"href":"https:\/\/processintegration.dk\/es\/wp-json\/wp\/v2\/media?parent=1118"}],"curies":[{"name":"wp","href":"https:\/\/api.w.org\/{rel}","templated":true}]}}