{"id":1100,"date":"2025-07-24T14:25:34","date_gmt":"2025-07-24T12:25:34","guid":{"rendered":"https:\/\/pi.host9.slyde.dk\/blog\/"},"modified":"2026-02-05T15:03:25","modified_gmt":"2026-02-05T14:03:25","slug":"blog","status":"publish","type":"page","link":"https:\/\/processintegration.dk\/es\/blog\/","title":{"rendered":"Blog"},"content":{"rendered":"\t\t<div data-elementor-type=\"wp-page\" data-elementor-id=\"1100\" class=\"elementor elementor-1100 elementor-1018\" data-elementor-post-type=\"page\">\n\t\t\t\t<div class=\"elementor-element elementor-element-57c1c89 e-flex e-con-boxed e-con e-parent\" data-id=\"57c1c89\" data-element_type=\"container\" data-e-type=\"container\" data-settings=\"{&quot;background_background&quot;:&quot;classic&quot;}\">\n\t\t\t\t\t<div class=\"e-con-inner\">\n\t\t<div class=\"elementor-element elementor-element-7a1239f e-con-full e-flex e-con e-child\" data-id=\"7a1239f\" data-element_type=\"container\" data-e-type=\"container\">\n\t\t\t\t<div class=\"elementor-element elementor-element-086e4e4 elementor-widget elementor-widget-heading\" data-id=\"086e4e4\" data-element_type=\"widget\" data-e-type=\"widget\" data-widget_type=\"heading.default\">\n\t\t\t\t<div class=\"elementor-widget-container\">\n\t\t\t\t\t<h2 class=\"elementor-heading-title elementor-size-default\">M\u00e1s informaci\u00f3n sobre nosotros<\/h2>\t\t\t\t<\/div>\n\t\t\t\t<\/div>\n\t\t\t\t<div class=\"elementor-element elementor-element-ca58637 elementor-widget elementor-widget-text-editor\" data-id=\"ca58637\" data-element_type=\"widget\" data-e-type=\"widget\" data-widget_type=\"text-editor.default\">\n\t\t\t\t<div class=\"elementor-widget-container\">\n\t\t\t\t\t\t\t\t\t<p>En nuestro blog, la inspiraci\u00f3n se une a la experiencia. Sum\u00e9rjase en una gran cantidad de contenido atractivo y estimulante centrado en la innovaci\u00f3n, la eficiencia y la sostenibilidad dentro de las industrias de alimentos acu\u00edcolas, alimentos para mascotas, alimentos l\u00edquidos y bebidas. <\/p>\t\t\t\t\t\t\t\t<\/div>\n\t\t\t\t<\/div>\n\t\t\t\t<div class=\"elementor-element elementor-element-7146622 elementor-widget elementor-widget-taxonomy-filter\" data-id=\"7146622\" data-element_type=\"widget\" data-e-type=\"widget\" data-settings=\"{&quot;selected_element&quot;:&quot;0f50b0f&quot;,&quot;taxonomy&quot;:&quot;category&quot;,&quot;item_alignment_horizontal&quot;:&quot;center&quot;,&quot;horizontal_scroll_mobile&quot;:&quot;enable&quot;,&quot;multiple_selection&quot;:&quot;no&quot;,&quot;horizontal_scroll&quot;:&quot;disable&quot;}\" data-widget_type=\"taxonomy-filter.default\">\n\t\t\t\t<div class=\"elementor-widget-container\">\n\t\t\t\t\t\t\t<search class=\"e-filter\" role=\"search\" data-base-url=\"https:\/\/processintegration.dk\/es\/\" data-page-num=\"1\">\n\t\t\t\t\t\t\t<button class=\"e-filter-item\" data-filter=\"alimentos-y-bebidas\" aria-pressed=\"false\">Alimentos y bebidas<\/button>\n\t\t\t\t\t\t\t<button class=\"e-filter-item\" data-filter=\"aqua-feed-es\" aria-pressed=\"false\">Aqua Feed<\/button>\n\t\t\t\t\t\t\t<button class=\"e-filter-item\" data-filter=\"piezas-de-repuesto\" aria-pressed=\"false\">Piezas de repuesto<\/button>\n\t\t\t\n\t\t\t\t\t\t\t\t\t<button class=\"e-filter-item\" data-filter=\"__all\" aria-pressed=\"true\">\n\t\t\t\tTODAS LAS ENTRADAS\t\t\t<\/button>\n\t\t\t\t\t<\/search>\n\t\t\t\t\t\t<\/div>\n\t\t\t\t<\/div>\n\t\t<div class=\"elementor-element elementor-element-bf1440f e-con-full e-flex e-con e-child\" data-id=\"bf1440f\" data-element_type=\"container\" data-e-type=\"container\">\n\t\t\t\t<div class=\"elementor-element elementor-element-0f50b0f elementor-grid-3 elementor-grid-tablet-2 elementor-grid-mobile-1 elementor-widget elementor-widget-loop-grid\" data-id=\"0f50b0f\" data-element_type=\"widget\" data-e-type=\"widget\" data-settings=\"{&quot;template_id&quot;:1285,&quot;columns&quot;:3,&quot;columns_tablet&quot;:2,&quot;_skin&quot;:&quot;post&quot;,&quot;columns_mobile&quot;:&quot;1&quot;,&quot;edit_handle_selector&quot;:&quot;[data-elementor-type=\\&quot;loop-item\\&quot;]&quot;,&quot;row_gap&quot;:{&quot;unit&quot;:&quot;px&quot;,&quot;size&quot;:&quot;&quot;,&quot;sizes&quot;:[]},&quot;row_gap_tablet&quot;:{&quot;unit&quot;:&quot;px&quot;,&quot;size&quot;:&quot;&quot;,&quot;sizes&quot;:[]},&quot;row_gap_mobile&quot;:{&quot;unit&quot;:&quot;px&quot;,&quot;size&quot;:&quot;&quot;,&quot;sizes&quot;:[]}}\" data-widget_type=\"loop-grid.post\">\n\t\t\t\t<div class=\"elementor-widget-container\">\n\t\t\t\t\t\t\t<div class=\"elementor-loop-container elementor-grid\" role=\"list\">\n\t\t<style id=\"loop-dynamic-1285\">.e-loop-item-2530 .elementor-element.elementor-element-6d65c12:not(.elementor-motion-effects-element-type-background), .e-loop-item-2530 .elementor-element.elementor-element-6d65c12 > .elementor-motion-effects-container > .elementor-motion-effects-layer{background-image:url(\"https:\/\/processintegration.dk\/wp-content\/uploads\/2026\/02\/Aqua_Sur_v2-Blog.jpg\");}<\/style><style id=\"loop-1285\">.elementor-1285 .elementor-element.elementor-element-3b26659{--display:flex;--min-height:46vh;--flex-direction:column;--container-widget-width:100%;--container-widget-height:initial;--container-widget-flex-grow:0;--container-widget-align-self:initial;--flex-wrap-mobile:wrap;--border-radius:30px 30px 30px 30px;--margin-top:0px;--margin-bottom:0px;--margin-left:0px;--margin-right:0px;--padding-top:0%;--padding-bottom:05%;--padding-left:0%;--padding-right:0%;}.elementor-1285 .elementor-element.elementor-element-3b26659:not(.elementor-motion-effects-element-type-background), .elementor-1285 .elementor-element.elementor-element-3b26659 > .elementor-motion-effects-container > .elementor-motion-effects-layer{background-color:var( --e-global-color-38ca78e );}.elementor-1285 .elementor-element.elementor-element-6d65c12{--display:flex;--min-height:20vh;--border-radius:30px 30px 0px 0px;--padding-top:25px;--padding-bottom:25px;--padding-left:25px;--padding-right:25px;}.elementor-1285 .elementor-element.elementor-element-6d65c12:not(.elementor-motion-effects-element-type-background), .elementor-1285 .elementor-element.elementor-element-6d65c12 > .elementor-motion-effects-container > .elementor-motion-effects-layer{background-position:center center;background-repeat:no-repeat;background-size:cover;}.elementor-1285 .elementor-element.elementor-element-e2623ff{text-align:center;width:initial;max-width:initial;}.elementor-1285 .elementor-element.elementor-element-e2623ff .elementor-heading-title{font-size:0.8rem;font-weight:400;color:var( --e-global-color-38ca78e );}.elementor-1285 .elementor-element.elementor-element-e2623ff > .elementor-widget-container{margin:0px 0px 0px 0px;padding:8px 16px 8px 16px;background-color:var( --e-global-color-bd1517e );border-style:none;border-radius:30px 30px 30px 30px;}.elementor-1285 .elementor-element.elementor-element-e2623ff.elementor-element{--align-self:flex-end;}.elementor-1285 .elementor-element.elementor-element-e33e3a5{--display:flex;--margin-top:0px;--margin-bottom:0px;--margin-left:0px;--margin-right:0px;--padding-top:0%;--padding-bottom:5%;--padding-left:5%;--padding-right:5%;}.elementor-1285 .elementor-element.elementor-element-e33e3a5:not(.elementor-motion-effects-element-type-background), .elementor-1285 .elementor-element.elementor-element-e33e3a5 > .elementor-motion-effects-container > .elementor-motion-effects-layer{background-color:var( --e-global-color-38ca78e );}.elementor-1285 .elementor-element.elementor-element-263ddad .elementor-icon-list-icon{width:14px;}.elementor-1285 .elementor-element.elementor-element-263ddad .elementor-icon-list-icon i{font-size:14px;}.elementor-1285 .elementor-element.elementor-element-263ddad .elementor-icon-list-icon svg{--e-icon-list-icon-size:14px;}.elementor-1285 .elementor-element.elementor-element-8be3e68 .elementor-heading-title{font-family:\"Lato\", Sans-serif;font-size:2rem;font-weight:300;}.elementor-1285 .elementor-element.elementor-element-56ba057 .elementor-button-content-wrapper{flex-direction:row-reverse;}.elementor-1285 .elementor-element.elementor-element-56ba057 .elementor-button{fill:var( --e-global-color-primary );color:var( --e-global-color-primary );background-color:var( --e-global-color-38ca78e );}@media(max-width:767px){.elementor-1285 .elementor-element.elementor-element-6d65c12{--min-height:25vh;}.elementor-1285 .elementor-element.elementor-element-6d65c12:not(.elementor-motion-effects-element-type-background), .elementor-1285 .elementor-element.elementor-element-6d65c12 > .elementor-motion-effects-container > .elementor-motion-effects-layer{background-size:cover;}}<\/style>\t\t<div data-elementor-type=\"loop-item\" data-elementor-id=\"1285\" class=\"elementor elementor-1285 elementor-983 elementor-983 e-loop-item e-loop-item-2530 post-2530 post type-post status-publish format-standard has-post-thumbnail hentry category-aqua-feed-es\" data-elementor-post-type=\"elementor_library\" data-custom-edit-handle=\"1\">\n\t\t\t<div class=\"elementor-element elementor-element-3b26659 e-flex e-con-boxed e-con e-parent\" data-id=\"3b26659\" data-element_type=\"container\" data-e-type=\"container\" data-settings=\"{&quot;background_background&quot;:&quot;classic&quot;}\">\n\t\t\t\t\t<div class=\"e-con-inner\">\n\t\t<div data-dce-background-image-url=\"https:\/\/processintegration.dk\/wp-content\/uploads\/2026\/02\/Aqua_Sur_v2-Blog.jpg\" class=\"elementor-element elementor-element-6d65c12 e-con-full e-flex e-con e-child\" data-id=\"6d65c12\" data-element_type=\"container\" data-e-type=\"container\" data-settings=\"{&quot;background_background&quot;:&quot;classic&quot;}\">\n\t\t\t\t<div data-dce-title-color=\"#FFFFFF\" class=\"elementor-element elementor-element-e2623ff elementor-widget__width-initial elementor-widget elementor-widget-heading\" data-id=\"e2623ff\" data-element_type=\"widget\" data-e-type=\"widget\" data-widget_type=\"heading.default\">\n\t\t\t\t<div class=\"elementor-widget-container\">\n\t\t\t\t\t<h2 class=\"elementor-heading-title elementor-size-default\"><a href=\"https:\/\/processintegration.dk\/es\/category\/aqua-feed-es\/\" rel=\"tag\">Aqua Feed<\/a><\/h2>\t\t\t\t<\/div>\n\t\t\t\t<\/div>\n\t\t\t\t<\/div>\n\t\t<div class=\"elementor-element elementor-element-e33e3a5 e-con-full e-flex e-con e-child\" data-id=\"e33e3a5\" data-element_type=\"container\" data-e-type=\"container\" data-settings=\"{&quot;background_background&quot;:&quot;classic&quot;}\">\n\t\t\t\t<div class=\"elementor-element elementor-element-263ddad elementor-widget elementor-widget-post-info\" data-id=\"263ddad\" data-element_type=\"widget\" data-e-type=\"widget\" data-widget_type=\"post-info.default\">\n\t\t\t\t<div class=\"elementor-widget-container\">\n\t\t\t\t\t\t\t<ul class=\"elementor-inline-items elementor-icon-list-items elementor-post-info\">\n\t\t\t\t\t\t\t\t<li class=\"elementor-icon-list-item elementor-repeater-item-d89a3e2 elementor-inline-item\" itemprop=\"datePublished\">\n\t\t\t\t\t\t\t\t\t\t\t\t\t<span class=\"elementor-icon-list-text elementor-post-info__item elementor-post-info__item--type-date\">\n\t\t\t\t\t\t\t\t\t\t<time>02\/05\/2026<\/time>\t\t\t\t\t<\/span>\n\t\t\t\t\t\t\t\t<\/li>\n\t\t\t\t<\/ul>\n\t\t\t\t\t\t<\/div>\n\t\t\t\t<\/div>\n\t\t\t\t<div class=\"elementor-element elementor-element-8be3e68 elementor-widget elementor-widget-heading\" data-id=\"8be3e68\" data-element_type=\"widget\" data-e-type=\"widget\" data-widget_type=\"heading.default\">\n\t\t\t\t<div class=\"elementor-widget-container\">\n\t\t\t\t\t<h2 class=\"elementor-heading-title elementor-size-default\">AquaSur 2026<\/h2>\t\t\t\t<\/div>\n\t\t\t\t<\/div>\n\t\t\t\t<div class=\"elementor-element elementor-element-24c073a elementor-widget elementor-widget-text-editor\" data-id=\"24c073a\" data-element_type=\"widget\" data-e-type=\"widget\" data-widget_type=\"text-editor.default\">\n\t\t\t\t<div class=\"elementor-widget-container\">\n\t\t\t\t\t\t\t\t\t<p>Integraci\u00f3n de Procesos en AquaSur 2026 &#8211; Pabell\u00f3n de Dinamarca24-26 de marzo de 2026 |&#8230;\t\t\t\t\t\t\t\t<\/div>\n\t\t\t\t<\/div>\n\t\t\t\t<div class=\"elementor-element elementor-element-56ba057 elementor-align-right elementor-widget elementor-widget-button\" data-id=\"56ba057\" data-element_type=\"widget\" data-e-type=\"widget\" data-widget_type=\"button.default\">\n\t\t\t\t<div class=\"elementor-widget-container\">\n\t\t\t\t\t\t\t\t\t<div class=\"elementor-button-wrapper\">\n\t\t\t\t\t<a class=\"elementor-button elementor-button-link elementor-size-sm\" href=\"https:\/\/processintegration.dk\/es\/aquasur-2026\/\">\n\t\t\t\t\t\t<span class=\"elementor-button-content-wrapper\">\n\t\t\t\t\t\t<span class=\"elementor-button-icon\">\n\t\t\t\t<svg aria-hidden=\"true\" class=\"e-font-icon-svg e-fas-arrow-right\" viewBox=\"0 0 448 512\" xmlns=\"http:\/\/www.w3.org\/2000\/svg\"><path d=\"M190.5 66.9l22.2-22.2c9.4-9.4 24.6-9.4 33.9 0L441 239c9.4 9.4 9.4 24.6 0 33.9L246.6 467.3c-9.4 9.4-24.6 9.4-33.9 0l-22.2-22.2c-9.5-9.5-9.3-25 .4-34.3L311.4 296H24c-13.3 0-24-10.7-24-24v-32c0-13.3 10.7-24 24-24h287.4L190.9 101.2c-9.8-9.3-10-24.8-.4-34.3z\"><\/path><\/svg>\t\t\t<\/span>\n\t\t\t\t\t\t\t\t\t<span class=\"elementor-button-text\">Lea m\u00e1s<\/span>\n\t\t\t\t\t<\/span>\n\t\t\t\t\t<\/a>\n\t\t\t\t<\/div>\n\t\t\t\t\t\t\t\t<\/div>\n\t\t\t\t<\/div>\n\t\t\t\t<\/div>\n\t\t\t\t\t<\/div>\n\t\t\t\t<\/div>\n\t\t\t\t<\/div>\n\t\t<style id=\"loop-dynamic-1285\">.e-loop-item-1125 .elementor-element.elementor-element-6d65c12:not(.elementor-motion-effects-element-type-background), .e-loop-item-1125 .elementor-element.elementor-element-6d65c12 > .elementor-motion-effects-container > .elementor-motion-effects-layer{background-image:url(\"https:\/\/processintegration.dk\/wp-content\/uploads\/2025\/07\/Spareparts_maintenence_2000x623.jpg\");}<\/style>\t\t<div data-elementor-type=\"loop-item\" data-elementor-id=\"1285\" class=\"elementor elementor-1285 elementor-983 elementor-983 e-loop-item e-loop-item-1125 post-1125 post type-post status-publish format-standard has-post-thumbnail hentry category-piezas-de-repuesto\" data-elementor-post-type=\"elementor_library\" data-custom-edit-handle=\"1\">\n\t\t\t<div class=\"elementor-element elementor-element-3b26659 e-flex e-con-boxed e-con e-parent\" data-id=\"3b26659\" data-element_type=\"container\" data-e-type=\"container\" data-settings=\"{&quot;background_background&quot;:&quot;classic&quot;}\">\n\t\t\t\t\t<div class=\"e-con-inner\">\n\t\t<div data-dce-background-image-url=\"https:\/\/processintegration.dk\/wp-content\/uploads\/2025\/07\/Spareparts_maintenence_2000x623.jpg\" class=\"elementor-element elementor-element-6d65c12 e-con-full e-flex e-con e-child\" data-id=\"6d65c12\" data-element_type=\"container\" data-e-type=\"container\" data-settings=\"{&quot;background_background&quot;:&quot;classic&quot;}\">\n\t\t\t\t<div data-dce-title-color=\"#FFFFFF\" class=\"elementor-element elementor-element-e2623ff elementor-widget__width-initial elementor-widget elementor-widget-heading\" data-id=\"e2623ff\" data-element_type=\"widget\" data-e-type=\"widget\" data-widget_type=\"heading.default\">\n\t\t\t\t<div class=\"elementor-widget-container\">\n\t\t\t\t\t<h2 class=\"elementor-heading-title elementor-size-default\"><a href=\"https:\/\/processintegration.dk\/es\/category\/piezas-de-repuesto\/\" rel=\"tag\">Piezas de repuesto<\/a><\/h2>\t\t\t\t<\/div>\n\t\t\t\t<\/div>\n\t\t\t\t<\/div>\n\t\t<div class=\"elementor-element elementor-element-e33e3a5 e-con-full e-flex e-con e-child\" data-id=\"e33e3a5\" data-element_type=\"container\" data-e-type=\"container\" data-settings=\"{&quot;background_background&quot;:&quot;classic&quot;}\">\n\t\t\t\t<div class=\"elementor-element elementor-element-263ddad elementor-widget elementor-widget-post-info\" data-id=\"263ddad\" data-element_type=\"widget\" data-e-type=\"widget\" data-widget_type=\"post-info.default\">\n\t\t\t\t<div class=\"elementor-widget-container\">\n\t\t\t\t\t\t\t<ul class=\"elementor-inline-items elementor-icon-list-items elementor-post-info\">\n\t\t\t\t\t\t\t\t<li class=\"elementor-icon-list-item elementor-repeater-item-d89a3e2 elementor-inline-item\" itemprop=\"datePublished\">\n\t\t\t\t\t\t\t\t\t\t\t\t\t<span class=\"elementor-icon-list-text elementor-post-info__item elementor-post-info__item--type-date\">\n\t\t\t\t\t\t\t\t\t\t<time>08\/27\/2025<\/time>\t\t\t\t\t<\/span>\n\t\t\t\t\t\t\t\t<\/li>\n\t\t\t\t<\/ul>\n\t\t\t\t\t\t<\/div>\n\t\t\t\t<\/div>\n\t\t\t\t<div class=\"elementor-element elementor-element-8be3e68 elementor-widget elementor-widget-heading\" data-id=\"8be3e68\" data-element_type=\"widget\" data-e-type=\"widget\" data-widget_type=\"heading.default\">\n\t\t\t\t<div class=\"elementor-widget-container\">\n\t\t\t\t\t<h2 class=\"elementor-heading-title elementor-size-default\">Inspecciones de servicio anuales<\/h2>\t\t\t\t<\/div>\n\t\t\t\t<\/div>\n\t\t\t\t<div class=\"elementor-element elementor-element-24c073a elementor-widget elementor-widget-text-editor\" data-id=\"24c073a\" data-element_type=\"widget\" data-e-type=\"widget\" data-widget_type=\"text-editor.default\">\n\t\t\t\t<div class=\"elementor-widget-container\">\n\t\t\t\t\t\t\t\t\t<p>Garantizar el rendimiento sin interrumpir la producci\u00f3n El tiempo de inactividad no planificado es uno&#8230;\t\t\t\t\t\t\t\t<\/div>\n\t\t\t\t<\/div>\n\t\t\t\t<div class=\"elementor-element elementor-element-56ba057 elementor-align-right elementor-widget elementor-widget-button\" data-id=\"56ba057\" data-element_type=\"widget\" data-e-type=\"widget\" data-widget_type=\"button.default\">\n\t\t\t\t<div class=\"elementor-widget-container\">\n\t\t\t\t\t\t\t\t\t<div class=\"elementor-button-wrapper\">\n\t\t\t\t\t<a class=\"elementor-button elementor-button-link elementor-size-sm\" href=\"https:\/\/processintegration.dk\/es\/piezas-de-repuesto\/\">\n\t\t\t\t\t\t<span class=\"elementor-button-content-wrapper\">\n\t\t\t\t\t\t<span class=\"elementor-button-icon\">\n\t\t\t\t<svg aria-hidden=\"true\" class=\"e-font-icon-svg e-fas-arrow-right\" viewBox=\"0 0 448 512\" xmlns=\"http:\/\/www.w3.org\/2000\/svg\"><path d=\"M190.5 66.9l22.2-22.2c9.4-9.4 24.6-9.4 33.9 0L441 239c9.4 9.4 9.4 24.6 0 33.9L246.6 467.3c-9.4 9.4-24.6 9.4-33.9 0l-22.2-22.2c-9.5-9.5-9.3-25 .4-34.3L311.4 296H24c-13.3 0-24-10.7-24-24v-32c0-13.3 10.7-24 24-24h287.4L190.9 101.2c-9.8-9.3-10-24.8-.4-34.3z\"><\/path><\/svg>\t\t\t<\/span>\n\t\t\t\t\t\t\t\t\t<span class=\"elementor-button-text\">Lea m\u00e1s<\/span>\n\t\t\t\t\t<\/span>\n\t\t\t\t\t<\/a>\n\t\t\t\t<\/div>\n\t\t\t\t\t\t\t\t<\/div>\n\t\t\t\t<\/div>\n\t\t\t\t<\/div>\n\t\t\t\t\t<\/div>\n\t\t\t\t<\/div>\n\t\t\t\t<\/div>\n\t\t<style id=\"loop-dynamic-1285\">.e-loop-item-1126 .elementor-element.elementor-element-6d65c12:not(.elementor-motion-effects-element-type-background), .e-loop-item-1126 .elementor-element.elementor-element-6d65c12 > .elementor-motion-effects-container > .elementor-motion-effects-layer{background-image:url(\"https:\/\/processintegration.dk\/wp-content\/uploads\/2025\/07\/Feasibility_Food_blog_2000x623px.jpg\");}<\/style>\t\t<div data-elementor-type=\"loop-item\" data-elementor-id=\"1285\" class=\"elementor elementor-1285 elementor-983 elementor-983 e-loop-item e-loop-item-1126 post-1126 post type-post status-publish format-standard has-post-thumbnail hentry category-alimentos-y-bebidas\" data-elementor-post-type=\"elementor_library\" data-custom-edit-handle=\"1\">\n\t\t\t<div class=\"elementor-element elementor-element-3b26659 e-flex e-con-boxed e-con e-parent\" data-id=\"3b26659\" data-element_type=\"container\" data-e-type=\"container\" data-settings=\"{&quot;background_background&quot;:&quot;classic&quot;}\">\n\t\t\t\t\t<div class=\"e-con-inner\">\n\t\t<div data-dce-background-image-url=\"https:\/\/processintegration.dk\/wp-content\/uploads\/2025\/07\/Feasibility_Food_blog_2000x623px.jpg\" class=\"elementor-element elementor-element-6d65c12 e-con-full e-flex e-con e-child\" data-id=\"6d65c12\" data-element_type=\"container\" data-e-type=\"container\" data-settings=\"{&quot;background_background&quot;:&quot;classic&quot;}\">\n\t\t\t\t<div data-dce-title-color=\"#FFFFFF\" class=\"elementor-element elementor-element-e2623ff elementor-widget__width-initial elementor-widget elementor-widget-heading\" data-id=\"e2623ff\" data-element_type=\"widget\" data-e-type=\"widget\" data-widget_type=\"heading.default\">\n\t\t\t\t<div class=\"elementor-widget-container\">\n\t\t\t\t\t<h2 class=\"elementor-heading-title elementor-size-default\"><a href=\"https:\/\/processintegration.dk\/es\/category\/alimentos-y-bebidas\/\" rel=\"tag\">Alimentos y bebidas<\/a><\/h2>\t\t\t\t<\/div>\n\t\t\t\t<\/div>\n\t\t\t\t<\/div>\n\t\t<div class=\"elementor-element elementor-element-e33e3a5 e-con-full e-flex e-con e-child\" data-id=\"e33e3a5\" data-element_type=\"container\" data-e-type=\"container\" data-settings=\"{&quot;background_background&quot;:&quot;classic&quot;}\">\n\t\t\t\t<div class=\"elementor-element elementor-element-263ddad elementor-widget elementor-widget-post-info\" data-id=\"263ddad\" data-element_type=\"widget\" data-e-type=\"widget\" data-widget_type=\"post-info.default\">\n\t\t\t\t<div class=\"elementor-widget-container\">\n\t\t\t\t\t\t\t<ul class=\"elementor-inline-items elementor-icon-list-items elementor-post-info\">\n\t\t\t\t\t\t\t\t<li class=\"elementor-icon-list-item elementor-repeater-item-d89a3e2 elementor-inline-item\" itemprop=\"datePublished\">\n\t\t\t\t\t\t\t\t\t\t\t\t\t<span class=\"elementor-icon-list-text elementor-post-info__item elementor-post-info__item--type-date\">\n\t\t\t\t\t\t\t\t\t\t<time>08\/27\/2025<\/time>\t\t\t\t\t<\/span>\n\t\t\t\t\t\t\t\t<\/li>\n\t\t\t\t<\/ul>\n\t\t\t\t\t\t<\/div>\n\t\t\t\t<\/div>\n\t\t\t\t<div class=\"elementor-element elementor-element-8be3e68 elementor-widget elementor-widget-heading\" data-id=\"8be3e68\" data-element_type=\"widget\" data-e-type=\"widget\" data-widget_type=\"heading.default\">\n\t\t\t\t<div class=\"elementor-widget-container\">\n\t\t\t\t\t<h2 class=\"elementor-heading-title elementor-size-default\">Estudio de viabilidad<\/h2>\t\t\t\t<\/div>\n\t\t\t\t<\/div>\n\t\t\t\t<div class=\"elementor-element elementor-element-24c073a elementor-widget elementor-widget-text-editor\" data-id=\"24c073a\" data-element_type=\"widget\" data-e-type=\"widget\" data-widget_type=\"text-editor.default\">\n\t\t\t\t<div class=\"elementor-widget-container\">\n\t\t\t\t\t\t\t\t\t<p>El estudio de viabilidad crea claridad y confianza Invertir en una nueva planta de procesamiento&#8230;\t\t\t\t\t\t\t\t<\/div>\n\t\t\t\t<\/div>\n\t\t\t\t<div class=\"elementor-element elementor-element-56ba057 elementor-align-right elementor-widget elementor-widget-button\" data-id=\"56ba057\" data-element_type=\"widget\" data-e-type=\"widget\" data-widget_type=\"button.default\">\n\t\t\t\t<div class=\"elementor-widget-container\">\n\t\t\t\t\t\t\t\t\t<div class=\"elementor-button-wrapper\">\n\t\t\t\t\t<a class=\"elementor-button elementor-button-link elementor-size-sm\" href=\"https:\/\/processintegration.dk\/es\/seguridad-alimentaria\/\">\n\t\t\t\t\t\t<span class=\"elementor-button-content-wrapper\">\n\t\t\t\t\t\t<span class=\"elementor-button-icon\">\n\t\t\t\t<svg aria-hidden=\"true\" class=\"e-font-icon-svg e-fas-arrow-right\" viewBox=\"0 0 448 512\" xmlns=\"http:\/\/www.w3.org\/2000\/svg\"><path d=\"M190.5 66.9l22.2-22.2c9.4-9.4 24.6-9.4 33.9 0L441 239c9.4 9.4 9.4 24.6 0 33.9L246.6 467.3c-9.4 9.4-24.6 9.4-33.9 0l-22.2-22.2c-9.5-9.5-9.3-25 .4-34.3L311.4 296H24c-13.3 0-24-10.7-24-24v-32c0-13.3 10.7-24 24-24h287.4L190.9 101.2c-9.8-9.3-10-24.8-.4-34.3z\"><\/path><\/svg>\t\t\t<\/span>\n\t\t\t\t\t\t\t\t\t<span class=\"elementor-button-text\">Lea m\u00e1s<\/span>\n\t\t\t\t\t<\/span>\n\t\t\t\t\t<\/a>\n\t\t\t\t<\/div>\n\t\t\t\t\t\t\t\t<\/div>\n\t\t\t\t<\/div>\n\t\t\t\t<\/div>\n\t\t\t\t\t<\/div>\n\t\t\t\t<\/div>\n\t\t\t\t<\/div>\n\t\t\t\t<\/div>\n\t\t\n\t\t\t\t\t\t<\/div>\n\t\t\t\t<\/div>\n\t\t\t\t<\/div>\n\t\t\t\t<\/div>\n\t\t\t\t\t<\/div>\n\t\t\t\t<\/div>\n\t\t\t\t<\/div>\n\t\t","protected":false},"excerpt":{"rendered":"<p>M\u00e1s informaci\u00f3n sobre nosotros En nuestro blog, la inspiraci\u00f3n se une a la experiencia. Sum\u00e9rjase en una gran cantidad de contenido atractivo y estimulante centrado en la innovaci\u00f3n, la eficiencia y la sostenibilidad dentro de las industrias de alimentos acu\u00edcolas, alimentos para mascotas, alimentos l\u00edquidos y bebidas. Aqua Feed Food &amp; Beverages Spareparts TODAS LAS [&hellip;]<\/p>\n","protected":false},"author":1,"featured_media":0,"parent":0,"menu_order":0,"comment_status":"closed","ping_status":"closed","template":"","meta":{"_acf_changed":false,"footnotes":""},"class_list":["post-1100","page","type-page","status-publish","hentry"],"acf":[],"_links":{"self":[{"href":"https:\/\/processintegration.dk\/es\/wp-json\/wp\/v2\/pages\/1100","targetHints":{"allow":["GET"]}}],"collection":[{"href":"https:\/\/processintegration.dk\/es\/wp-json\/wp\/v2\/pages"}],"about":[{"href":"https:\/\/processintegration.dk\/es\/wp-json\/wp\/v2\/types\/page"}],"author":[{"embeddable":true,"href":"https:\/\/processintegration.dk\/es\/wp-json\/wp\/v2\/users\/1"}],"replies":[{"embeddable":true,"href":"https:\/\/processintegration.dk\/es\/wp-json\/wp\/v2\/comments?post=1100"}],"version-history":[{"count":5,"href":"https:\/\/processintegration.dk\/es\/wp-json\/wp\/v2\/pages\/1100\/revisions"}],"predecessor-version":[{"id":2543,"href":"https:\/\/processintegration.dk\/es\/wp-json\/wp\/v2\/pages\/1100\/revisions\/2543"}],"wp:attachment":[{"href":"https:\/\/processintegration.dk\/es\/wp-json\/wp\/v2\/media?parent=1100"}],"curies":[{"name":"wp","href":"https:\/\/api.w.org\/{rel}","templated":true}]}}